{"id":728900,"date":"2025-08-27T20:46:54","date_gmt":"2025-08-27T17:46:54","guid":{"rendered":"https:\/\/roveyayinevi.com.tr\/index.php\/urun\/gorunmeyen-kahraman-hava-eglenceli-bilim-3\/"},"modified":"2026-04-16T02:36:40","modified_gmt":"2026-04-15T23:36:40","slug":"gorunmeyen-kahraman-hava-eglenceli-bilim-3","status":"publish","type":"product","link":"https:\/\/roveyayinevi.com.tr\/index.php\/urun\/gorunmeyen-kahraman-hava-eglenceli-bilim-3\/","title":{"rendered":"G\u00f6r\u00fcnmeyen Kahraman Hava &#8211; E\u011flenceli Bilim 3"},"content":{"rendered":"<p>Merhaba gen\u00e7ler; Ben Gogul Amca\u2019n\u0131z! Yepyeni bir konuyla i\u015fte kar\u015f\u0131n\u0131zday\u0131m. Her ne kadar y\u00fckseklik ve u\u00e7ak fobim olsa da u\u00e7suz bucaks\u0131z mavi g\u00f6ky\u00fcz\u00fcn\u00fc sizler i\u00e7in ara\u015ft\u0131rd\u0131m. Me\u011ferse benim bile bilmedi\u011fim ne kadar \u00e7ok \u015fey varm\u0131\u015f. &#8211; Atmosfer ile inverter klima aras\u0131nda ne gibi benzerlik var? &#8211; Oksijensiz solunum yapmay\u0131 ba\u015farabilenler kimlerdir? &#8211; Gezegenlerin en gezgini ve en oyunbozan\u0131 hangisidir? -D\u00f6rt bu\u00e7uk milyar y\u0131ld\u0131r yanan G\u00fcne\u015f, ya bir g\u00fcn lambalar\u0131n\u0131 kapat\u0131rsa? &#8211; 1 g\u00fcn\u00fc 1 y\u0131l\u0131ndan uzun olan gezegen hangisidir? &#8211; Y\u00fczlerce ton a\u011f\u0131rl\u0131ktaki \u201cmetal kartal\u201d u\u00e7aklar\u0131n geri vitesi neden yok? En haval\u0131 kitap olan elinizdeki kitapta daha fazlas\u0131 var. G\u00f6r\u00fcnmeyen kahraman havayla ilgili e\u011flence ve bilgi dolu yolculu\u011fa haz\u0131rsan\u0131z hepinizi bekliyorum. Not: Serin ve havadar bir yerde okuyunuz..<\/p>\n","protected":false},"excerpt":{"rendered":"<p>Merhaba gen\u00e7ler; Ben Gogul Amca\u2019n\u0131z! Yepyeni bir konuyla i\u015fte kar\u015f\u0131n\u0131zday\u0131m. Her ne kadar y\u00fckseklik ve u\u00e7ak fobim olsa da u\u00e7suz bucaks\u0131z mavi g\u00f6ky\u00fcz\u00fcn\u00fc sizler i\u00e7in ara\u015ft\u0131rd\u0131m.<span class=\"excerpt-hellip\"> [\u2026]<\/span><\/p>\n","protected":false},"featured_media":0,"template":"","meta":{"_monsterinsights_skip_tracking":false,"_monsterinsights_sitenote_active":false,"_monsterinsights_sitenote_note":"","_monsterinsights_sitenote_category":0},"product_brand":[],"product_cat":[13829,12274],"product_tag":[],"class_list":{"0":"post-728900","1":"product","2":"type-product","3":"status-publish","5":"product_cat-bilimsel-kitaplar","6":"product_cat-cocuk-ve-genclik-kitaplari","7":"pa_cilt-ciltsiz","8":"pa_tur-kitap","9":"pa_yayinevi-genc-hayat","10":"pa_yazar-huseyin-toy","12":"first","13":"instock","14":"sale","15":"shipping-taxable","16":"purchasable","17":"product-type-simple"},"_links":{"self":[{"href":"https:\/\/roveyayinevi.com.tr\/index.php\/wp-json\/wp\/v2\/product\/728900","targetHints":{"allow":["GET"]}}],"collection":[{"href":"https:\/\/roveyayinevi.com.tr\/index.php\/wp-json\/wp\/v2\/product"}],"about":[{"href":"https:\/\/roveyayinevi.com.tr\/index.php\/wp-json\/wp\/v2\/types\/product"}],"wp:attachment":[{"href":"https:\/\/roveyayinevi.com.tr\/index.php\/wp-json\/wp\/v2\/media?parent=728900"}],"wp:term":[{"taxonomy":"product_brand","embeddable":true,"href":"https:\/\/roveyayinevi.com.tr\/index.php\/wp-json\/wp\/v2\/product_brand?post=728900"},{"taxonomy":"product_cat","embeddable":true,"href":"https:\/\/roveyayinevi.com.tr\/index.php\/wp-json\/wp\/v2\/product_cat?post=728900"},{"taxonomy":"product_tag","embeddable":true,"href":"https:\/\/roveyayinevi.com.tr\/index.php\/wp-json\/wp\/v2\/product_tag?post=728900"}],"curies":[{"name":"wp","href":"https:\/\/api.w.org\/{rel}","templated":true}]}}