{"id":728898,"date":"2025-08-27T20:46:52","date_gmt":"2025-08-27T17:46:52","guid":{"rendered":"https:\/\/roveyayinevi.com.tr\/index.php\/urun\/1984-9\/"},"modified":"2026-04-16T02:36:40","modified_gmt":"2026-04-15T23:36:40","slug":"1984-9","status":"publish","type":"product","link":"https:\/\/roveyayinevi.com.tr\/index.php\/urun\/1984-9\/","title":{"rendered":"1984"},"content":{"rendered":"<p>\u201cBilin\u00e7leninceye kadar asla isyan etmeyecekler ama isyan etmedik\u00e7e de bilin\u00e7lenemeyecekler.\u201d  \u201c\u00d6zg\u00fcrl\u00fck, iki kere ikinin d\u00f6rt etti\u011fini s\u00f6yleyebilmektir. Buna izin verilirse gerisi gelir.\u201d George Orwell\u2019\u0131n, Nazizm ve Stalinizm\u2019in benzer tehditleri \u00fczerine y\u0131llarca d\u00fc\u015f\u00fcnd\u00fckten sonra, 1949\u2019da totalitarizme kar\u015f\u0131 bir uyar\u0131 olarak yay\u0131mlad\u0131\u011f\u0131 ve 1984\u2019\u00fcn bir \u00f6ng\u00f6r\u00fcs\u00fc olan kitab\u0131, g\u00fcn\u00fcm\u00fczde dahi t\u00fcyler \u00fcrpertici y\u00f6n\u00fcyle insanlar\u0131 d\u00fc\u015f\u00fcnmeye sevk ediyor. Y\u00f6netimin dayatt\u0131\u011f\u0131ndan farkl\u0131 bir bi\u00e7imde d\u00fc\u015f\u00fcnme cesaretinin i\u015fkenceyle \u00f6d\u00fcllendirildi\u011fi; insanlar\u0131n g\u00fcn\u00fcn her an\u0131nda, her yerde izlendi\u011fi; ge\u00e7mi\u015fin, y\u00f6netimin \u00e7\u0131karlar\u0131 do\u011frultusunda yeniden yaz\u0131labildi\u011fi ve parti propagandalar\u0131n\u0131n d\u00fc\u015f\u00fcnce ve ifade \u00f6zg\u00fcrl\u00fc\u011f\u00fcn\u00fcn \u00f6n\u00fcne ge\u00e7ti\u011fi bir devlet tasviri, hesap veremeyen h\u00fck\u00fcmetlerin yapt\u0131\u011f\u0131 k\u00f6t\u00fcl\u00fcklerin ak\u0131lc\u0131 bir hat\u0131rlatmas\u0131d\u0131r. Kitapta s\u0131k\u00e7a rastlayaca\u011f\u0131m\u0131z B\u00fcy\u00fck Birader, \u00c7iftd\u00fc\u015f\u00fcn, D\u00fc\u015f\u00fcnce Polisi gibi kavramlar; modern, sosyal ve politik istismarlar\u0131n simgeleri olarak de\u011ferlendirilebilir. <\/p>\n","protected":false},"excerpt":{"rendered":"<p>\u201cBilin\u00e7leninceye kadar asla isyan etmeyecekler ama isyan etmedik\u00e7e de bilin\u00e7lenemeyecekler.\u201d \u201c\u00d6zg\u00fcrl\u00fck, iki kere ikinin d\u00f6rt etti\u011fini s\u00f6yleyebilmektir. Buna izin verilirse gerisi gelir.\u201d George Orwell\u2019\u0131n, Nazizm ve<span class=\"excerpt-hellip\"> [\u2026]<\/span><\/p>\n","protected":false},"featured_media":0,"template":"","meta":{"_monsterinsights_skip_tracking":false,"_monsterinsights_sitenote_active":false,"_monsterinsights_sitenote_note":"","_monsterinsights_sitenote_category":0},"product_brand":[],"product_cat":[12291,12711],"product_tag":[],"class_list":{"0":"post-728898","1":"product","2":"type-product","3":"status-publish","5":"product_cat-edebiyat","6":"product_cat-roman-oyku","7":"pa_cilt-ciltsiz","8":"pa_tur-kitap","9":"pa_yayinevi-hayat-yayinlari","10":"pa_yazar-george-orwell","12":"first","13":"instock","14":"sale","15":"shipping-taxable","16":"purchasable","17":"product-type-simple"},"_links":{"self":[{"href":"https:\/\/roveyayinevi.com.tr\/index.php\/wp-json\/wp\/v2\/product\/728898","targetHints":{"allow":["GET"]}}],"collection":[{"href":"https:\/\/roveyayinevi.com.tr\/index.php\/wp-json\/wp\/v2\/product"}],"about":[{"href":"https:\/\/roveyayinevi.com.tr\/index.php\/wp-json\/wp\/v2\/types\/product"}],"wp:attachment":[{"href":"https:\/\/roveyayinevi.com.tr\/index.php\/wp-json\/wp\/v2\/media?parent=728898"}],"wp:term":[{"taxonomy":"product_brand","embeddable":true,"href":"https:\/\/roveyayinevi.com.tr\/index.php\/wp-json\/wp\/v2\/product_brand?post=728898"},{"taxonomy":"product_cat","embeddable":true,"href":"https:\/\/roveyayinevi.com.tr\/index.php\/wp-json\/wp\/v2\/product_cat?post=728898"},{"taxonomy":"product_tag","embeddable":true,"href":"https:\/\/roveyayinevi.com.tr\/index.php\/wp-json\/wp\/v2\/product_tag?post=728898"}],"curies":[{"name":"wp","href":"https:\/\/api.w.org\/{rel}","templated":true}]}}