{"id":728896,"date":"2025-08-27T20:46:50","date_gmt":"2025-08-27T17:46:50","guid":{"rendered":"https:\/\/roveyayinevi.com.tr\/index.php\/urun\/cocuklar-icin-1920-dersleri\/"},"modified":"2026-04-16T02:36:40","modified_gmt":"2026-04-15T23:36:40","slug":"cocuklar-icin-1920-dersleri","status":"publish","type":"product","link":"https:\/\/roveyayinevi.com.tr\/index.php\/urun\/cocuklar-icin-1920-dersleri\/","title":{"rendered":"\u00c7ocuklar i\u00e7in 1920 Dersleri"},"content":{"rendered":"<p>Ulus olarak en b\u00fcy\u00fck eksi\u011fimizin bilgisizlik oldu\u011funu d\u00fc\u015f\u00fcn\u00fcyorum.Biz b\u00f6yle de\u011fildik ama giderek b\u00f6yle olduk.Bilgisizli\u011fimizin yan\u0131 s\u0131ra buna ili\u015fkin bir de yanl\u0131\u015f\u0131m\u0131z var: Bilgi edinmenin y\u00f6ntemini ezberlemek san\u0131yoruz.Oysa bilgi edinmek bir sevin\u00e7tir.\u00d6\u011frenmek mutluluktur.\u00d6\u011fretmenlerinin, anne babalar\u0131n\u0131n, b\u00fcy\u00fcklerinin \u00e7ocuklara \u00f6ncelikle kazand\u0131rmalar\u0131 gereken bilin\u00e7 budur:Ara\u015ft\u0131rarak, irdeleyerek, soru sorarak \u00f6\u011frenmenin, bilgi edinmenin, ak\u0131l y\u00fcr\u00fctmenin can s\u0131k\u0131c\u0131 zorunluluk ya da ezbercilik de\u011fil, bir mutluluk, bir sevin\u00e7 oldu\u011fu&#8230;Y\u00fcz\u00fcnc\u00fc y\u0131l\u0131nda 23 Nisan 1920 derslerini haz\u0131rlarken uygulamaya \u00e7al\u0131\u015ft\u0131\u011f\u0131m y\u00f6ntem bu oldu.Umar\u0131m ba\u015far\u0131l\u0131 olmu\u015fumdur.<\/p>\n","protected":false},"excerpt":{"rendered":"<p>Ulus olarak en b\u00fcy\u00fck eksi\u011fimizin bilgisizlik oldu\u011funu d\u00fc\u015f\u00fcn\u00fcyorum.Biz b\u00f6yle de\u011fildik ama giderek b\u00f6yle olduk.Bilgisizli\u011fimizin yan\u0131 s\u0131ra buna ili\u015fkin bir de yanl\u0131\u015f\u0131m\u0131z var: Bilgi edinmenin y\u00f6ntemini ezberlemek<span class=\"excerpt-hellip\"> [\u2026]<\/span><\/p>\n","protected":false},"featured_media":0,"template":"","meta":{"_monsterinsights_skip_tracking":false,"_monsterinsights_sitenote_active":false,"_monsterinsights_sitenote_note":"","_monsterinsights_sitenote_category":0},"product_brand":[],"product_cat":[12291,12509],"product_tag":[],"class_list":{"0":"post-728896","1":"product","2":"type-product","3":"status-publish","5":"product_cat-edebiyat","6":"product_cat-siir","7":"pa_cilt-ciltsiz","8":"pa_tur-kitap","9":"pa_yayinevi-cumhuriyet-kitaplari","10":"pa_yazar-ataol-behramoglu","12":"first","13":"instock","14":"sale","15":"shipping-taxable","16":"purchasable","17":"product-type-simple"},"_links":{"self":[{"href":"https:\/\/roveyayinevi.com.tr\/index.php\/wp-json\/wp\/v2\/product\/728896","targetHints":{"allow":["GET"]}}],"collection":[{"href":"https:\/\/roveyayinevi.com.tr\/index.php\/wp-json\/wp\/v2\/product"}],"about":[{"href":"https:\/\/roveyayinevi.com.tr\/index.php\/wp-json\/wp\/v2\/types\/product"}],"wp:attachment":[{"href":"https:\/\/roveyayinevi.com.tr\/index.php\/wp-json\/wp\/v2\/media?parent=728896"}],"wp:term":[{"taxonomy":"product_brand","embeddable":true,"href":"https:\/\/roveyayinevi.com.tr\/index.php\/wp-json\/wp\/v2\/product_brand?post=728896"},{"taxonomy":"product_cat","embeddable":true,"href":"https:\/\/roveyayinevi.com.tr\/index.php\/wp-json\/wp\/v2\/product_cat?post=728896"},{"taxonomy":"product_tag","embeddable":true,"href":"https:\/\/roveyayinevi.com.tr\/index.php\/wp-json\/wp\/v2\/product_tag?post=728896"}],"curies":[{"name":"wp","href":"https:\/\/api.w.org\/{rel}","templated":true}]}}