{"id":728894,"date":"2025-08-27T20:46:49","date_gmt":"2025-08-27T17:46:49","guid":{"rendered":"https:\/\/roveyayinevi.com.tr\/index.php\/urun\/liberal-dusunce-dergisi-sayi-100-guz-2020\/"},"modified":"2026-04-16T02:36:40","modified_gmt":"2026-04-15T23:36:40","slug":"liberal-dusunce-dergisi-sayi-100-guz-2020","status":"publish","type":"product","link":"https:\/\/roveyayinevi.com.tr\/index.php\/urun\/liberal-dusunce-dergisi-sayi-100-guz-2020\/","title":{"rendered":"Liberal D\u00fc\u015f\u00fcnce Dergisi Say\u0131 : 100 G\u00fcz 2020"},"content":{"rendered":"<p>Ge\u00e7 D\u00f6nem Osmanl\u0131 Modernle\u015fmesine Genel Bir Bak\u0131\u015f \/ An Overview of The Late Ottoman Modernisation &#8211; R\u00fcya Telli &amp; Ay\u015fenur Y\u0131lmazBir Alt-Alan ve Y\u00f6ntem Olarak Kar\u015f\u0131la\u015ft\u0131rmal\u0131 Siyaset \/ Comparative Politics as a Subfield and a Methodology of Political Science &#8211; Tuba EldemToplumsal B\u00fct\u00fcnle\u015fme Ba\u011flam\u0131nda Sosyal Sermaye ve \u00c7okk\u00fclt\u00fcrc\u00fcl\u00fck \/ Social Capital and Multiculturalism in the Context of Social Integration &#8211; Y\u0131lmaz CeylanAmerikan \u00c7okk\u00fclt\u00fcrl\u00fcl\u00fc\u011f\u00fcn\u00fc Yeniden D\u00fc\u015f\u00fcnmek: Hispanik\/Latinolar ve Amerikan Toplumu \u0130\u00e7erisindeki Rol\u00fc \/ Rethinking American Multiculturalism: Hispanic\/Latinos and Their Role in the American Society &#8211; Orhan \u00c7if\u00e7i12 Eyl\u00fcl 1980 ve 28 \u015eubat 1997 Askeri Darbe D\u00f6nemlerinde T\u00dcS\u0130AD-Devlet \u0130li\u015fkisi \/ TUSIAD-State Relations in the Periods of Military Coups of 12 September 1980 and 28 February 1997 &#8211; Ey\u00fcp Bayram \u015eekerli &amp; Ey\u00fcp Ak\u00e7etinAy\u0131ran Duvarlar, D\u00f6n\u00fc\u015fen Sand\u0131klar: Kapal\u0131 Konut Siteleri ve Se\u00e7im Sonu\u00e7lar\u0131na Etkileri \/ Dividing Walls, Changing Ballot Boxes: Closed Housing Sites and Their Effects on Election Results &#8211; Burak \u00d6zer &amp; Burcu Ta\u015fk\u0131nHayek on Product Innovation and Market Shaping: Opening the Black Box \/ Hayek\u2019te \u00dcr\u00fcn \u0130novasyonu ve Pazar \u015eekillenmesi: Kara Kutuyu A\u00e7mak &#8211; Burak ErkutLiberal D\u00fc\u015f\u00fcnce Dergisi 25 Ya\u015f\u0131nda 25. Y\u0131l\u0131n\u0131 Tamamlarken Liberal D\u00fc\u015f\u00fcnce Dergisi \/ Quarterly Liberal Thought at 25 Years &#8211; Atilla Yayla100. Say\u0131 M\u00fcnasebetiyle Liberal D\u00fc\u015f\u00fcnce Dergisi Hakk\u0131nda Bir De\u011ferlendirme \/ A Review on the Quarterly Liberal Thought on the Occasion of the 100th Issue &#8211; Tanel Demirel\u2018Apolitik Bir Politik\u2019: T\u00fcrkiye\u2019de Liberal Hareket \/ \u201cApolitical Politics\u201d Liberal Movement in Turkey &#8211; Beng\u00fcl G\u00fcng\u00f6rmez Akosman<\/p>\n","protected":false},"excerpt":{"rendered":"<p>Ge\u00e7 D\u00f6nem Osmanl\u0131 Modernle\u015fmesine Genel Bir Bak\u0131\u015f \/ An Overview of The Late Ottoman Modernisation &#8211; R\u00fcya Telli &amp; Ay\u015fenur Y\u0131lmazBir Alt-Alan ve Y\u00f6ntem Olarak Kar\u015f\u0131la\u015ft\u0131rmal\u0131<span class=\"excerpt-hellip\"> [\u2026]<\/span><\/p>\n","protected":false},"featured_media":0,"template":"","meta":{"_monsterinsights_skip_tracking":false,"_monsterinsights_sitenote_active":false,"_monsterinsights_sitenote_note":"","_monsterinsights_sitenote_category":0},"product_brand":[],"product_cat":[13527],"product_tag":[],"class_list":{"0":"post-728894","1":"product","2":"type-product","3":"status-publish","5":"product_cat-sureli-yayinlar","6":"pa_cilt-ciltsiz","7":"pa_tur-dergi","8":"pa_yayinevi-liberte-yayinlari","9":"pa_yazar-liberte-yayinlari-kolektif","11":"first","12":"instock","13":"sale","14":"shipping-taxable","15":"purchasable","16":"product-type-simple"},"_links":{"self":[{"href":"https:\/\/roveyayinevi.com.tr\/index.php\/wp-json\/wp\/v2\/product\/728894","targetHints":{"allow":["GET"]}}],"collection":[{"href":"https:\/\/roveyayinevi.com.tr\/index.php\/wp-json\/wp\/v2\/product"}],"about":[{"href":"https:\/\/roveyayinevi.com.tr\/index.php\/wp-json\/wp\/v2\/types\/product"}],"wp:attachment":[{"href":"https:\/\/roveyayinevi.com.tr\/index.php\/wp-json\/wp\/v2\/media?parent=728894"}],"wp:term":[{"taxonomy":"product_brand","embeddable":true,"href":"https:\/\/roveyayinevi.com.tr\/index.php\/wp-json\/wp\/v2\/product_brand?post=728894"},{"taxonomy":"product_cat","embeddable":true,"href":"https:\/\/roveyayinevi.com.tr\/index.php\/wp-json\/wp\/v2\/product_cat?post=728894"},{"taxonomy":"product_tag","embeddable":true,"href":"https:\/\/roveyayinevi.com.tr\/index.php\/wp-json\/wp\/v2\/product_tag?post=728894"}],"curies":[{"name":"wp","href":"https:\/\/api.w.org\/{rel}","templated":true}]}}