{"id":728887,"date":"2025-08-27T20:46:42","date_gmt":"2025-08-27T17:46:42","guid":{"rendered":"https:\/\/roveyayinevi.com.tr\/index.php\/urun\/etik-ve-egitim\/"},"modified":"2026-04-16T02:36:40","modified_gmt":"2026-04-15T23:36:40","slug":"etik-ve-egitim","status":"publish","type":"product","link":"https:\/\/roveyayinevi.com.tr\/index.php\/urun\/etik-ve-egitim\/","title":{"rendered":"Etik ve E\u011fitim"},"content":{"rendered":"<p>Herkes neyin iyi, neyin k\u00f6t\u00fc ve dolay\u0131s\u0131yla neyin etik oldu\u011fu hakk\u0131nda bilgi sahibidir. Bu kitap, e\u011fitim alan\u0131nda etik konulara ilgi duyan okuyucular i\u00e7in e\u011fitim ve \u00f6\u011fretim s\u00fcre\u00e7lerinde kar\u015f\u0131la\u015f\u0131lan etik konularla ilgili bir fark\u0131ndal\u0131k olu\u015fturmak ve alandaki bilgi birikimine katk\u0131da bulunmak i\u00e7in yaz\u0131lm\u0131\u015ft\u0131r. Bunun yan\u0131nda, konusu e\u011fitim ve etikle kesi\u015fen y\u00fcksek\u00f6\u011fretim kurumlar\u0131ndaki dersler i\u00e7in sistematik bir i\u00e7erik sunmak ve etik a\u00e7\u0131dan tart\u0131\u015fmaya de\u011fer konularla ilgili bir alan a\u00e7mak ama\u00e7lanm\u0131\u015ft\u0131r. Kitap, on be\u015f b\u00f6l\u00fcmden olu\u015fmaktad\u0131r. Kitap, okuyucu taraf\u0131ndan b\u00fct\u00fcnl\u00fckl\u00fc kullan\u0131labilece\u011fi gibi, on ikinci b\u00f6l\u00fcmde yer alan \u00f6rnek olaylar ve etik ikilemler, e\u011fitim ve \u00f6\u011fretim s\u00fcre\u00e7lerindeki ger\u00e7ek ya\u015fam pratiklerinde etik karar vermeye rehberlik yapabilecek olay ve sorular\u0131n kullan\u0131lmas\u0131 ile de s\u0131n\u0131rl\u0131 olabilir. Bu b\u00f6l\u00fcmde sunulan alt\u0131 \u00f6rnek olay, e\u011fitimle ilgili etik ikilemler ve etik karar vermeyi kapsayan i\u00e7eri\u011fi ile okuyucuya e\u011fitim pratikleri ile ilgili muhakeme yapma f\u0131rsat\u0131 sunabilir. Bu muhakeme s\u00fcrecinde okuyucu, klasik ve \u00e7a\u011fda\u015f etik yakla\u015f\u0131mlar\u0131 \u00f6rnekler \u00fczerinden irdeleme f\u0131rsat\u0131 bulabilir. Kitaptan yararlanmada benzer se\u00e7icilik, son b\u00f6l\u00fcm olan etik e\u011fitiminde film analizleri i\u00e7in de s\u00f6z konusudur. Son olarak, on \u00fc\u00e7\u00fcnc\u00fc b\u00f6l\u00fcmde \u201cE\u011fitim ve \u00d6\u011fretimde Etik A\u00e7\u0131dan Tart\u0131\u015fmal\u0131 Baz\u0131 Konular\u201d ba\u015fl\u0131\u011f\u0131nda i\u015faret edilen konularla ilgili tart\u0131\u015fmalar doygunlu\u011fa ula\u015fmad\u0131\u011f\u0131ndan derinle\u015ftirilmeye muhta\u00e7t\u0131r. Dolay\u0131s\u0131yla ara\u015ft\u0131rmac\u0131lara ilham verebilir. Bu gerek\u00e7elerle, kitab\u0131n i\u00e7eri\u011finin farkl\u0131 ihtiya\u00e7lara cevap verebilecek \u015fekilde tasarland\u0131\u011f\u0131 d\u00fc\u015f\u00fcn\u00fclmektedir. <\/p>\n","protected":false},"excerpt":{"rendered":"<p>Herkes neyin iyi, neyin k\u00f6t\u00fc ve dolay\u0131s\u0131yla neyin etik oldu\u011fu hakk\u0131nda bilgi sahibidir. Bu kitap, e\u011fitim alan\u0131nda etik konulara ilgi duyan okuyucular i\u00e7in e\u011fitim ve \u00f6\u011fretim<span class=\"excerpt-hellip\"> [\u2026]<\/span><\/p>\n","protected":false},"featured_media":0,"template":"","meta":{"_monsterinsights_skip_tracking":false,"_monsterinsights_sitenote_active":false,"_monsterinsights_sitenote_note":"","_monsterinsights_sitenote_category":0},"product_brand":[],"product_cat":[12573,12566],"product_tag":[],"class_list":{"0":"post-728887","1":"product","2":"type-product","3":"status-publish","5":"product_cat-akademik-kitaplar","6":"product_cat-egitim","7":"pa_cilt-ciltsiz","8":"pa_tur-kitap","9":"pa_yayinevi-ani-yayincilik","10":"pa_yazar-nihan-demirkasimoglu","12":"first","13":"instock","14":"sale","15":"shipping-taxable","16":"purchasable","17":"product-type-simple"},"_links":{"self":[{"href":"https:\/\/roveyayinevi.com.tr\/index.php\/wp-json\/wp\/v2\/product\/728887","targetHints":{"allow":["GET"]}}],"collection":[{"href":"https:\/\/roveyayinevi.com.tr\/index.php\/wp-json\/wp\/v2\/product"}],"about":[{"href":"https:\/\/roveyayinevi.com.tr\/index.php\/wp-json\/wp\/v2\/types\/product"}],"wp:attachment":[{"href":"https:\/\/roveyayinevi.com.tr\/index.php\/wp-json\/wp\/v2\/media?parent=728887"}],"wp:term":[{"taxonomy":"product_brand","embeddable":true,"href":"https:\/\/roveyayinevi.com.tr\/index.php\/wp-json\/wp\/v2\/product_brand?post=728887"},{"taxonomy":"product_cat","embeddable":true,"href":"https:\/\/roveyayinevi.com.tr\/index.php\/wp-json\/wp\/v2\/product_cat?post=728887"},{"taxonomy":"product_tag","embeddable":true,"href":"https:\/\/roveyayinevi.com.tr\/index.php\/wp-json\/wp\/v2\/product_tag?post=728887"}],"curies":[{"name":"wp","href":"https:\/\/api.w.org\/{rel}","templated":true}]}}