{"id":728886,"date":"2025-08-27T20:46:42","date_gmt":"2025-08-27T17:46:42","guid":{"rendered":"https:\/\/roveyayinevi.com.tr\/index.php\/urun\/egitim-hukukunda-cocuk-haklari-ve-egitimi\/"},"modified":"2026-04-16T02:36:40","modified_gmt":"2026-04-15T23:36:40","slug":"egitim-hukukunda-cocuk-haklari-ve-egitimi","status":"publish","type":"product","link":"https:\/\/roveyayinevi.com.tr\/index.php\/urun\/egitim-hukukunda-cocuk-haklari-ve-egitimi\/","title":{"rendered":"E\u011fitim Hukukunda \u00c7ocuk Haklar\u0131 Ve E\u011fitimi"},"content":{"rendered":"<p>\u00c7ocuk haklar\u0131n\u0131n ve d\u00fcnya genelinde yayg\u0131nl\u0131k sergileyen bu haklara ili\u015fkin ihlallerin t\u00fcm zamanlar i\u00e7erisinde sergiledi\u011fi art\u0131\u015f profili, bizlere daha uzun s\u00fcre bu konu \u00fczerinde ciddi bi\u00e7imde durulmas\u0131 gerekti\u011fini g\u00f6stermektedir. Nitekim \u00e7ocuk haklar\u0131 konu alan\u0131n\u0131n, farkl\u0131 bir\u00e7ok disiplinle olan yak\u0131ndan ili\u015fkisi g\u00f6z \u00f6n\u00fcne al\u0131nd\u0131\u011f\u0131nda, bu konuya y\u00f6nelik \u00e7al\u0131\u015fmalar\u0131n ne derece uzun soluklu ve kapsaml\u0131 olmas\u0131 gerekti\u011fi daha net bir bi\u00e7imde anla\u015f\u0131lacakt\u0131r. Kitab\u0131n, \u00e7ocuk haklar\u0131 e\u011fitimi konusunda bir ders, etkinlik ve ara\u015ft\u0131rma rehberi olarak \u00e7e\u015fitli disiplin alanlar\u0131nda y\u00fcksek\u00f6\u011frenim g\u00f6rmekte olan \u00e7ok say\u0131da \u00f6\u011frenciye, \u00f6\u011fretim etkinliklerinden yararlanmak \u00fczere \u00f6\u011fretmenlere ve temel ders kayna\u011f\u0131 ve ara\u015ft\u0131rma s\u00fcre\u00e7lerinde referans noktas\u0131 olarak ilgili alanlarda \u00e7al\u0131\u015fmalar y\u00fcr\u00fcten akademisyenlere \u00f6nemli bir kaynak deste\u011fi sunaca\u011f\u0131 inanc\u0131nday\u0131z. E\u011fitim Hukuku Ba\u011flam\u0131nda \u00c7ocuk Haklar\u0131 E\u011fitimi: Bir Eylem Ara\u015ft\u0131rmas\u0131 ba\u015fl\u0131kl\u0131 doktora tez \u00e7al\u0131\u015fmas\u0131n\u0131n g\u00fcncelle\u015ftirilmi\u015f ve geni\u015fletilmi\u015f bir hali olarak haz\u0131rlanan kitab\u0131n, \u00f6zg\u00fcn bir boyut olarak e\u011fitim hukuku literat\u00fcr\u00fcne katk\u0131 sa\u011flamas\u0131n\u0131, \u00e7ocuk haklar\u0131 konusunda y\u00fcksek\u00f6\u011fretim \u00f6\u011frencilerine ve \u00f6\u011fretim \u00fcyelerine temel ders kayna\u011f\u0131 olmas\u0131n\u0131, temel e\u011fitim d\u00fczeyinde \u00f6\u011fretmenlik yapan ki\u015filere \u00e7ocuk haklar\u0131 e\u011fitimi s\u00fcre\u00e7lerinde yol g\u00f6sterici olmas\u0131n\u0131 ve bir eylem ara\u015ft\u0131rmac\u0131s\u0131 olarak \u00e7ocuk haklar\u0131 e\u011fitimi s\u00fcre\u00e7lerini organize edebilme hususlar\u0131nda yararl\u0131 bir kaynak olmas\u0131n\u0131 \u00fcmit ediyoruz. <\/p>\n","protected":false},"excerpt":{"rendered":"<p>\u00c7ocuk haklar\u0131n\u0131n ve d\u00fcnya genelinde yayg\u0131nl\u0131k sergileyen bu haklara ili\u015fkin ihlallerin t\u00fcm zamanlar i\u00e7erisinde sergiledi\u011fi art\u0131\u015f profili, bizlere daha uzun s\u00fcre bu konu \u00fczerinde ciddi bi\u00e7imde<span class=\"excerpt-hellip\"> [\u2026]<\/span><\/p>\n","protected":false},"featured_media":0,"template":"","meta":{"_monsterinsights_skip_tracking":false,"_monsterinsights_sitenote_active":false,"_monsterinsights_sitenote_note":"","_monsterinsights_sitenote_category":0},"product_brand":[],"product_cat":[12573,12566],"product_tag":[],"class_list":{"0":"post-728886","1":"product","2":"type-product","3":"status-publish","5":"product_cat-akademik-kitaplar","6":"product_cat-egitim","7":"pa_cilt-ciltsiz","8":"pa_tur-kitap","9":"pa_yayinevi-ani-yayincilik","10":"pa_yazar-erdem-hareket-selma-yel","12":"first","13":"instock","14":"sale","15":"shipping-taxable","16":"purchasable","17":"product-type-simple"},"_links":{"self":[{"href":"https:\/\/roveyayinevi.com.tr\/index.php\/wp-json\/wp\/v2\/product\/728886","targetHints":{"allow":["GET"]}}],"collection":[{"href":"https:\/\/roveyayinevi.com.tr\/index.php\/wp-json\/wp\/v2\/product"}],"about":[{"href":"https:\/\/roveyayinevi.com.tr\/index.php\/wp-json\/wp\/v2\/types\/product"}],"wp:attachment":[{"href":"https:\/\/roveyayinevi.com.tr\/index.php\/wp-json\/wp\/v2\/media?parent=728886"}],"wp:term":[{"taxonomy":"product_brand","embeddable":true,"href":"https:\/\/roveyayinevi.com.tr\/index.php\/wp-json\/wp\/v2\/product_brand?post=728886"},{"taxonomy":"product_cat","embeddable":true,"href":"https:\/\/roveyayinevi.com.tr\/index.php\/wp-json\/wp\/v2\/product_cat?post=728886"},{"taxonomy":"product_tag","embeddable":true,"href":"https:\/\/roveyayinevi.com.tr\/index.php\/wp-json\/wp\/v2\/product_tag?post=728886"}],"curies":[{"name":"wp","href":"https:\/\/api.w.org\/{rel}","templated":true}]}}