{"id":728883,"date":"2025-08-27T20:46:39","date_gmt":"2025-08-27T17:46:39","guid":{"rendered":"https:\/\/roveyayinevi.com.tr\/index.php\/urun\/istanbul-gunlugu\/"},"modified":"2026-04-16T02:36:40","modified_gmt":"2026-04-15T23:36:40","slug":"istanbul-gunlugu","status":"publish","type":"product","link":"https:\/\/roveyayinevi.com.tr\/index.php\/urun\/istanbul-gunlugu\/","title":{"rendered":"\u0130stanbul G\u00fcnl\u00fc\u011f\u00fc"},"content":{"rendered":"<p>Alman d\u0131\u015favurumculu\u011funun \u00f6nemli temsilcilerinden, Berlin Siedlung program\u0131n\u0131n 1924-33 y\u0131llar\u0131ndaki ba\u015fmimar\u0131 Bruno Taut\u2019un s\u00fcrg\u00fcn hayat\u0131 Nasyonal Sosyalistlerin iktidara gelmesiyle ba\u015flar. 1933\u2019te Japonya\u2019ya, 1936\u2019daysa T\u00fcrkiye\u2019ye yerle\u015fir. 24 Aral\u0131k 1938\u2019deki \u00f6l\u00fcm\u00fcne dek hayat\u0131n\u0131 s\u00fcrd\u00fcrece\u011fi \u0130stanbul\u2019da Devlet G\u00fczel Sanatlar Akademisi\u2019nde Mimarl\u0131k B\u00f6l\u00fcm Ba\u015fkan\u0131 olarak g\u00f6rev yaparken Ankara\u2019da Milli E\u011fitim Bakanl\u0131\u011f\u0131\u2019nda da \u0130n\u015faat Dairesi Ba\u015fkanl\u0131\u011f\u0131 g\u00f6revini y\u00fcr\u00fct\u00fcr. Taut T\u00fcrkiye\u2019de ge\u00e7irdi\u011fi s\u00fcre boyunca, a\u011f\u0131rl\u0131kl\u0131 olarak profesyonel ya\u015fam\u0131nda ger\u00e7ekle\u015fen geli\u015fmeleri k\u0131sa k\u0131sa notlar almak suretiyle g\u00fcnl\u00fc\u011f\u00fcne kaydeder. B\u00fcrokrasinin ve akademik hayat\u0131n kimi zaman \u00fczerinde \u201cgenel bir dekadans intiba\u0131\u201d b\u0131rakan haleti ruhiyesini, bu s\u00fcre\u00e7te dirsek temas\u0131nda bulundu\u011fu Erken Cumhuriyet d\u00f6neminin farkl\u0131 meslek gruplar\u0131na mensup \u00f6nemli akt\u00f6rleriyle olan ili\u015fkilerini, mimarl\u0131k kavray\u0131\u015flar\u0131n\u0131 teknik gerekliliklerin \u00f6tesine ta\u015f\u0131may\u0131 ama\u00e7 edindi\u011fi \u00f6\u011frencileriyle olan yo\u011fun mesaisini ve gerek akademisyen gerekse tasar\u0131mc\u0131 kimli\u011fiyle ortaya koydu\u011fu mimarl\u0131k \u00fcretiminin d\u00fc\u015f\u00fcnsel s\u00fcre\u00e7lerini neredeyse \u015fifrelenmi\u015f anekdotlar halinde g\u00fcnl\u00fc\u011f\u00fcn\u00fcn sayfalar\u0131na aktar\u0131r. \u201c\u0130stanbul G\u00fcnl\u00fc\u011f\u00fc 10.11.1936 &#8211; 13.12.1938\u201d ad\u0131yla Almanya\u2019da Akademie der K\u00fcnste, Berlin ar\u015fivinde ve ayr\u0131ca Japonya\u2019da bir m\u00fczede muhafaza edilen bu elyazmas\u0131, yay\u0131mlad\u0131\u011f\u0131m\u0131z T\u00fcrk\u00e7e edisyonu vesilesiyle ilk kez kitapla\u015ft\u0131r\u0131larak g\u00fcn \u0131\u015f\u0131\u011f\u0131na \u00e7\u0131kar\u0131lm\u0131\u015f oluyor. <\/p>\n","protected":false},"excerpt":{"rendered":"<p>Alman d\u0131\u015favurumculu\u011funun \u00f6nemli temsilcilerinden, Berlin Siedlung program\u0131n\u0131n 1924-33 y\u0131llar\u0131ndaki ba\u015fmimar\u0131 Bruno Taut\u2019un s\u00fcrg\u00fcn hayat\u0131 Nasyonal Sosyalistlerin iktidara gelmesiyle ba\u015flar. 1933\u2019te Japonya\u2019ya, 1936\u2019daysa T\u00fcrkiye\u2019ye yerle\u015fir. 24 Aral\u0131k<span class=\"excerpt-hellip\"> [\u2026]<\/span><\/p>\n","protected":false},"featured_media":0,"template":"","meta":{"_monsterinsights_skip_tracking":false,"_monsterinsights_sitenote_active":false,"_monsterinsights_sitenote_note":"","_monsterinsights_sitenote_category":0},"product_brand":[],"product_cat":[13054,45811],"product_tag":[],"class_list":{"0":"post-728883","1":"product","2":"type-product","3":"status-publish","5":"product_cat-gezi-ve-rehber-kitaplari","6":"product_cat-ulke-rehberleri","7":"pa_cilt-ciltsiz","8":"pa_tur-kitap","9":"pa_yayinevi-kirmizi-kedi-yayinevi","10":"pa_yazar-bruno-taut","12":"first","13":"instock","14":"sale","15":"shipping-taxable","16":"purchasable","17":"product-type-simple"},"_links":{"self":[{"href":"https:\/\/roveyayinevi.com.tr\/index.php\/wp-json\/wp\/v2\/product\/728883","targetHints":{"allow":["GET"]}}],"collection":[{"href":"https:\/\/roveyayinevi.com.tr\/index.php\/wp-json\/wp\/v2\/product"}],"about":[{"href":"https:\/\/roveyayinevi.com.tr\/index.php\/wp-json\/wp\/v2\/types\/product"}],"wp:attachment":[{"href":"https:\/\/roveyayinevi.com.tr\/index.php\/wp-json\/wp\/v2\/media?parent=728883"}],"wp:term":[{"taxonomy":"product_brand","embeddable":true,"href":"https:\/\/roveyayinevi.com.tr\/index.php\/wp-json\/wp\/v2\/product_brand?post=728883"},{"taxonomy":"product_cat","embeddable":true,"href":"https:\/\/roveyayinevi.com.tr\/index.php\/wp-json\/wp\/v2\/product_cat?post=728883"},{"taxonomy":"product_tag","embeddable":true,"href":"https:\/\/roveyayinevi.com.tr\/index.php\/wp-json\/wp\/v2\/product_tag?post=728883"}],"curies":[{"name":"wp","href":"https:\/\/api.w.org\/{rel}","templated":true}]}}