{"id":728881,"date":"2025-08-27T20:46:37","date_gmt":"2025-08-27T17:46:37","guid":{"rendered":"https:\/\/roveyayinevi.com.tr\/index.php\/urun\/mimar-doganlaruc-dogan\/"},"modified":"2026-04-16T02:36:40","modified_gmt":"2026-04-15T23:36:40","slug":"mimar-doganlaruc-dogan","status":"publish","type":"product","link":"https:\/\/roveyayinevi.com.tr\/index.php\/urun\/mimar-doganlaruc-dogan\/","title":{"rendered":"Mimar Do\u011fanlar\u2026\u00dc\u00e7 Do\u011fan"},"content":{"rendered":"<p>T\u00fcrkiye\u2019nin k\u00fclt\u00fcr ve mimarl\u0131k hayat\u0131n\u0131 uzun y\u0131llara yay\u0131lan \u00fcretimleri ve benzersiz katk\u0131lar\u0131yla zenginle\u015ftiren mimarlar Do\u011fan Kuban, Do\u011fan Tekeli, Do\u011fan Hasol 2010 ve 2015 y\u0131llar\u0131nda Cumhuriyet gazetesi i\u00e7in bir araya gelip \u0130stanbul ekseninde mimarl\u0131k ve kent politikalar\u0131 \u00fczerine s\u00f6yle\u015ftiklerinde, bu bulu\u015fma geni\u015f yank\u0131 uyand\u0131rm\u0131\u015ft\u0131. Mimarl\u0131k d\u00fcnyas\u0131n\u0131n bu \u00fc\u00e7 \u00f6nemli fig\u00fcr\u00fc be\u015f y\u0131l aradan sonra yine Ceren \u00c7\u0131plak Drillat\u2019\u0131n sorular\u0131 e\u015fli\u011finde s\u00f6yle\u015filerini kald\u0131klar\u0131 yerden s\u00fcrd\u00fcr\u00fcyorlar, mimarl\u0131k ve kentle\u015fmeye dair pek \u00e7ok g\u00fcncel konuyu tart\u0131\u015fmaya a\u00e7\u0131yorlar. Mimarl\u0131\u011f\u0131n k\u00fclt\u00fcr ve teknolojiyle, in\u015faat\u0131n ekonomiyle ili\u015fkisinden kentle\u015fme ve kentlile\u015fme sorunlar\u0131na uzanan geni\u015f bir yelpazede g\u00f6r\u00fc\u015flerini dile getiriyorlar. T\u00fcrkiye\u2019nin mimarl\u0131k politikalar\u0131ndan yola \u00e7\u0131karak g\u00fcncel mimarl\u0131k pratiklerini, koruma ve restorasyon uygulamalar\u0131n\u0131, kentsel d\u00f6n\u00fc\u015f\u00fcm projelerini ve \u00fclkenin g\u00fcndemini me\u015fgul eden mimarl\u0131k merkezli daha pek \u00e7ok \u00f6nemli konuyu mercek alt\u0131na al\u0131yorlar. Ya\u015fad\u0131klar\u0131 kentle ge\u00e7mi\u015ften bug\u00fcne mimar olarak kurduklar\u0131 ili\u015fkiden hareketle \u0130stanbul\u2019un kentle\u015fmeyle ilgili sorunlar\u0131n\u0131 ortaya yat\u0131r\u0131yorlar, kentin gelece\u011fi \u00fczerine d\u00fc\u015f\u00fcn\u00fcrken bir yandan da kurduklar\u0131 hayalleri dile getiriyorlar. <\/p>\n","protected":false},"excerpt":{"rendered":"<p>T\u00fcrkiye\u2019nin k\u00fclt\u00fcr ve mimarl\u0131k hayat\u0131n\u0131 uzun y\u0131llara yay\u0131lan \u00fcretimleri ve benzersiz katk\u0131lar\u0131yla zenginle\u015ftiren mimarlar Do\u011fan Kuban, Do\u011fan Tekeli, Do\u011fan Hasol 2010 ve 2015 y\u0131llar\u0131nda Cumhuriyet gazetesi<span class=\"excerpt-hellip\"> [\u2026]<\/span><\/p>\n","protected":false},"featured_media":0,"template":"","meta":{"_monsterinsights_skip_tracking":false,"_monsterinsights_sitenote_active":false,"_monsterinsights_sitenote_note":"","_monsterinsights_sitenote_category":0},"product_brand":[],"product_cat":[12291,30969],"product_tag":[],"class_list":{"0":"post-728881","1":"product","2":"type-product","3":"status-publish","5":"product_cat-edebiyat","6":"product_cat-soylesi-edebiyat","7":"pa_cilt-ciltsiz","8":"pa_tur-kitap","9":"pa_yayinevi-kirmizi-kedi-yayinevi","10":"pa_yazar-kirmizi-kedi-kolektif","12":"first","13":"instock","14":"sale","15":"shipping-taxable","16":"purchasable","17":"product-type-simple"},"_links":{"self":[{"href":"https:\/\/roveyayinevi.com.tr\/index.php\/wp-json\/wp\/v2\/product\/728881","targetHints":{"allow":["GET"]}}],"collection":[{"href":"https:\/\/roveyayinevi.com.tr\/index.php\/wp-json\/wp\/v2\/product"}],"about":[{"href":"https:\/\/roveyayinevi.com.tr\/index.php\/wp-json\/wp\/v2\/types\/product"}],"wp:attachment":[{"href":"https:\/\/roveyayinevi.com.tr\/index.php\/wp-json\/wp\/v2\/media?parent=728881"}],"wp:term":[{"taxonomy":"product_brand","embeddable":true,"href":"https:\/\/roveyayinevi.com.tr\/index.php\/wp-json\/wp\/v2\/product_brand?post=728881"},{"taxonomy":"product_cat","embeddable":true,"href":"https:\/\/roveyayinevi.com.tr\/index.php\/wp-json\/wp\/v2\/product_cat?post=728881"},{"taxonomy":"product_tag","embeddable":true,"href":"https:\/\/roveyayinevi.com.tr\/index.php\/wp-json\/wp\/v2\/product_tag?post=728881"}],"curies":[{"name":"wp","href":"https:\/\/api.w.org\/{rel}","templated":true}]}}