{"id":728879,"date":"2025-08-27T20:46:36","date_gmt":"2025-08-27T17:46:36","guid":{"rendered":"https:\/\/roveyayinevi.com.tr\/index.php\/urun\/alternatif-turizm-ve-ekonomik-etkileri\/"},"modified":"2026-04-16T02:36:40","modified_gmt":"2026-04-15T23:36:40","slug":"alternatif-turizm-ve-ekonomik-etkileri","status":"publish","type":"product","link":"https:\/\/roveyayinevi.com.tr\/index.php\/urun\/alternatif-turizm-ve-ekonomik-etkileri\/","title":{"rendered":"Alternatif Turizm ve Ekonomik Etkileri"},"content":{"rendered":"<p>I.B\u00d6L\u00dcM \u2013 Turizm Ve Turistik \u00dcr\u00fcn 1.1.Turizm Kavram\u0131 1.2.Turizm Geli\u015fimi 1.3.Turist Kavram\u0131 1.4.Turistik \u00dcr\u00fcn Kavram\u0131 II.B\u00d6L\u00dcM \u2013 Alternatif Turizm 2.     2.1.Alternatif Turizm Kavram\u0131 2.2.Alternatif Turizm T\u00fcrleri III.B\u00d6L\u00dcM \u2013 Alternatif Turizmin Ekonomik Boyutu 3.     3.1.Alternatif Turizm ve Ekonomi \u0130li\u015fkisi 3.2.Alternatif Turizmin \u00d6demeler Dengesi \u00dczerindeki Etkileri 3.3.Alternatif Turizmin Turizm Pazar\u0131ndaki Yeri ve \u00d6nemi 3.4.Alternatif Turizmin  \u0130stihdam \u00dczerindeki Etkisi 3.5.Alternatif Turizmin Di\u011fer Sekt\u00f6rler \u00dczerinde Olu\u015fturdu\u011fu Etkiler 3.6.Alternatif Turizm ve S\u00fcrd\u00fcr\u00fclebilirlik 3.7.Alternatif Turizmin \u00c7evre \u00dczerindeki Etkileri 3.8.Turizmde Ta\u015f\u0131ma Kapasitesi <\/p>\n","protected":false},"excerpt":{"rendered":"<p>I.B\u00d6L\u00dcM \u2013 Turizm Ve Turistik \u00dcr\u00fcn 1.1.Turizm Kavram\u0131 1.2.Turizm Geli\u015fimi 1.3.Turist Kavram\u0131 1.4.Turistik \u00dcr\u00fcn Kavram\u0131 II.B\u00d6L\u00dcM \u2013 Alternatif Turizm 2. 2.1.Alternatif Turizm Kavram\u0131 2.2.Alternatif Turizm T\u00fcrleri<span class=\"excerpt-hellip\"> [\u2026]<\/span><\/p>\n","protected":false},"featured_media":0,"template":"","meta":{"_monsterinsights_skip_tracking":false,"_monsterinsights_sitenote_active":false,"_monsterinsights_sitenote_note":"","_monsterinsights_sitenote_category":0},"product_brand":[],"product_cat":[20333,13043],"product_tag":[],"class_list":{"0":"post-728879","1":"product","2":"type-product","3":"status-publish","5":"product_cat-diger-ekonomi","6":"product_cat-ekonomi","7":"pa_cilt-ciltsiz","8":"pa_tur-kitap","9":"pa_yayinevi-gazi-kitabevi","10":"pa_yazar-gazi-kitabevi-kolektif","12":"first","13":"instock","14":"sale","15":"shipping-taxable","16":"purchasable","17":"product-type-simple"},"_links":{"self":[{"href":"https:\/\/roveyayinevi.com.tr\/index.php\/wp-json\/wp\/v2\/product\/728879","targetHints":{"allow":["GET"]}}],"collection":[{"href":"https:\/\/roveyayinevi.com.tr\/index.php\/wp-json\/wp\/v2\/product"}],"about":[{"href":"https:\/\/roveyayinevi.com.tr\/index.php\/wp-json\/wp\/v2\/types\/product"}],"wp:attachment":[{"href":"https:\/\/roveyayinevi.com.tr\/index.php\/wp-json\/wp\/v2\/media?parent=728879"}],"wp:term":[{"taxonomy":"product_brand","embeddable":true,"href":"https:\/\/roveyayinevi.com.tr\/index.php\/wp-json\/wp\/v2\/product_brand?post=728879"},{"taxonomy":"product_cat","embeddable":true,"href":"https:\/\/roveyayinevi.com.tr\/index.php\/wp-json\/wp\/v2\/product_cat?post=728879"},{"taxonomy":"product_tag","embeddable":true,"href":"https:\/\/roveyayinevi.com.tr\/index.php\/wp-json\/wp\/v2\/product_tag?post=728879"}],"curies":[{"name":"wp","href":"https:\/\/api.w.org\/{rel}","templated":true}]}}