{"id":728878,"date":"2025-08-27T20:46:35","date_gmt":"2025-08-27T17:46:35","guid":{"rendered":"https:\/\/roveyayinevi.com.tr\/index.php\/urun\/beni-anliyor-musun\/"},"modified":"2026-04-16T02:36:40","modified_gmt":"2026-04-15T23:36:40","slug":"beni-anliyor-musun","status":"publish","type":"product","link":"https:\/\/roveyayinevi.com.tr\/index.php\/urun\/beni-anliyor-musun\/","title":{"rendered":"Beni Anl\u0131yor musun?"},"content":{"rendered":"<p>S\u0131n\u0131f arkada\u015flar\u0131n\u0131n onu anlayamamas\u0131ndan b\u0131kan otizm spektrumundaki Selin, insanlar\u0131n onu anlayabilmeleri i\u00e7in kendi d\u00fcnyas\u0131n\u0131 anlatt\u0131\u011f\u0131 bir kitap yazar. O da di\u011fer \u00e7ocuklar gibi okula giden, \u00e7izgi roman okumay\u0131 ve \u00e7izgi film izlemeyi seven bir \u00e7ocuktur. Kitab\u0131nda ho\u015funa giden ve gitmeyen \u015feylerden, hayallerinden, d\u00fc\u015f\u00fcn\u00fc\u015f bi\u00e7iminden bahseder. Otizmli bir \u00e7ocu\u011fun g\u00f6z\u00fcnden d\u00fcnyaya bakmay\u0131 sa\u011flayan Beni Anl\u0131yor musun? kitab\u0131, \u00e7ocuklar\u0131n otizmli s\u0131n\u0131f arkada\u015flar\u0131n\u0131 daha iyi anlayabilmeleri i\u00e7in \u00e7ok de\u011ferli bir kaynakt\u0131r. Otizmli \u00e7ocuklar, \u00f6\u011fretmenleri, arkada\u015flar\u0131, arkada\u015flar\u0131n\u0131n anne babalar\u0131 ve sosyal hizmet \u00e7al\u0131\u015fanlar\u0131 e\u011flenceli, bilgi verici ve yeni bir bak\u0131\u015f a\u00e7\u0131s\u0131 kazand\u0131ran bu kitab\u0131 \u00e7ok sevecekler. <\/p>\n","protected":false},"excerpt":{"rendered":"<p>S\u0131n\u0131f arkada\u015flar\u0131n\u0131n onu anlayamamas\u0131ndan b\u0131kan otizm spektrumundaki Selin, insanlar\u0131n onu anlayabilmeleri i\u00e7in kendi d\u00fcnyas\u0131n\u0131 anlatt\u0131\u011f\u0131 bir kitap yazar. O da di\u011fer \u00e7ocuklar gibi okula giden, \u00e7izgi<span class=\"excerpt-hellip\"> [\u2026]<\/span><\/p>\n","protected":false},"featured_media":0,"template":"","meta":{"_monsterinsights_skip_tracking":false,"_monsterinsights_sitenote_active":false,"_monsterinsights_sitenote_note":"","_monsterinsights_sitenote_category":0},"product_brand":[],"product_cat":[12275,12274],"product_tag":[],"class_list":{"0":"post-728878","1":"product","2":"type-product","3":"status-publish","5":"product_cat-6-12-yas-kitaplari","6":"product_cat-cocuk-ve-genclik-kitaplari","7":"pa_cilt-ciltsiz","8":"pa_tur-kitap","9":"pa_yayinevi-sola-kidz","10":"pa_yazar-sofie-koborg-brosen","12":"first","13":"instock","14":"sale","15":"shipping-taxable","16":"purchasable","17":"product-type-simple"},"_links":{"self":[{"href":"https:\/\/roveyayinevi.com.tr\/index.php\/wp-json\/wp\/v2\/product\/728878","targetHints":{"allow":["GET"]}}],"collection":[{"href":"https:\/\/roveyayinevi.com.tr\/index.php\/wp-json\/wp\/v2\/product"}],"about":[{"href":"https:\/\/roveyayinevi.com.tr\/index.php\/wp-json\/wp\/v2\/types\/product"}],"wp:attachment":[{"href":"https:\/\/roveyayinevi.com.tr\/index.php\/wp-json\/wp\/v2\/media?parent=728878"}],"wp:term":[{"taxonomy":"product_brand","embeddable":true,"href":"https:\/\/roveyayinevi.com.tr\/index.php\/wp-json\/wp\/v2\/product_brand?post=728878"},{"taxonomy":"product_cat","embeddable":true,"href":"https:\/\/roveyayinevi.com.tr\/index.php\/wp-json\/wp\/v2\/product_cat?post=728878"},{"taxonomy":"product_tag","embeddable":true,"href":"https:\/\/roveyayinevi.com.tr\/index.php\/wp-json\/wp\/v2\/product_tag?post=728878"}],"curies":[{"name":"wp","href":"https:\/\/api.w.org\/{rel}","templated":true}]}}