{"id":728874,"date":"2025-08-27T20:46:31","date_gmt":"2025-08-27T17:46:31","guid":{"rendered":"https:\/\/roveyayinevi.com.tr\/index.php\/urun\/1984-8\/"},"modified":"2025-11-21T06:35:32","modified_gmt":"2025-11-21T03:35:32","slug":"1984-8","status":"publish","type":"product","link":"https:\/\/roveyayinevi.com.tr\/index.php\/urun\/1984-8\/","title":{"rendered":"1984"},"content":{"rendered":"<p>\u201cOrwell\u2019in as\u0131l yapt\u0131\u011f\u0131, y\u00fczy\u0131l\u0131m\u0131z\u0131n canavar\u0131n\u0131n totaliter diktat\u00f6rl\u00fck oldu\u011fu ve totalitarizmin \u00f6l\u00fcmc\u00fcl mekanizmas\u0131 kar\u015f\u0131s\u0131nda ideolojik farkl\u0131l\u0131klar\u0131n pek de bir de\u011feri olmad\u0131\u011f\u0131 \u015f\u00fcphesini ortaya atmakt\u0131r.   Kitab\u0131n bir yard\u0131m \u00e7\u0131\u011fl\u0131\u011f\u0131, bir uyar\u0131 ve bir itham olarak g\u00f6r\u00fclm\u00fc\u015f olmas\u0131n\u0131n hakl\u0131 gerek\u00e7elerinden biri budur hi\u00e7 \u015f\u00fcphesiz ve bu durum kitab\u0131n d\u00fcnyan\u0131n d\u00f6rt bir taraf\u0131nda milyonlarca okuru b\u00fcy\u00fclemi\u015f olmas\u0131nda da rol oynad\u0131.   Burada s\u00f6z konusu olan, genelde \u2018edebiyat\u2019 olarak alg\u0131lad\u0131\u011f\u0131m\u0131z ve g\u00fczel yaz\u0131 yazmakla \u00f6zde\u015fle\u015ftirdi\u011fimiz \u015fey de\u011fildir sadece. Burada g\u00fc\u00e7l\u00fc bir \u00f6ng\u00f6r\u00fc s\u00f6z konusudur, bunu tekrar etmekte fayda var.   Ama b\u00fct\u00fcn \u00f6ng\u00f6r\u00fclerin konusu gelecek veya \u00f6te d\u00fcnya de\u011fildir.\u201d   \u2014Umberto Eco <\/p>\n","protected":false},"excerpt":{"rendered":"<p>\u201cOrwell\u2019in as\u0131l yapt\u0131\u011f\u0131, y\u00fczy\u0131l\u0131m\u0131z\u0131n canavar\u0131n\u0131n totaliter diktat\u00f6rl\u00fck oldu\u011fu ve totalitarizmin \u00f6l\u00fcmc\u00fcl mekanizmas\u0131 kar\u015f\u0131s\u0131nda ideolojik farkl\u0131l\u0131klar\u0131n pek de bir de\u011feri olmad\u0131\u011f\u0131 \u015f\u00fcphesini ortaya atmakt\u0131r. Kitab\u0131n bir yard\u0131m<span class=\"excerpt-hellip\"> [\u2026]<\/span><\/p>\n","protected":false},"featured_media":0,"template":"","meta":{"_monsterinsights_skip_tracking":false,"_monsterinsights_sitenote_active":false,"_monsterinsights_sitenote_note":"","_monsterinsights_sitenote_category":0},"product_brand":[],"product_cat":[12291,12711],"product_tag":[],"class_list":{"0":"post-728874","1":"product","2":"type-product","3":"status-publish","5":"product_cat-edebiyat","6":"product_cat-roman-oyku","7":"pa_cilt-ciltsiz","8":"pa_tur-kitap","9":"pa_yayinevi-alfa-yayinlari","10":"pa_yazar-george-orwell","12":"first","13":"instock","14":"sale","15":"shipping-taxable","16":"purchasable","17":"product-type-simple"},"_links":{"self":[{"href":"https:\/\/roveyayinevi.com.tr\/index.php\/wp-json\/wp\/v2\/product\/728874","targetHints":{"allow":["GET"]}}],"collection":[{"href":"https:\/\/roveyayinevi.com.tr\/index.php\/wp-json\/wp\/v2\/product"}],"about":[{"href":"https:\/\/roveyayinevi.com.tr\/index.php\/wp-json\/wp\/v2\/types\/product"}],"wp:attachment":[{"href":"https:\/\/roveyayinevi.com.tr\/index.php\/wp-json\/wp\/v2\/media?parent=728874"}],"wp:term":[{"taxonomy":"product_brand","embeddable":true,"href":"https:\/\/roveyayinevi.com.tr\/index.php\/wp-json\/wp\/v2\/product_brand?post=728874"},{"taxonomy":"product_cat","embeddable":true,"href":"https:\/\/roveyayinevi.com.tr\/index.php\/wp-json\/wp\/v2\/product_cat?post=728874"},{"taxonomy":"product_tag","embeddable":true,"href":"https:\/\/roveyayinevi.com.tr\/index.php\/wp-json\/wp\/v2\/product_tag?post=728874"}],"curies":[{"name":"wp","href":"https:\/\/api.w.org\/{rel}","templated":true}]}}