{"id":728873,"date":"2025-08-27T20:46:30","date_gmt":"2025-08-27T17:46:30","guid":{"rendered":"https:\/\/roveyayinevi.com.tr\/index.php\/urun\/uluslararasi-finans-arastirmalari\/"},"modified":"2026-04-16T02:36:40","modified_gmt":"2026-04-15T23:36:40","slug":"uluslararasi-finans-arastirmalari","status":"publish","type":"product","link":"https:\/\/roveyayinevi.com.tr\/index.php\/urun\/uluslararasi-finans-arastirmalari\/","title":{"rendered":"Uluslararas\u0131 Finans Ara\u015ft\u0131rmalar\u0131"},"content":{"rendered":"<p>\u0130\u00e7indekilerB\u00f6l\u00fcm 1K\u00fcresel Finansal Sistemin EvrimiB\u00f6l\u00fcm 2Uluslararas\u0131 Finansal Piyasal ve Finansal Ara\u00e7larB\u00f6l\u00fcm 3Kara Finans: Kara Para Aklamada Y\u00f6ntemler ve \u00d6nleyici TedbirlerB\u00f6l\u00fcm 4Finansal K\u00fcreselle\u015fmenin Ekonomik B\u00fcy\u00fcme \u00dczerine Etkisi: G20 \u00dclkeleri \u00d6rne\u011fiB\u00f6l\u00fcm 5Spot D\u00f6viz Piyasas\u0131nda S\u0131\u00e7ramalar: USD\/TRY \u00d6rne\u011fiB\u00f6l\u00fcm 6E7 \u00dclkelerinde Sermaye Piyasalar\u0131 Geli\u015fmi\u015fli\u011fi ile D\u00f6viz Kuru Volatilitesi Aras\u0131ndaki \u0130li\u015fkiB\u00f6l\u00fcm 7Covid-19 Salg\u0131n\u0131n\u0131n Uluslararas\u0131 Piyasalarda Petrol Fiyatlar\u0131 \u00dczerine Etkisinin \u0130ncelenmesiB\u00f6l\u00fcm 8Uluslararas\u0131 Finansta Finteklerin Yeri: Bir De\u011ferlendirme<\/p>\n","protected":false},"excerpt":{"rendered":"<p>\u0130\u00e7indekilerB\u00f6l\u00fcm 1K\u00fcresel Finansal Sistemin EvrimiB\u00f6l\u00fcm 2Uluslararas\u0131 Finansal Piyasal ve Finansal Ara\u00e7larB\u00f6l\u00fcm 3Kara Finans: Kara Para Aklamada Y\u00f6ntemler ve \u00d6nleyici TedbirlerB\u00f6l\u00fcm 4Finansal K\u00fcreselle\u015fmenin Ekonomik B\u00fcy\u00fcme \u00dczerine Etkisi:<span class=\"excerpt-hellip\"> [\u2026]<\/span><\/p>\n","protected":false},"featured_media":0,"template":"","meta":{"_monsterinsights_skip_tracking":false,"_monsterinsights_sitenote_active":false,"_monsterinsights_sitenote_note":"","_monsterinsights_sitenote_category":0},"product_brand":[],"product_cat":[13043,14381],"product_tag":[],"class_list":{"0":"post-728873","1":"product","2":"type-product","3":"status-publish","5":"product_cat-ekonomi","6":"product_cat-isletme-muhasebe-maliye","7":"pa_cilt-ciltsiz","8":"pa_tur-kitap","9":"pa_yayinevi-gazi-kitabevi","10":"pa_yazar-faruk-dayi-ibrahim-yasar-gok","12":"first","13":"instock","14":"sale","15":"shipping-taxable","16":"purchasable","17":"product-type-simple"},"_links":{"self":[{"href":"https:\/\/roveyayinevi.com.tr\/index.php\/wp-json\/wp\/v2\/product\/728873","targetHints":{"allow":["GET"]}}],"collection":[{"href":"https:\/\/roveyayinevi.com.tr\/index.php\/wp-json\/wp\/v2\/product"}],"about":[{"href":"https:\/\/roveyayinevi.com.tr\/index.php\/wp-json\/wp\/v2\/types\/product"}],"wp:attachment":[{"href":"https:\/\/roveyayinevi.com.tr\/index.php\/wp-json\/wp\/v2\/media?parent=728873"}],"wp:term":[{"taxonomy":"product_brand","embeddable":true,"href":"https:\/\/roveyayinevi.com.tr\/index.php\/wp-json\/wp\/v2\/product_brand?post=728873"},{"taxonomy":"product_cat","embeddable":true,"href":"https:\/\/roveyayinevi.com.tr\/index.php\/wp-json\/wp\/v2\/product_cat?post=728873"},{"taxonomy":"product_tag","embeddable":true,"href":"https:\/\/roveyayinevi.com.tr\/index.php\/wp-json\/wp\/v2\/product_tag?post=728873"}],"curies":[{"name":"wp","href":"https:\/\/api.w.org\/{rel}","templated":true}]}}