{"id":728870,"date":"2025-08-27T20:46:28","date_gmt":"2025-08-27T17:46:28","guid":{"rendered":"https:\/\/roveyayinevi.com.tr\/index.php\/urun\/ekonometrik-modeller-1\/"},"modified":"2026-04-16T02:36:40","modified_gmt":"2026-04-15T23:36:40","slug":"ekonometrik-modeller-1","status":"publish","type":"product","link":"https:\/\/roveyayinevi.com.tr\/index.php\/urun\/ekonometrik-modeller-1\/","title":{"rendered":"Ekonometrik Modeller-1"},"content":{"rendered":"<p>Birinci B\u00f6l\u00fcm \u2013 ABD\u2019de Gelir E\u015fitsizli\u011fi: \u00c7ok \u00d6l\u00e7ekli Co\u011frafi A\u011f\u0131rl\u0131kl\u0131 Regresyon Modeli Yakla\u015f\u0131m\u0131\u0130kinci B\u00f6l\u00fcm \u2013 Se\u00e7ilmi\u015f OECD \u00dclkelerinde Turizm \u015eoklar\u0131 Kal\u0131c\u0131 m\u0131? Dalgac\u0131k Tabanl\u0131 Birim K\u00f6k Testlerinden Kan\u0131tlar\u00dc\u00e7\u00fcnc\u00fc B\u00f6l\u00fcm \u2013 Bireylerin Umut D\u00fczeylerini Etkileyen Fakt\u00f6rlerin Hiyerar\u015fik Lojistik Regresyon Analiziyle \u0130ncelenmesiD\u00f6rd\u00fcnc\u00fc B\u00f6l\u00fcm \u2013 T\u00fcrkiye\u2019de Ekonomik Fakt\u00f6rlerle Panel Konut Fiyat Modelinin Belirlenmesi Ve Zaman Serilerinin AnaliziBe\u015finci B\u00f6l\u00fcm \u2013 Savunma Harcamalar\u0131nda D\u0131\u015flama Etkisi: T\u00fcrkiye \u0130\u00e7in Ekonometrik Bir AnalizAlt\u0131nc\u0131 B\u00f6l\u00fcm \u2013 Se\u00e7ilmi\u015f OPEC Ve MENA \u00dclkelerinde Do\u011fal Kaynak Ba\u011f\u0131ml\u0131l\u0131\u011f\u0131 Ve Kurumsal Geli\u015fmenin Ekonomik Kalk\u0131nma \u00dczerine Etkisi: Panel Kantil Regresyon Yakla\u015f\u0131m\u0131Yedinci B\u00f6l\u00fcm \u2013 T\u00fcrkiye Ekonomisi\u2019nde D\u00f6viz Kurunda Ve D\u0131\u015f Ticarette Ya\u015fanan De\u011fi\u015fimin Kayan Pencere Y\u00f6ntemi \u0130le B\u00fcy\u00fcme \u00dczerine AnaliziSekizinci B\u00f6l\u00fcm \u2013 T\u00fcrkiye\u2019de \u00c7KE Hipotezinin S\u0131nanmas\u0131: Ekonomik B\u00fcy\u00fcme Ve Enerji T\u00fcketiminin Rol\u00fcDokuzuncu B\u00f6l\u00fcm \u2013 Se\u00e7ilmi\u015f Geli\u015fmi\u015f Ve Geli\u015fen \u00dclkelere Y\u00f6nelik Yabanc\u0131 Sermaye Yat\u0131r\u0131mlar\u0131n\u0131n Reel D\u00f6viz Kurlar\u0131yla \u0130li\u015fkisi: Bir Panel Veri AnaliziOnuncu B\u00f6l\u00fcm \u2013 T\u00fcrkiye \u0130\u00e7in Benoit Hipotezi Ge\u00e7erli mi? Ekonometrik Bir AnalizOnbirinci B\u00f6l\u00fcm &#8211; T\u00fcrkiye\u2019de Konut Fiyat Endeksi \u0130le Se\u00e7ili De\u011fi\u015fkenler Aras\u0131ndaki \u0130li\u015fkinin Ekonometrik AnaliziOnikinci B\u00f6l\u00fcm \u2013 T\u00fcrkiye\u2019de Demografik Fakt\u00f6rlerle Panel Konut Talep Modelinin Belirlenmesi Ve Zaman Serilerinin \u0130ncelenmesiOn\u00fc\u00e7\u00fcnc\u00fc B\u00f6l\u00fcm \u2013 Ekolojik Ayak \u0130zi \u0130\u00e7in \u00c7evresel Kuznets E\u011frisinin Panel Veri Modelleri \u0130le Test Edilmesi: E7 Ve G7 \u00dclkeleri \u00dczerine Ampirik Bir Uygulama<\/p>\n","protected":false},"excerpt":{"rendered":"<p>Birinci B\u00f6l\u00fcm \u2013 ABD\u2019de Gelir E\u015fitsizli\u011fi: \u00c7ok \u00d6l\u00e7ekli Co\u011frafi A\u011f\u0131rl\u0131kl\u0131 Regresyon Modeli Yakla\u015f\u0131m\u0131\u0130kinci B\u00f6l\u00fcm \u2013 Se\u00e7ilmi\u015f OECD \u00dclkelerinde Turizm \u015eoklar\u0131 Kal\u0131c\u0131 m\u0131? Dalgac\u0131k Tabanl\u0131 Birim K\u00f6k<span class=\"excerpt-hellip\"> [\u2026]<\/span><\/p>\n","protected":false},"featured_media":0,"template":"","meta":{"_monsterinsights_skip_tracking":false,"_monsterinsights_sitenote_active":false,"_monsterinsights_sitenote_note":"","_monsterinsights_sitenote_category":0},"product_brand":[],"product_cat":[14841,13043],"product_tag":[],"class_list":{"0":"post-728870","1":"product","2":"type-product","3":"status-publish","5":"product_cat-arastirma-inceleme-kuram","6":"product_cat-ekonomi","7":"pa_cilt-ciltsiz","8":"pa_tur-kitap","9":"pa_yayinevi-gazi-kitabevi","10":"pa_yazar-zerife-yildirim","12":"first","13":"instock","14":"sale","15":"shipping-taxable","16":"purchasable","17":"product-type-simple"},"_links":{"self":[{"href":"https:\/\/roveyayinevi.com.tr\/index.php\/wp-json\/wp\/v2\/product\/728870","targetHints":{"allow":["GET"]}}],"collection":[{"href":"https:\/\/roveyayinevi.com.tr\/index.php\/wp-json\/wp\/v2\/product"}],"about":[{"href":"https:\/\/roveyayinevi.com.tr\/index.php\/wp-json\/wp\/v2\/types\/product"}],"wp:attachment":[{"href":"https:\/\/roveyayinevi.com.tr\/index.php\/wp-json\/wp\/v2\/media?parent=728870"}],"wp:term":[{"taxonomy":"product_brand","embeddable":true,"href":"https:\/\/roveyayinevi.com.tr\/index.php\/wp-json\/wp\/v2\/product_brand?post=728870"},{"taxonomy":"product_cat","embeddable":true,"href":"https:\/\/roveyayinevi.com.tr\/index.php\/wp-json\/wp\/v2\/product_cat?post=728870"},{"taxonomy":"product_tag","embeddable":true,"href":"https:\/\/roveyayinevi.com.tr\/index.php\/wp-json\/wp\/v2\/product_tag?post=728870"}],"curies":[{"name":"wp","href":"https:\/\/api.w.org\/{rel}","templated":true}]}}