{"id":728868,"date":"2025-08-27T20:46:27","date_gmt":"2025-08-27T17:46:27","guid":{"rendered":"https:\/\/roveyayinevi.com.tr\/index.php\/urun\/feridenin-dansi\/"},"modified":"2026-04-16T02:36:40","modified_gmt":"2026-04-15T23:36:40","slug":"feridenin-dansi","status":"publish","type":"product","link":"https:\/\/roveyayinevi.com.tr\/index.php\/urun\/feridenin-dansi\/","title":{"rendered":"Feride&#8217;nin Dans\u0131"},"content":{"rendered":"<p>Feride 6 ya\u015f\u0131nda, sevimli ve muzip bir k\u0131z. Pek \u00e7ok \u00f6zelli\u011finin yan\u0131 s\u0131ra dans etmeyi \u00e7ok seviyor. Dans g\u00f6sterisine haz\u0131rlanan ve evde prova yapan Feride, sizce kimi \u00fcz\u00fcyor, bunun sonucunda neler \u00f6\u011freniyor? Feride Serisi, d\u00fcr\u00fcstl\u00fck, al\u00e7ak g\u00f6n\u00fcll\u00fcl\u00fck, sayg\u0131, empati ve kendine g\u00fcven gibi de\u011ferleri, keyifli bir \u015fekilde \u00e7ocuklara anlatan \u00f6yk\u00fclerden olu\u015fmaktad\u0131r. Serinin ilk kitab\u0131 olan Feride\u2019nin Dans\u0131\u2019n\u0131n temas\u0131, \u2018sayg\u0131\u2019d\u0131r. \u0130rem Aksoy\u2019un yazd\u0131\u011f\u0131 Feride\u2019nin Dans\u0131, Merve \u00d6ztemel\u2019in sevimli \u00e7izgileriyle renklendi.<\/p>\n","protected":false},"excerpt":{"rendered":"<p>Feride 6 ya\u015f\u0131nda, sevimli ve muzip bir k\u0131z. Pek \u00e7ok \u00f6zelli\u011finin yan\u0131 s\u0131ra dans etmeyi \u00e7ok seviyor. Dans g\u00f6sterisine haz\u0131rlanan ve evde prova yapan Feride, sizce<span class=\"excerpt-hellip\"> [\u2026]<\/span><\/p>\n","protected":false},"featured_media":0,"template":"","meta":{"_monsterinsights_skip_tracking":false,"_monsterinsights_sitenote_active":false,"_monsterinsights_sitenote_note":"","_monsterinsights_sitenote_category":0},"product_brand":[],"product_cat":[12274,12518],"product_tag":[],"class_list":{"0":"post-728868","1":"product","2":"type-product","3":"status-publish","5":"product_cat-cocuk-ve-genclik-kitaplari","6":"product_cat-okul-oncesi-kitaplar","7":"pa_cilt-ciltsiz","8":"pa_tur-kitap","9":"pa_yayinevi-potikare-yayincilik","10":"pa_yazar-irem-aksoy","12":"first","13":"instock","14":"sale","15":"shipping-taxable","16":"purchasable","17":"product-type-simple"},"_links":{"self":[{"href":"https:\/\/roveyayinevi.com.tr\/index.php\/wp-json\/wp\/v2\/product\/728868","targetHints":{"allow":["GET"]}}],"collection":[{"href":"https:\/\/roveyayinevi.com.tr\/index.php\/wp-json\/wp\/v2\/product"}],"about":[{"href":"https:\/\/roveyayinevi.com.tr\/index.php\/wp-json\/wp\/v2\/types\/product"}],"wp:attachment":[{"href":"https:\/\/roveyayinevi.com.tr\/index.php\/wp-json\/wp\/v2\/media?parent=728868"}],"wp:term":[{"taxonomy":"product_brand","embeddable":true,"href":"https:\/\/roveyayinevi.com.tr\/index.php\/wp-json\/wp\/v2\/product_brand?post=728868"},{"taxonomy":"product_cat","embeddable":true,"href":"https:\/\/roveyayinevi.com.tr\/index.php\/wp-json\/wp\/v2\/product_cat?post=728868"},{"taxonomy":"product_tag","embeddable":true,"href":"https:\/\/roveyayinevi.com.tr\/index.php\/wp-json\/wp\/v2\/product_tag?post=728868"}],"curies":[{"name":"wp","href":"https:\/\/api.w.org\/{rel}","templated":true}]}}