{"id":728867,"date":"2025-08-27T20:46:26","date_gmt":"2025-08-27T17:46:26","guid":{"rendered":"https:\/\/roveyayinevi.com.tr\/index.php\/urun\/ari-oteli\/"},"modified":"2026-04-16T02:36:40","modified_gmt":"2026-04-15T23:36:40","slug":"ari-oteli","status":"publish","type":"product","link":"https:\/\/roveyayinevi.com.tr\/index.php\/urun\/ari-oteli\/","title":{"rendered":"Ar\u0131 Oteli"},"content":{"rendered":"<p>Bu y\u0131l dedemin domatesleri \u00e7ok az meyve verdi. Dedem buna biz \u00e7\u00f6z\u00fcm bulmaya \u00e7al\u0131\u015ft\u0131. Bil bakal\u0131m ne yapt\u0131! Zuhal \u00d6zer\u2019in yaz\u0131p Nazl\u0131 Tunal\u0131\u2019n\u0131n resimledi\u011fi K\u00fc\u00e7\u00fcklerle Bilim serisinin 4. kitab\u0131 olan Ar\u0131 Oteli, do\u011fan\u0131n dengesi ve onu korumak i\u00e7in yapabileceklerimizden bir \u00f6rnek anlatan keyifli bir \u00f6yk\u00fc anlat\u0131yor.<\/p>\n","protected":false},"excerpt":{"rendered":"<p>Bu y\u0131l dedemin domatesleri \u00e7ok az meyve verdi. Dedem buna biz \u00e7\u00f6z\u00fcm bulmaya \u00e7al\u0131\u015ft\u0131. Bil bakal\u0131m ne yapt\u0131! Zuhal \u00d6zer\u2019in yaz\u0131p Nazl\u0131 Tunal\u0131\u2019n\u0131n resimledi\u011fi K\u00fc\u00e7\u00fcklerle Bilim<span class=\"excerpt-hellip\"> [\u2026]<\/span><\/p>\n","protected":false},"featured_media":0,"template":"","meta":{"_monsterinsights_skip_tracking":false,"_monsterinsights_sitenote_active":false,"_monsterinsights_sitenote_note":"","_monsterinsights_sitenote_category":0},"product_brand":[],"product_cat":[12274,12518],"product_tag":[],"class_list":{"0":"post-728867","1":"product","2":"type-product","3":"status-publish","5":"product_cat-cocuk-ve-genclik-kitaplari","6":"product_cat-okul-oncesi-kitaplar","7":"pa_cilt-ciltsiz","8":"pa_tur-kitap","9":"pa_yayinevi-potikare-yayincilik","10":"pa_yazar-zuhal-ozer","12":"first","13":"instock","14":"sale","15":"shipping-taxable","16":"purchasable","17":"product-type-simple"},"_links":{"self":[{"href":"https:\/\/roveyayinevi.com.tr\/index.php\/wp-json\/wp\/v2\/product\/728867","targetHints":{"allow":["GET"]}}],"collection":[{"href":"https:\/\/roveyayinevi.com.tr\/index.php\/wp-json\/wp\/v2\/product"}],"about":[{"href":"https:\/\/roveyayinevi.com.tr\/index.php\/wp-json\/wp\/v2\/types\/product"}],"wp:attachment":[{"href":"https:\/\/roveyayinevi.com.tr\/index.php\/wp-json\/wp\/v2\/media?parent=728867"}],"wp:term":[{"taxonomy":"product_brand","embeddable":true,"href":"https:\/\/roveyayinevi.com.tr\/index.php\/wp-json\/wp\/v2\/product_brand?post=728867"},{"taxonomy":"product_cat","embeddable":true,"href":"https:\/\/roveyayinevi.com.tr\/index.php\/wp-json\/wp\/v2\/product_cat?post=728867"},{"taxonomy":"product_tag","embeddable":true,"href":"https:\/\/roveyayinevi.com.tr\/index.php\/wp-json\/wp\/v2\/product_tag?post=728867"}],"curies":[{"name":"wp","href":"https:\/\/api.w.org\/{rel}","templated":true}]}}