{"id":728865,"date":"2025-08-27T20:46:24","date_gmt":"2025-08-27T17:46:24","guid":{"rendered":"https:\/\/roveyayinevi.com.tr\/index.php\/urun\/gercek-aci-disa-vurulmayan-acidir-gustave-flaubertden-hayat-dersleri\/"},"modified":"2026-04-16T02:36:39","modified_gmt":"2026-04-15T23:36:39","slug":"gercek-aci-disa-vurulmayan-acidir-gustave-flaubertden-hayat-dersleri","status":"publish","type":"product","link":"https:\/\/roveyayinevi.com.tr\/index.php\/urun\/gercek-aci-disa-vurulmayan-acidir-gustave-flaubertden-hayat-dersleri\/","title":{"rendered":"Ger\u00e7ek Ac\u0131 D\u0131\u015fa Vurulmayan Ac\u0131d\u0131r &#8211; Gustave Flaubert\u2019den Hayat Dersleri"},"content":{"rendered":"<p>D\u00fcnya ve Frans\u0131z yaz\u0131n\u0131n\u0131n se\u00e7kin kalemi Flaubert\u2019in yap\u0131tlar\u0131yla hen\u00fcz tan\u0131\u015fmam\u0131\u015f olanlar, hayat hik\u00e2yesini bilmek ve eserlerindeki en \u00e7arp\u0131c\u0131 kesitleri tek seferde okumak isteyenler, bir d\u00f6nemin edebiyat alg\u0131s\u0131n\u0131 de\u011fi\u015ftiren usta romanc\u0131n\u0131n d\u00fcnyas\u0131na bu kitab\u0131n kap\u0131s\u0131ndan girebilirler.Hepimizin i\u00e7inde, d\u00fcnyaya ard\u0131ndan bakt\u0131\u011f\u0131m\u0131z bir prizma sakl\u0131d\u0131r. Ne mutlu, prizmas\u0131nda g\u00fcle\u00e7 renkler, ne\u015feli \u015feyler g\u00f6rebilenlere.Fazla \u00fczmeyin kendinizi. Her \u015feyi derinle\u015ftirmeye \u00e7al\u0131\u015fmak, tehlikeli bir e\u011fimde ko\u015fmakt\u0131r.Kendi ki\u015fili\u011finize t\u00e2bisiniz. \u00d6yleyse \u00f6zg\u00fcr de\u011filsiniz!\u00d6l\u00fcler. Ah bir uyansalar, bir ya\u015fama d\u00f6nseler, bir g\u00f6rseler kefenlerine d\u00f6k\u00fclm\u00fc\u015f g\u00f6zya\u015flar\u0131n\u0131n \u00e7oktan kurudu\u011funu, bo\u011fuk h\u0131\u00e7k\u0131r\u0131klar\u0131n dindi\u011fini, \u00e7\u00f6km\u00fc\u015f y\u00fczlere kan geldi\u011fini, nas\u0131l da tiksinirler g\u00f6zya\u015f\u0131 d\u00f6kerek ayr\u0131ld\u0131klar\u0131 bu hayattan.\u00d6ncelikle \u00fcst s\u0131n\u0131f diye bir \u015fey yoktur, insan ancak y\u00fcre\u011fiyle y\u00fckselir!Ba\u015fkalar\u0131n\u0131n derdine dalarak kendi derdini unuttu, zaten ac\u0131 \u00e7ekmemenin tek yolu da bu de\u011fil miydi?<\/p>\n","protected":false},"excerpt":{"rendered":"<p>D\u00fcnya ve Frans\u0131z yaz\u0131n\u0131n\u0131n se\u00e7kin kalemi Flaubert\u2019in yap\u0131tlar\u0131yla hen\u00fcz tan\u0131\u015fmam\u0131\u015f olanlar, hayat hik\u00e2yesini bilmek ve eserlerindeki en \u00e7arp\u0131c\u0131 kesitleri tek seferde okumak isteyenler, bir d\u00f6nemin edebiyat<span class=\"excerpt-hellip\"> [\u2026]<\/span><\/p>\n","protected":false},"featured_media":0,"template":"","meta":{"_monsterinsights_skip_tracking":false,"_monsterinsights_sitenote_active":false,"_monsterinsights_sitenote_note":"","_monsterinsights_sitenote_category":0},"product_brand":[],"product_cat":[14009,12291],"product_tag":[],"class_list":{"0":"post-728865","1":"product","2":"type-product","3":"status-publish","5":"product_cat-biyografi-otobiyografi-edebiyat","6":"product_cat-edebiyat","7":"pa_cilt-ciltsiz","8":"pa_tur-kitap","9":"pa_yayinevi-hayykitap","10":"pa_yazar-hayy-kolektif","12":"first","13":"instock","14":"sale","15":"shipping-taxable","16":"purchasable","17":"product-type-simple"},"_links":{"self":[{"href":"https:\/\/roveyayinevi.com.tr\/index.php\/wp-json\/wp\/v2\/product\/728865","targetHints":{"allow":["GET"]}}],"collection":[{"href":"https:\/\/roveyayinevi.com.tr\/index.php\/wp-json\/wp\/v2\/product"}],"about":[{"href":"https:\/\/roveyayinevi.com.tr\/index.php\/wp-json\/wp\/v2\/types\/product"}],"wp:attachment":[{"href":"https:\/\/roveyayinevi.com.tr\/index.php\/wp-json\/wp\/v2\/media?parent=728865"}],"wp:term":[{"taxonomy":"product_brand","embeddable":true,"href":"https:\/\/roveyayinevi.com.tr\/index.php\/wp-json\/wp\/v2\/product_brand?post=728865"},{"taxonomy":"product_cat","embeddable":true,"href":"https:\/\/roveyayinevi.com.tr\/index.php\/wp-json\/wp\/v2\/product_cat?post=728865"},{"taxonomy":"product_tag","embeddable":true,"href":"https:\/\/roveyayinevi.com.tr\/index.php\/wp-json\/wp\/v2\/product_tag?post=728865"}],"curies":[{"name":"wp","href":"https:\/\/api.w.org\/{rel}","templated":true}]}}