{"id":728864,"date":"2025-08-27T20:46:23","date_gmt":"2025-08-27T17:46:23","guid":{"rendered":"https:\/\/roveyayinevi.com.tr\/index.php\/urun\/uc-gomlek-hikayesi\/"},"modified":"2025-11-13T06:31:37","modified_gmt":"2025-11-13T03:31:37","slug":"uc-gomlek-hikayesi","status":"publish","type":"product","link":"https:\/\/roveyayinevi.com.tr\/index.php\/urun\/uc-gomlek-hikayesi\/","title":{"rendered":"\u00dc\u00e7 G\u00f6mlek  Hikayesi"},"content":{"rendered":"<p>Hepimiz ezelde yaz\u0131lm\u0131\u015f bir senaryonun yery\u00fcz\u00fcndeki fig\u00fcranlar\u0131y\u0131z ve Allah, her bir nesnenin varl\u0131k \u00e2lemindeki zuh\u00fbrunun, Ezel\u2019de \u201cOl!\u201d emriyle yaratm\u0131\u015f oldu\u011fu bu senaryoya uygun olmas\u0131n\u0131 \u0130l\u00e2h\u00ee Hikmeti\u2019yle mur\u00e2d ve takd\u00eer etmi\u015ftir. B\u00fct\u00fcn oyun s\u00fcresince bizden beklenen, rol\u00fcm\u00fcz\u00fc senaryonun vaz etti\u011fi kurallara g\u00f6re: 1) teslimiyetle ve 2) sab\u0131rla oynamam\u0131zd\u0131r. Kimse ama hi\u00e7 kimse bu senaryonun d\u0131\u015f\u0131na \u00e7\u0131kamaz. \u0130\u015fte Kur\u2019\u00e2n\u2019da \u201cahsen\u00fc\u2019l-kasas\u201d olarak nitelendirilen Hz. Y\u00fbsuf\u2019un k\u0131ssas\u0131 da bu b\u00fcy\u00fck senaryonun ge\u00e7mi\u015f zamanda oynanm\u0131\u015f bir b\u00f6l\u00fcm\u00fcnden\/versiyonundan ibarettir. Bu oyunda sahne alm\u0131\u015f ki\u015filer rollerini en m\u00fckemmel bir \u015fekilde oynam\u0131\u015f, sonunda Allah\u2019\u0131n r\u0131z\u00e2s\u0131n\u0131 kazanm\u0131\u015f olarak sahneyi ba\u015fka oyunculara devretmi\u015flerdir. Bu k\u0131ssa iyi okundu\u011funda Mer\u00e2tib-i Tevh\u00eed\u2019in yani Tevh\u00eed Mertebeleri\u2019nin ilk basama\u011f\u0131 olan Tevh\u00eed-i Ef\u2019\u00e2l\u2019in idr\u00e2kini en az\u0131ndan ilme\u2019l-yak\u00een olarak zevk etmeye kap\u0131 a\u00e7ar. Y\u00fbsuf k\u0131ssas\u0131 i\u00e7eri\u011fi ile \u201cOlacak olan hakk\u0131ndaki h\u00fck\u00fcm yaln\u0131zca Allah\u2019a \u00e2ittir\u201d ger\u00e7ekli\u011fi \u00fczerine kurulmu\u015ftur. Bu \u015fu anlama gelmektedir: \u201cGayb \u00e2lemini de \u015eeh\u00e2det \u00e2lemini de en ince ayr\u0131nt\u0131s\u0131na kadar bilen Allah\u2019t\u0131r. \u00c7\u00fcnk\u00fc her ikisinin de Hak\u00eem ve Al\u00eem olan H\u00e2l\u0131k\u0131 O\u2019dur. O b\u00fct\u00fcn bunlar\u0131 Kader kitab\u0131nda tesbit etmi\u015ftir. O\u2019nun h\u00fckm\u00fcn\u00fcn d\u0131\u015f\u0131nda tecell\u00ee eden hi\u00e7bir \u015fey yoktur.\u201d Niyetimiz z\u00e2hir\/g\u00f6r\u00fcnen bu \u00e2lemin b\u00e2t\u0131n\u0131nda mest\u00fbr olan Hakk\u2019\u0131 m\u00fc\u015f\u00e2hede idr\u00e2kini uyand\u0131rmak ve Karag\u00f6z perdesinin ard\u0131na dikkat \u00e7ekmektir. Bunu ba\u015fard\u0131\u011f\u0131m\u0131z \u00f6l\u00e7\u00fcde kendimizi bahtiyar hissederiz. Kusurlar bize, kusursuzluk ise Allah\u2019a \u00f6zg\u00fcd\u00fcr. <\/p>\n","protected":false},"excerpt":{"rendered":"<p>Hepimiz ezelde yaz\u0131lm\u0131\u015f bir senaryonun yery\u00fcz\u00fcndeki fig\u00fcranlar\u0131y\u0131z ve Allah, her bir nesnenin varl\u0131k \u00e2lemindeki zuh\u00fbrunun, Ezel\u2019de \u201cOl!\u201d emriyle yaratm\u0131\u015f oldu\u011fu bu senaryoya uygun olmas\u0131n\u0131 \u0130l\u00e2h\u00ee Hikmeti\u2019yle<span class=\"excerpt-hellip\"> [\u2026]<\/span><\/p>\n","protected":false},"featured_media":0,"template":"","meta":{"_monsterinsights_skip_tracking":false,"_monsterinsights_sitenote_active":false,"_monsterinsights_sitenote_note":"","_monsterinsights_sitenote_category":0},"product_brand":[],"product_cat":[12718,12719,15238],"product_tag":[],"class_list":{"0":"post-728864","1":"product","2":"type-product","3":"status-publish","5":"product_cat-din","6":"product_cat-islam","7":"product_cat-tasavvuf","8":"pa_cilt-ciltsiz","9":"pa_tur-kitap","10":"pa_yayinevi-hayykitap","11":"pa_yazar-necmettin-sahinler","13":"first","14":"instock","15":"sale","16":"shipping-taxable","17":"purchasable","18":"product-type-simple"},"_links":{"self":[{"href":"https:\/\/roveyayinevi.com.tr\/index.php\/wp-json\/wp\/v2\/product\/728864","targetHints":{"allow":["GET"]}}],"collection":[{"href":"https:\/\/roveyayinevi.com.tr\/index.php\/wp-json\/wp\/v2\/product"}],"about":[{"href":"https:\/\/roveyayinevi.com.tr\/index.php\/wp-json\/wp\/v2\/types\/product"}],"wp:attachment":[{"href":"https:\/\/roveyayinevi.com.tr\/index.php\/wp-json\/wp\/v2\/media?parent=728864"}],"wp:term":[{"taxonomy":"product_brand","embeddable":true,"href":"https:\/\/roveyayinevi.com.tr\/index.php\/wp-json\/wp\/v2\/product_brand?post=728864"},{"taxonomy":"product_cat","embeddable":true,"href":"https:\/\/roveyayinevi.com.tr\/index.php\/wp-json\/wp\/v2\/product_cat?post=728864"},{"taxonomy":"product_tag","embeddable":true,"href":"https:\/\/roveyayinevi.com.tr\/index.php\/wp-json\/wp\/v2\/product_tag?post=728864"}],"curies":[{"name":"wp","href":"https:\/\/api.w.org\/{rel}","templated":true}]}}