{"id":728861,"date":"2025-08-27T20:46:20","date_gmt":"2025-08-27T17:46:20","guid":{"rendered":"https:\/\/roveyayinevi.com.tr\/index.php\/urun\/sarmas-dolas-2\/"},"modified":"2026-04-16T02:36:39","modified_gmt":"2026-04-15T23:36:39","slug":"sarmas-dolas-2","status":"publish","type":"product","link":"https:\/\/roveyayinevi.com.tr\/index.php\/urun\/sarmas-dolas-2\/","title":{"rendered":"Sarma\u015f Dola\u015f"},"content":{"rendered":"<p>Eksik par\u00e7an\u0131z\u0131 buldu\u011funuzda, mucizeler ger\u00e7ekle\u015fmeye ba\u015flar.   \u015eimdi hemen sevdice\u011finizin yan\u0131na sokulun. Ard\u0131ndan da kendinizi ufak tefek tuhafl\u0131klar\u0131n, g\u00fcndelik at\u0131\u015fmalar\u0131n ve sevgi dolu bar\u0131\u015fmalar\u0131nkollar\u0131na b\u0131rak\u0131n.   \u201cCatana\u2019n\u0131n hayata ve sevgilisine dair karikat\u00fcrleri i\u00e7inizi \u0131s\u0131tacak.\u201d \u2014HuffPost <\/p>\n","protected":false},"excerpt":{"rendered":"<p>Eksik par\u00e7an\u0131z\u0131 buldu\u011funuzda, mucizeler ger\u00e7ekle\u015fmeye ba\u015flar. \u015eimdi hemen sevdice\u011finizin yan\u0131na sokulun. Ard\u0131ndan da kendinizi ufak tefek tuhafl\u0131klar\u0131n, g\u00fcndelik at\u0131\u015fmalar\u0131n ve sevgi dolu bar\u0131\u015fmalar\u0131nkollar\u0131na b\u0131rak\u0131n. \u201cCatana\u2019n\u0131n hayata<span class=\"excerpt-hellip\"> [\u2026]<\/span><\/p>\n","protected":false},"featured_media":0,"template":"","meta":{"_monsterinsights_skip_tracking":false,"_monsterinsights_sitenote_active":false,"_monsterinsights_sitenote_note":"","_monsterinsights_sitenote_category":0},"product_brand":[],"product_cat":[12416,12291],"product_tag":[],"class_list":{"0":"post-728861","1":"product","2":"type-product","3":"status-publish","5":"product_cat-cizgi-roman","6":"product_cat-edebiyat","7":"pa_cilt-ciltsiz","8":"pa_tur-kitap","9":"pa_yayinevi-yabanci-yayinevi","10":"pa_yazar-catana-chetwynd","12":"first","13":"instock","14":"sale","15":"shipping-taxable","16":"purchasable","17":"product-type-simple"},"_links":{"self":[{"href":"https:\/\/roveyayinevi.com.tr\/index.php\/wp-json\/wp\/v2\/product\/728861","targetHints":{"allow":["GET"]}}],"collection":[{"href":"https:\/\/roveyayinevi.com.tr\/index.php\/wp-json\/wp\/v2\/product"}],"about":[{"href":"https:\/\/roveyayinevi.com.tr\/index.php\/wp-json\/wp\/v2\/types\/product"}],"wp:attachment":[{"href":"https:\/\/roveyayinevi.com.tr\/index.php\/wp-json\/wp\/v2\/media?parent=728861"}],"wp:term":[{"taxonomy":"product_brand","embeddable":true,"href":"https:\/\/roveyayinevi.com.tr\/index.php\/wp-json\/wp\/v2\/product_brand?post=728861"},{"taxonomy":"product_cat","embeddable":true,"href":"https:\/\/roveyayinevi.com.tr\/index.php\/wp-json\/wp\/v2\/product_cat?post=728861"},{"taxonomy":"product_tag","embeddable":true,"href":"https:\/\/roveyayinevi.com.tr\/index.php\/wp-json\/wp\/v2\/product_tag?post=728861"}],"curies":[{"name":"wp","href":"https:\/\/api.w.org\/{rel}","templated":true}]}}