{"id":728860,"date":"2025-08-27T20:46:19","date_gmt":"2025-08-27T17:46:19","guid":{"rendered":"https:\/\/roveyayinevi.com.tr\/index.php\/urun\/degisim-gerekliyse-korkma\/"},"modified":"2026-04-16T02:36:39","modified_gmt":"2026-04-15T23:36:39","slug":"degisim-gerekliyse-korkma","status":"publish","type":"product","link":"https:\/\/roveyayinevi.com.tr\/index.php\/urun\/degisim-gerekliyse-korkma\/","title":{"rendered":"De\u011fi\u015fim Gerekliyse Korkma"},"content":{"rendered":"<p>Y\u0131lmaz Akba\u015f, \u201cDe\u011fi\u015fim Gerekliyse Korkma\u201d adl\u0131 deneme kitab\u0131nda, \u201cBelki de insano\u011flu \u00e7\u00f6z\u00fclmesi gereken bir \u201c\u015fey\u201d de\u011fildi de insan hep \u00e7\u00f6zmeye \u00e7al\u0131\u015ft\u0131\u011f\u0131ndan dolay\u0131 bir t\u00fcrl\u00fc \u00e7\u00f6zemiyordu,\u201d diyor. Ve insan\u0131n belki de hi\u00e7 \u00e7\u00f6zemeyece\u011fi bir duygu olan \u201ca\u015fk\u201dtan bahsediyor. \u201cYa a\u015fka d\u00fc\u015ft\u00fc\u011f\u00fcmde \u00fcz\u00fcl\u00fcrsem?\u201d diye korkarak soran sat\u0131r aralar\u0131ndaki okurun i\u00e7 sesine ise, \u201c\u00dczen a\u015fk de\u011fil, \u00fczen eskilere tak\u0131lmak. Tak\u0131l\u0131p kald\u0131\u011f\u0131n noktada de\u011fi\u015fim gerekliyse, korkma\u201d diye usulca f\u0131s\u0131ld\u0131yor. Birbirinden ayr\u0131 ba\u015fl\u0131klardaki yaz\u0131lar\u0131nda a\u015fk\u0131, \u00e2\u015f\u0131k olan\u0131 ve \u00e2\u015f\u0131k olunan\u0131 anlat\u0131rken bir yandan okura en iyi s\u0131rda\u015f\u0131n\u0131n kim oldu\u011funu sorgulat\u0131yor? Bu s\u0131rda\u015f\u0131m\u0131z\u0131n gerekti\u011finde sert \u00e7\u0131k\u0131\u015flar yapt\u0131\u011f\u0131n\u0131 ama gerekti\u011finde de bize hak etti\u011fimiz de\u011feri g\u00f6sterdi\u011fine dair ipucu verirken, okura \u201cBunu bize kim yapar ki?\u201d diye d\u00fc\u015f\u00fcnd\u00fcr\u00fcyor. \u201cOnunla ancak #aynadakiylesohbet etme cesaretini g\u00f6sterebilenler tan\u0131\u015fabilecek ve hayatlar\u0131 tamamen de\u011fi\u015fecek\u201d diye de ekliyor.     \u201cTe\u015fekk\u00fcrler beni terk etti\u011fin i\u00e7in. Aksi h\u00e2lde, hayat\u0131 senden ibaret sanacakt\u0131m!\u201d <\/p>\n","protected":false},"excerpt":{"rendered":"<p>Y\u0131lmaz Akba\u015f, \u201cDe\u011fi\u015fim Gerekliyse Korkma\u201d adl\u0131 deneme kitab\u0131nda, \u201cBelki de insano\u011flu \u00e7\u00f6z\u00fclmesi gereken bir \u201c\u015fey\u201d de\u011fildi de insan hep \u00e7\u00f6zmeye \u00e7al\u0131\u015ft\u0131\u011f\u0131ndan dolay\u0131 bir t\u00fcrl\u00fc \u00e7\u00f6zemiyordu,\u201d diyor.<span class=\"excerpt-hellip\"> [\u2026]<\/span><\/p>\n","protected":false},"featured_media":0,"template":"","meta":{"_monsterinsights_skip_tracking":false,"_monsterinsights_sitenote_active":false,"_monsterinsights_sitenote_note":"","_monsterinsights_sitenote_category":0},"product_brand":[],"product_cat":[12777,12291],"product_tag":[],"class_list":{"0":"post-728860","1":"product","2":"type-product","3":"status-publish","5":"product_cat-deneme","6":"product_cat-edebiyat","7":"pa_cilt-ciltsiz","8":"pa_tur-kitap","9":"pa_yayinevi-muptela-yayinevi","10":"pa_yazar-yilmaz-akbas","12":"first","13":"instock","14":"sale","15":"shipping-taxable","16":"purchasable","17":"product-type-simple"},"_links":{"self":[{"href":"https:\/\/roveyayinevi.com.tr\/index.php\/wp-json\/wp\/v2\/product\/728860","targetHints":{"allow":["GET"]}}],"collection":[{"href":"https:\/\/roveyayinevi.com.tr\/index.php\/wp-json\/wp\/v2\/product"}],"about":[{"href":"https:\/\/roveyayinevi.com.tr\/index.php\/wp-json\/wp\/v2\/types\/product"}],"wp:attachment":[{"href":"https:\/\/roveyayinevi.com.tr\/index.php\/wp-json\/wp\/v2\/media?parent=728860"}],"wp:term":[{"taxonomy":"product_brand","embeddable":true,"href":"https:\/\/roveyayinevi.com.tr\/index.php\/wp-json\/wp\/v2\/product_brand?post=728860"},{"taxonomy":"product_cat","embeddable":true,"href":"https:\/\/roveyayinevi.com.tr\/index.php\/wp-json\/wp\/v2\/product_cat?post=728860"},{"taxonomy":"product_tag","embeddable":true,"href":"https:\/\/roveyayinevi.com.tr\/index.php\/wp-json\/wp\/v2\/product_tag?post=728860"}],"curies":[{"name":"wp","href":"https:\/\/api.w.org\/{rel}","templated":true}]}}