{"id":728859,"date":"2025-08-27T20:46:18","date_gmt":"2025-08-27T17:46:18","guid":{"rendered":"https:\/\/roveyayinevi.com.tr\/index.php\/urun\/kralice-cadi-beyaz-kanatli-vampir-9\/"},"modified":"2026-04-16T02:36:39","modified_gmt":"2026-04-15T23:36:39","slug":"kralice-cadi-beyaz-kanatli-vampir-9","status":"publish","type":"product","link":"https:\/\/roveyayinevi.com.tr\/index.php\/urun\/kralice-cadi-beyaz-kanatli-vampir-9\/","title":{"rendered":"Krali\u00e7e Cad\u0131 &#8211; Beyaz Kanatl\u0131 Vampir 9"},"content":{"rendered":"<p>Beyaz Kanatl\u0131 Vampir serisi ilk kitab\u0131yla y\u00fcz binlerce \u00e7ocu\u011fun g\u00f6nl\u00fcn\u00fc fethetmeyi ba\u015fard\u0131. Di\u011fer kitaplar\u0131 ile de tutkulu bir hayran kitlesine sahip oldu. Kitap okumaktan nefret eden \u00e7ocuklar dahi bu seriye kay\u0131ts\u0131z kalamad\u0131. Tam bitti derken bamba\u015fka bir macerayla yeniden ba\u015flad\u0131. Ve \u015fimdi Beyaz Kanatl\u0131 Vampir 9- Krali\u00e7e Cad\u0131 sizlerle. Her sayfas\u0131nda heyecan, macera ve e\u011flence&#8230;<\/p>\n","protected":false},"excerpt":{"rendered":"<p>Beyaz Kanatl\u0131 Vampir serisi ilk kitab\u0131yla y\u00fcz binlerce \u00e7ocu\u011fun g\u00f6nl\u00fcn\u00fc fethetmeyi ba\u015fard\u0131. Di\u011fer kitaplar\u0131 ile de tutkulu bir hayran kitlesine sahip oldu. Kitap okumaktan nefret eden<span class=\"excerpt-hellip\"> [\u2026]<\/span><\/p>\n","protected":false},"featured_media":0,"template":"","meta":{"_monsterinsights_skip_tracking":false,"_monsterinsights_sitenote_active":false,"_monsterinsights_sitenote_note":"","_monsterinsights_sitenote_category":0},"product_brand":[],"product_cat":[12275,12274],"product_tag":[],"class_list":{"0":"post-728859","1":"product","2":"type-product","3":"status-publish","5":"product_cat-6-12-yas-kitaplari","6":"product_cat-cocuk-ve-genclik-kitaplari","7":"pa_cilt-ciltsiz","8":"pa_tur-kitap","9":"pa_yayinevi-pinus-kitap","10":"pa_yazar-erkan-iseri","12":"first","13":"instock","14":"sale","15":"shipping-taxable","16":"purchasable","17":"product-type-simple"},"_links":{"self":[{"href":"https:\/\/roveyayinevi.com.tr\/index.php\/wp-json\/wp\/v2\/product\/728859","targetHints":{"allow":["GET"]}}],"collection":[{"href":"https:\/\/roveyayinevi.com.tr\/index.php\/wp-json\/wp\/v2\/product"}],"about":[{"href":"https:\/\/roveyayinevi.com.tr\/index.php\/wp-json\/wp\/v2\/types\/product"}],"wp:attachment":[{"href":"https:\/\/roveyayinevi.com.tr\/index.php\/wp-json\/wp\/v2\/media?parent=728859"}],"wp:term":[{"taxonomy":"product_brand","embeddable":true,"href":"https:\/\/roveyayinevi.com.tr\/index.php\/wp-json\/wp\/v2\/product_brand?post=728859"},{"taxonomy":"product_cat","embeddable":true,"href":"https:\/\/roveyayinevi.com.tr\/index.php\/wp-json\/wp\/v2\/product_cat?post=728859"},{"taxonomy":"product_tag","embeddable":true,"href":"https:\/\/roveyayinevi.com.tr\/index.php\/wp-json\/wp\/v2\/product_tag?post=728859"}],"curies":[{"name":"wp","href":"https:\/\/api.w.org\/{rel}","templated":true}]}}