{"id":728858,"date":"2025-08-27T20:46:18","date_gmt":"2025-08-27T17:46:18","guid":{"rendered":"https:\/\/roveyayinevi.com.tr\/index.php\/urun\/sputcik\/"},"modified":"2026-04-16T02:36:39","modified_gmt":"2026-04-15T23:36:39","slug":"sputcik","status":"publish","type":"product","link":"https:\/\/roveyayinevi.com.tr\/index.php\/urun\/sputcik\/","title":{"rendered":"Sputcik"},"content":{"rendered":"<p>Cikcik, g\u00fcn\u00fcn birinde MARS\u2019agidecek. Orada, bir s\u00fcr\u00fc arkada\u015f\u0131olacak. S\u00f6z! Hem de civciv s\u00f6z\u00fc! Mars\u2019a gitmek imk\u00e2ns\u0131zm\u0131\u015f. Hi\u00e7 durmadan bunu s\u00f6yl\u00fcyorlar ama, bo\u015funa! Cikcik\u2019in bu laflar\u0131 dinlemeye hi\u00e7 niyeti yok. Sevimsiz \u015fakalar yapmaya bay\u0131lan Ragor ve Gorka i\u00e7in ise Cikcik \u00e7antada keklik! Bu iki s\u0131\u00e7an, Cikcik\u2019in Mars\u2019a gitmesine \u201cyard\u0131mc\u0131\u201d olmak i\u00e7in ellerinden gelen her \u015feyi yapacak!<\/p>\n","protected":false},"excerpt":{"rendered":"<p>Cikcik, g\u00fcn\u00fcn birinde MARS\u2019agidecek. Orada, bir s\u00fcr\u00fc arkada\u015f\u0131olacak. S\u00f6z! Hem de civciv s\u00f6z\u00fc! Mars\u2019a gitmek imk\u00e2ns\u0131zm\u0131\u015f. Hi\u00e7 durmadan bunu s\u00f6yl\u00fcyorlar ama, bo\u015funa! Cikcik\u2019in bu laflar\u0131 dinlemeye<span class=\"excerpt-hellip\"> [\u2026]<\/span><\/p>\n","protected":false},"featured_media":0,"template":"","meta":{"_monsterinsights_skip_tracking":false,"_monsterinsights_sitenote_active":false,"_monsterinsights_sitenote_note":"","_monsterinsights_sitenote_category":0},"product_brand":[],"product_cat":[12913,12274],"product_tag":[],"class_list":{"0":"post-728858","1":"product","2":"type-product","3":"status-publish","5":"product_cat-3-6-yas-kitaplari","6":"product_cat-cocuk-ve-genclik-kitaplari","7":"pa_cilt-ciltsiz","8":"pa_tur-kitap","9":"pa_yayinevi-kuraldisi-yayinevi","10":"pa_yazar-jerome-camil","12":"first","13":"instock","14":"sale","15":"shipping-taxable","16":"purchasable","17":"product-type-simple"},"_links":{"self":[{"href":"https:\/\/roveyayinevi.com.tr\/index.php\/wp-json\/wp\/v2\/product\/728858","targetHints":{"allow":["GET"]}}],"collection":[{"href":"https:\/\/roveyayinevi.com.tr\/index.php\/wp-json\/wp\/v2\/product"}],"about":[{"href":"https:\/\/roveyayinevi.com.tr\/index.php\/wp-json\/wp\/v2\/types\/product"}],"wp:attachment":[{"href":"https:\/\/roveyayinevi.com.tr\/index.php\/wp-json\/wp\/v2\/media?parent=728858"}],"wp:term":[{"taxonomy":"product_brand","embeddable":true,"href":"https:\/\/roveyayinevi.com.tr\/index.php\/wp-json\/wp\/v2\/product_brand?post=728858"},{"taxonomy":"product_cat","embeddable":true,"href":"https:\/\/roveyayinevi.com.tr\/index.php\/wp-json\/wp\/v2\/product_cat?post=728858"},{"taxonomy":"product_tag","embeddable":true,"href":"https:\/\/roveyayinevi.com.tr\/index.php\/wp-json\/wp\/v2\/product_tag?post=728858"}],"curies":[{"name":"wp","href":"https:\/\/api.w.org\/{rel}","templated":true}]}}