{"id":728857,"date":"2025-08-27T20:46:17","date_gmt":"2025-08-27T17:46:17","guid":{"rendered":"https:\/\/roveyayinevi.com.tr\/index.php\/urun\/dilbilgisi-bilesenleri\/"},"modified":"2026-04-16T02:36:39","modified_gmt":"2026-04-15T23:36:39","slug":"dilbilgisi-bilesenleri","status":"publish","type":"product","link":"https:\/\/roveyayinevi.com.tr\/index.php\/urun\/dilbilgisi-bilesenleri\/","title":{"rendered":"Dilbilgisi Bile\u015fenleri"},"content":{"rendered":"<p>\u201cBu kitap, tarih boyunca insan\u0131n kulland\u0131\u011f\u0131 en \u00f6nemli ara\u00e7 olan dilin nelerden ve nas\u0131l olu\u015ftu\u011fu sorunu \u00fczerine d\u00fc\u015f\u00fcnen pek \u00e7ok ara\u015ft\u0131rmac\u0131n\u0131n elde etti\u011fi bulgular\u0131 betimlemektedir. Bu bulgular \u0131\u015f\u0131\u011f\u0131nda, dilbilgisinin sesbilim, bi\u00e7imbilim, s\u00f6zdizim ve anlambilim bile\u015fenlerini, pek \u00e7ok dilde ger\u00e7ekte olduklar\u0131 ve kullan\u0131ld\u0131klar\u0131 bi\u00e7imleriyle ele almaktad\u0131r. B\u00f6ylelikle, dillerin dilbilgisel dizgelerinde bulunan d\u00fczenlilik \u00f6r\u00fcnt\u00fclerine nas\u0131l ula\u015f\u0131ld\u0131\u011f\u0131 ve bundan sonra nas\u0131l ula\u015f\u0131laca\u011f\u0131 hakk\u0131nda kapsaml\u0131 bilgiler sunmaktad\u0131r. Her ne kadar bu betimleme, kimi zaman ger\u00e7ek dil verileri \u00fczerinden \u00f6rneklendirilerek yap\u0131lsa da her bir dilbilgisi bile\u015feninin anlat\u0131ld\u0131\u011f\u0131 b\u00f6l\u00fcm, soyut bir \u00fcstdilin ve berimsel ya da algoritmik kurallar dizgesinin benimsenmesiyle olu\u015fturulmu\u015f, bi\u00e7imci yakla\u015f\u0131m\u0131n genel e\u011filimiyle, soyutlamalar \u00fczerinden gidilmi\u015ftir. Bu nedenle asl\u0131nda bu kitap, belirli bir dilde bulunan dilbilgisel \u00f6zelliklerin, dilleraras\u0131 ortakl\u0131klar\u0131n ve farkl\u0131l\u0131klar\u0131n betimlenmesinin \u00f6tesinde, kimi noktalarda evrensel boyuttaki bi\u00e7imsel ilkeler temelinde a\u00e7\u0131klay\u0131c\u0131 bir tav\u0131r da sunmakta, t\u00fcm bu \u00f6zellikleriyle kendine T\u00fcrk\u00e7e dilbilim alanyaz\u0131n\u0131nda \u00f6zg\u00fcn bir yer a\u00e7m\u0131\u015f olmaktad\u0131r.\u201d   \u0130thaki Yay\u0131nlar\u0131, \u00e7a\u011fda\u015f dilbilim \u00e7al\u0131\u015fmalar\u0131na katk\u0131 niteli\u011findeki yay\u0131mlar\u0131na bir yenisini ekliyor. <\/p>\n","protected":false},"excerpt":{"rendered":"<p>\u201cBu kitap, tarih boyunca insan\u0131n kulland\u0131\u011f\u0131 en \u00f6nemli ara\u00e7 olan dilin nelerden ve nas\u0131l olu\u015ftu\u011fu sorunu \u00fczerine d\u00fc\u015f\u00fcnen pek \u00e7ok ara\u015ft\u0131rmac\u0131n\u0131n elde etti\u011fi bulgular\u0131 betimlemektedir. Bu<span class=\"excerpt-hellip\"> [\u2026]<\/span><\/p>\n","protected":false},"featured_media":0,"template":"","meta":{"_monsterinsights_skip_tracking":false,"_monsterinsights_sitenote_active":false,"_monsterinsights_sitenote_note":"","_monsterinsights_sitenote_category":0},"product_brand":[],"product_cat":[20225,12291],"product_tag":[],"class_list":{"0":"post-728857","1":"product","2":"type-product","3":"status-publish","5":"product_cat-dil-bilim","6":"product_cat-edebiyat","7":"pa_cilt-ciltsiz","8":"pa_tur-kitap","9":"pa_yayinevi-ithaki-yayinlari","10":"pa_yazar-ithaki-yayinlari-kolektif","12":"first","13":"instock","14":"sale","15":"shipping-taxable","16":"purchasable","17":"product-type-simple"},"_links":{"self":[{"href":"https:\/\/roveyayinevi.com.tr\/index.php\/wp-json\/wp\/v2\/product\/728857","targetHints":{"allow":["GET"]}}],"collection":[{"href":"https:\/\/roveyayinevi.com.tr\/index.php\/wp-json\/wp\/v2\/product"}],"about":[{"href":"https:\/\/roveyayinevi.com.tr\/index.php\/wp-json\/wp\/v2\/types\/product"}],"wp:attachment":[{"href":"https:\/\/roveyayinevi.com.tr\/index.php\/wp-json\/wp\/v2\/media?parent=728857"}],"wp:term":[{"taxonomy":"product_brand","embeddable":true,"href":"https:\/\/roveyayinevi.com.tr\/index.php\/wp-json\/wp\/v2\/product_brand?post=728857"},{"taxonomy":"product_cat","embeddable":true,"href":"https:\/\/roveyayinevi.com.tr\/index.php\/wp-json\/wp\/v2\/product_cat?post=728857"},{"taxonomy":"product_tag","embeddable":true,"href":"https:\/\/roveyayinevi.com.tr\/index.php\/wp-json\/wp\/v2\/product_tag?post=728857"}],"curies":[{"name":"wp","href":"https:\/\/api.w.org\/{rel}","templated":true}]}}