{"id":728855,"date":"2025-08-27T20:46:14","date_gmt":"2025-08-27T17:46:14","guid":{"rendered":"https:\/\/roveyayinevi.com.tr\/index.php\/urun\/butun-siirleri-7\/"},"modified":"2026-04-16T02:36:39","modified_gmt":"2026-04-15T23:36:39","slug":"butun-siirleri-7","status":"publish","type":"product","link":"https:\/\/roveyayinevi.com.tr\/index.php\/urun\/butun-siirleri-7\/","title":{"rendered":"B\u00fct\u00fcn \u015eiirleri"},"content":{"rendered":"<p>\u015eimdi k\u0131l\u0131ks\u0131z\u0131m, fakat Bor\u00e7lar\u0131m\u0131 \u00f6dedikten sonra \u0130htimal bir kat da yeni esvab\u0131m olacak Ve ihtimal sen Yine beni sevmiyeceksin. Bununla beraber pazar ak\u015famlar\u0131 Sizin mahalleden ge\u00e7erken, S\u00fcslenmi\u015f olarak, Zannediyor musun ki ben de sana \u015eimdiki kadar k\u0131ymet verece\u011fim? <\/p>\n","protected":false},"excerpt":{"rendered":"<p>\u015eimdi k\u0131l\u0131ks\u0131z\u0131m, fakat Bor\u00e7lar\u0131m\u0131 \u00f6dedikten sonra \u0130htimal bir kat da yeni esvab\u0131m olacak Ve ihtimal sen Yine beni sevmiyeceksin. Bununla beraber pazar ak\u015famlar\u0131 Sizin mahalleden ge\u00e7erken,<span class=\"excerpt-hellip\"> [\u2026]<\/span><\/p>\n","protected":false},"featured_media":0,"template":"","meta":{"_monsterinsights_skip_tracking":false,"_monsterinsights_sitenote_active":false,"_monsterinsights_sitenote_note":"","_monsterinsights_sitenote_category":0},"product_brand":[],"product_cat":[12291,12509],"product_tag":[],"class_list":{"0":"post-728855","1":"product","2":"type-product","3":"status-publish","5":"product_cat-edebiyat","6":"product_cat-siir","7":"pa_cilt-ciltsiz","8":"pa_tur-kitap","9":"pa_yayinevi-ithaki-yayinlari","10":"pa_yazar-orhan-veli-kanik","12":"first","13":"instock","14":"sale","15":"shipping-taxable","16":"purchasable","17":"product-type-simple"},"_links":{"self":[{"href":"https:\/\/roveyayinevi.com.tr\/index.php\/wp-json\/wp\/v2\/product\/728855","targetHints":{"allow":["GET"]}}],"collection":[{"href":"https:\/\/roveyayinevi.com.tr\/index.php\/wp-json\/wp\/v2\/product"}],"about":[{"href":"https:\/\/roveyayinevi.com.tr\/index.php\/wp-json\/wp\/v2\/types\/product"}],"wp:attachment":[{"href":"https:\/\/roveyayinevi.com.tr\/index.php\/wp-json\/wp\/v2\/media?parent=728855"}],"wp:term":[{"taxonomy":"product_brand","embeddable":true,"href":"https:\/\/roveyayinevi.com.tr\/index.php\/wp-json\/wp\/v2\/product_brand?post=728855"},{"taxonomy":"product_cat","embeddable":true,"href":"https:\/\/roveyayinevi.com.tr\/index.php\/wp-json\/wp\/v2\/product_cat?post=728855"},{"taxonomy":"product_tag","embeddable":true,"href":"https:\/\/roveyayinevi.com.tr\/index.php\/wp-json\/wp\/v2\/product_tag?post=728855"}],"curies":[{"name":"wp","href":"https:\/\/api.w.org\/{rel}","templated":true}]}}