{"id":728854,"date":"2025-08-27T20:46:13","date_gmt":"2025-08-27T17:46:13","guid":{"rendered":"https:\/\/roveyayinevi.com.tr\/index.php\/urun\/asi-ruhlar\/"},"modified":"2026-04-16T02:36:39","modified_gmt":"2026-04-15T23:36:39","slug":"asi-ruhlar","status":"publish","type":"product","link":"https:\/\/roveyayinevi.com.tr\/index.php\/urun\/asi-ruhlar\/","title":{"rendered":"Asi Ruhlar"},"content":{"rendered":"<p>\u201cDo\u011fu ile Bat\u0131\u2019n\u0131n aras\u0131ndaki s\u0131n\u0131r\u0131 ger\u00e7ekten a\u015fan nadir yazarlardand\u0131 ve her ne kadar bir L\u00fcbnanl\u0131 ve vatansever olsa da kendine d\u00fcnya vatanda\u015f\u0131 diyebilirdi.\u201d \u2013Profes\u00f6r S\u00fcheyl Bu\u015frui   Halil Cibran\u2019\u0131n, 1908 y\u0131l\u0131nda, kilisenin ve insan\u0131n otoritesini sorgulad\u0131\u011f\u0131, yay\u0131mland\u0131\u011f\u0131nda \u00e7ok\u00e7a ele\u015ftirilen kitab\u0131 Asi Ruhlar, Beyrut\u2019ta, \u00fclkenin huzuru i\u00e7in zehirli ve tehlikeli g\u00f6r\u00fcld\u00fc\u011f\u00fc s\u00f6ylenerek pazar yerinde, halk aras\u0131nda yak\u0131lm\u0131\u015f, Cibran da belirli bir s\u00fcre sonra \u00fclkeden s\u00fcrg\u00fcn edilmi\u015fti.   Halil Cibran\u2019\u0131n yerle\u015fik d\u00fczene, e\u015fitsizlik ve adaletsizli\u011fin her t\u00fcrl\u00fcs\u00fcne cesurca sald\u0131rd\u0131\u011f\u0131 Asi Ruhlar \u00fc\u00e7 k\u0131s\u0131mdan olu\u015fuyor. \u0130lk k\u0131s\u0131m \u201cMadam Rose Hanie\u201dde zina i\u015fledi\u011fi i\u00e7in herkesin g\u00f6z\u00fcnde k\u00f6t\u00fclenen bir kad\u0131n\u0131 dinliyor, ikinci k\u0131s\u0131m \u201cMezarlar\u0131n \u00c7\u0131\u011fl\u0131\u011f\u0131\u201dnda ac\u0131mas\u0131z bir h\u00fck\u00fcmdar\u0131n uygulad\u0131\u011f\u0131 kanunlar\u0131n halka nas\u0131l zulmetti\u011fini g\u00f6r\u00fcyor, son k\u0131s\u0131m \u201cK\u00e2fir Halil\u201dde ise dinin yozla\u015fm\u0131\u015f otoritesini sorgulayan bir delikanl\u0131n\u0131n ba\u015f\u0131ndan ge\u00e7enleri okuyoruz. <\/p>\n","protected":false},"excerpt":{"rendered":"<p>\u201cDo\u011fu ile Bat\u0131\u2019n\u0131n aras\u0131ndaki s\u0131n\u0131r\u0131 ger\u00e7ekten a\u015fan nadir yazarlardand\u0131 ve her ne kadar bir L\u00fcbnanl\u0131 ve vatansever olsa da kendine d\u00fcnya vatanda\u015f\u0131 diyebilirdi.\u201d \u2013Profes\u00f6r S\u00fcheyl Bu\u015frui<span class=\"excerpt-hellip\"> [\u2026]<\/span><\/p>\n","protected":false},"featured_media":0,"template":"","meta":{"_monsterinsights_skip_tracking":false,"_monsterinsights_sitenote_active":false,"_monsterinsights_sitenote_note":"","_monsterinsights_sitenote_category":0},"product_brand":[],"product_cat":[12540,12291],"product_tag":[],"class_list":{"0":"post-728854","1":"product","2":"type-product","3":"status-publish","5":"product_cat-bilim-kurgu","6":"product_cat-edebiyat","7":"pa_cilt-ciltsiz","8":"pa_tur-kitap","9":"pa_yayinevi-ithaki-yayinlari","10":"pa_yazar-halil-cibran","12":"first","13":"instock","14":"sale","15":"shipping-taxable","16":"purchasable","17":"product-type-simple"},"_links":{"self":[{"href":"https:\/\/roveyayinevi.com.tr\/index.php\/wp-json\/wp\/v2\/product\/728854","targetHints":{"allow":["GET"]}}],"collection":[{"href":"https:\/\/roveyayinevi.com.tr\/index.php\/wp-json\/wp\/v2\/product"}],"about":[{"href":"https:\/\/roveyayinevi.com.tr\/index.php\/wp-json\/wp\/v2\/types\/product"}],"wp:attachment":[{"href":"https:\/\/roveyayinevi.com.tr\/index.php\/wp-json\/wp\/v2\/media?parent=728854"}],"wp:term":[{"taxonomy":"product_brand","embeddable":true,"href":"https:\/\/roveyayinevi.com.tr\/index.php\/wp-json\/wp\/v2\/product_brand?post=728854"},{"taxonomy":"product_cat","embeddable":true,"href":"https:\/\/roveyayinevi.com.tr\/index.php\/wp-json\/wp\/v2\/product_cat?post=728854"},{"taxonomy":"product_tag","embeddable":true,"href":"https:\/\/roveyayinevi.com.tr\/index.php\/wp-json\/wp\/v2\/product_tag?post=728854"}],"curies":[{"name":"wp","href":"https:\/\/api.w.org\/{rel}","templated":true}]}}