{"id":728851,"date":"2025-08-27T20:46:10","date_gmt":"2025-08-27T17:46:10","guid":{"rendered":"https:\/\/roveyayinevi.com.tr\/index.php\/urun\/hayvan-ciftligi-50-yil-edisyonu-ciltli\/"},"modified":"2026-04-16T02:36:39","modified_gmt":"2026-04-15T23:36:39","slug":"hayvan-ciftligi-50-yil-edisyonu-ciltli","status":"publish","type":"product","link":"https:\/\/roveyayinevi.com.tr\/index.php\/urun\/hayvan-ciftligi-50-yil-edisyonu-ciltli\/","title":{"rendered":"Hayvan \u00c7iftli\u011fi 50. Y\u0131l Edisyonu (Ciltli)"},"content":{"rendered":"<p>1945 y\u0131l\u0131nda yay\u0131mlanmas\u0131ndan itibaren Hayvan \u00c7iftli\u011fi tarihte en \u00e7ok tart\u0131\u015fma yaratan kitaplardan biri oldu. D\u00fcnya \u00e7ap\u0131nda onlarca dile \u00e7evrilip milyonlarca okurla bulu\u015ftu. Elinizdeki edisyon, kitab\u0131n ellinci y\u0131l\u0131n\u0131 kutlamak ad\u0131na \u00f6zel olarak tasarland\u0131. \u00c7a\u011f\u0131m\u0131z\u0131n en \u00f6nemli politik \u00e7izerlerinden Ralph Steadman\u2019\u0131n 100 adet renkli \u00e7izimi ve eskizleriyle Hayvan \u00c7iftli\u011fi\u2019nin karanl\u0131k d\u00fcnyas\u0131 can buldu.   Yaz\u0131ld\u0131\u011f\u0131 g\u00fcnk\u00fc \u00f6nemini ve g\u00fcncelli\u011fini h\u00e2l\u00e2 koruyan Hayvan \u00c7iftli\u011fi, Sovyetler Birli\u011fi \u00fczerine yaz\u0131lm\u0131\u015f \u00e7arp\u0131c\u0131 bir hiciv. Bir \u00e7iftlikteki hayvanlar\u0131n sahiplerine kar\u015f\u0131 isyan edip tiranl\u0131\u011f\u0131 devrimlerle y\u0131kmas\u0131n\u0131 ama iktidar\u0131n her muktediri zehirledi\u011fini ve en y\u00fcce ama\u00e7lar\u0131n bile k\u00f6t\u00fcye kullanabilece\u011fini g\u00f6steren e\u015fsiz bir distopya.   Bu \u00f6zel edisyonda Orwell\u2019in kitap i\u00e7in yazd\u0131\u011f\u0131 ancak o d\u00f6nemde yay\u0131mlanmayan \u00f6ns\u00f6z\u00fc ile 1947\u2019de Ukrayna edisyonuna yazd\u0131\u011f\u0131 \u00f6ns\u00f6z de yer al\u0131yor. Bu ek metinler Orwell\u2019in kitab\u0131 yazarken hangi tarihi olaylardan etkilendi\u011fini ve ya\u015fad\u0131\u011f\u0131 d\u00f6nemi nas\u0131l ele ald\u0131\u011f\u0131n\u0131 g\u00f6zler \u00f6n\u00fcne seriyor. <\/p>\n","protected":false},"excerpt":{"rendered":"<p>1945 y\u0131l\u0131nda yay\u0131mlanmas\u0131ndan itibaren Hayvan \u00c7iftli\u011fi tarihte en \u00e7ok tart\u0131\u015fma yaratan kitaplardan biri oldu. D\u00fcnya \u00e7ap\u0131nda onlarca dile \u00e7evrilip milyonlarca okurla bulu\u015ftu. Elinizdeki edisyon, kitab\u0131n ellinci<span class=\"excerpt-hellip\"> [\u2026]<\/span><\/p>\n","protected":false},"featured_media":0,"template":"","meta":{"_monsterinsights_skip_tracking":false,"_monsterinsights_sitenote_active":false,"_monsterinsights_sitenote_note":"","_monsterinsights_sitenote_category":0},"product_brand":[],"product_cat":[12416,12291],"product_tag":[],"class_list":{"0":"post-728851","1":"product","2":"type-product","3":"status-publish","5":"product_cat-cizgi-roman","6":"product_cat-edebiyat","7":"pa_cilt-ciltli","8":"pa_tur-kitap","9":"pa_yayinevi-ithaki-yayinlari","10":"pa_yazar-george-orwell-ralph-steadman","12":"first","13":"instock","14":"sale","15":"shipping-taxable","16":"purchasable","17":"product-type-simple"},"_links":{"self":[{"href":"https:\/\/roveyayinevi.com.tr\/index.php\/wp-json\/wp\/v2\/product\/728851","targetHints":{"allow":["GET"]}}],"collection":[{"href":"https:\/\/roveyayinevi.com.tr\/index.php\/wp-json\/wp\/v2\/product"}],"about":[{"href":"https:\/\/roveyayinevi.com.tr\/index.php\/wp-json\/wp\/v2\/types\/product"}],"wp:attachment":[{"href":"https:\/\/roveyayinevi.com.tr\/index.php\/wp-json\/wp\/v2\/media?parent=728851"}],"wp:term":[{"taxonomy":"product_brand","embeddable":true,"href":"https:\/\/roveyayinevi.com.tr\/index.php\/wp-json\/wp\/v2\/product_brand?post=728851"},{"taxonomy":"product_cat","embeddable":true,"href":"https:\/\/roveyayinevi.com.tr\/index.php\/wp-json\/wp\/v2\/product_cat?post=728851"},{"taxonomy":"product_tag","embeddable":true,"href":"https:\/\/roveyayinevi.com.tr\/index.php\/wp-json\/wp\/v2\/product_tag?post=728851"}],"curies":[{"name":"wp","href":"https:\/\/api.w.org\/{rel}","templated":true}]}}