{"id":728850,"date":"2025-08-27T20:46:09","date_gmt":"2025-08-27T17:46:09","guid":{"rendered":"https:\/\/roveyayinevi.com.tr\/index.php\/urun\/ataturk-ankarada-cekirdek-aile-geziyor\/"},"modified":"2026-04-16T02:36:39","modified_gmt":"2026-04-15T23:36:39","slug":"ataturk-ankarada-cekirdek-aile-geziyor","status":"publish","type":"product","link":"https:\/\/roveyayinevi.com.tr\/index.php\/urun\/ataturk-ankarada-cekirdek-aile-geziyor\/","title":{"rendered":"Atat\u00fcrk Ankara\u2019da &#8211; \u00c7ekirdek Aile Geziyor"},"content":{"rendered":"<p>\u201cAnkara h\u00fck\u00fcmet merkezidir ve ebediyen h\u00fck\u00fcmet merkezi kalacakt\u0131r.\u201d Mustafa Kemal Atat\u00fcrkT\u00fcrkiye Cumhuriyeti\u2019nin ba\u015fkenti Ankara, cumhuriyet tarihimizde son derece \u00f6nemli bir yere sahip olmakla birlikte Mustafa Kemal Atat\u00fcrk\u2019\u00fcn en uzun s\u00fcre ya\u015fad\u0131\u011f\u0131 \u015fehirdir. Mustafa Kemal Pa\u015fa\u2019n\u0131n1919\u2019da Ankara\u2019ya geli\u015fiyle Kurtulu\u015f Sava\u015f\u0131m\u0131z h\u0131z kazanm\u0131\u015f, anla\u015fmalar imzalanm\u0131\u015f, T\u00fcrkiye Cumhuriyeti\u2019nin temelleri at\u0131lmaya ba\u015flanm\u0131\u015ft\u0131r. Cumhuriyet tarihimizi tam anlam\u0131yla kavrayabilmek i\u00e7in Ankara\u2019y\u0131 tan\u0131mak ve Atat\u00fcrk\u2019\u00fcn Ankara\u2019daki \u00e7al\u0131\u015fmalar\u0131n\u0131 bilmek b\u00fcy\u00fck \u00f6nem ta\u015f\u0131r.Usta yazar Metin Cel\u00e2l \u00c7ekirdek Aile Geziyor serisinin ikinci kitab\u0131 Atat\u00fcrk Ankara\u2019da ile Atat\u00fcrk\u2019\u00fcn Ankara\u2019ya ayak bas\u0131\u015f\u0131ndan itibaren Kurtulu\u015f Sava\u015f\u0131m\u0131z\u0131n ve T\u00fcrkiye Cumhuriyeti\u2019nin \u00f6yk\u00fcs\u00fcn\u00fc ger\u00e7ek mek\u00e2nlar\u0131nda anlatarak okurlar\u0131n\u0131 unutulmaz bir cumhuriyet tarihi gezisine \u00e7\u0131kar\u0131yor.Bu kitab\u0131 okurken Atat\u00fcrk\u2019\u00fcn Ankara\u2019da g\u00f6rev yapt\u0131\u011f\u0131 yerleri, kararg\u00e2hlar\u0131, ya\u015fam\u0131n\u0131 ge\u00e7irdi\u011fi evleri ve cumhuriyetimizin temellerinin at\u0131ld\u0131\u011f\u0131 ger\u00e7ek mek\u00e2nlar\u0131 yak\u0131ndan tan\u0131yacak; tarihin en \u00f6nemli sahnelerini yeniden ya\u015farken hem heyecanlanacak hem de gurur duyacaks\u0131n\u0131z.<\/p>\n","protected":false},"excerpt":{"rendered":"<p>\u201cAnkara h\u00fck\u00fcmet merkezidir ve ebediyen h\u00fck\u00fcmet merkezi kalacakt\u0131r.\u201d Mustafa Kemal Atat\u00fcrkT\u00fcrkiye Cumhuriyeti\u2019nin ba\u015fkenti Ankara, cumhuriyet tarihimizde son derece \u00f6nemli bir yere sahip olmakla birlikte Mustafa Kemal<span class=\"excerpt-hellip\"> [\u2026]<\/span><\/p>\n","protected":false},"featured_media":0,"template":"","meta":{"_monsterinsights_skip_tracking":false,"_monsterinsights_sitenote_active":false,"_monsterinsights_sitenote_note":"","_monsterinsights_sitenote_category":0},"product_brand":[],"product_cat":[12275,12274],"product_tag":[],"class_list":{"0":"post-728850","1":"product","2":"type-product","3":"status-publish","5":"product_cat-6-12-yas-kitaplari","6":"product_cat-cocuk-ve-genclik-kitaplari","7":"pa_cilt-ciltsiz","8":"pa_tur-kitap","9":"pa_yayinevi-dogan-egmont-yayincilik","10":"pa_yazar-metin-celal","12":"first","13":"instock","14":"sale","15":"shipping-taxable","16":"purchasable","17":"product-type-simple"},"_links":{"self":[{"href":"https:\/\/roveyayinevi.com.tr\/index.php\/wp-json\/wp\/v2\/product\/728850","targetHints":{"allow":["GET"]}}],"collection":[{"href":"https:\/\/roveyayinevi.com.tr\/index.php\/wp-json\/wp\/v2\/product"}],"about":[{"href":"https:\/\/roveyayinevi.com.tr\/index.php\/wp-json\/wp\/v2\/types\/product"}],"wp:attachment":[{"href":"https:\/\/roveyayinevi.com.tr\/index.php\/wp-json\/wp\/v2\/media?parent=728850"}],"wp:term":[{"taxonomy":"product_brand","embeddable":true,"href":"https:\/\/roveyayinevi.com.tr\/index.php\/wp-json\/wp\/v2\/product_brand?post=728850"},{"taxonomy":"product_cat","embeddable":true,"href":"https:\/\/roveyayinevi.com.tr\/index.php\/wp-json\/wp\/v2\/product_cat?post=728850"},{"taxonomy":"product_tag","embeddable":true,"href":"https:\/\/roveyayinevi.com.tr\/index.php\/wp-json\/wp\/v2\/product_tag?post=728850"}],"curies":[{"name":"wp","href":"https:\/\/api.w.org\/{rel}","templated":true}]}}