{"id":728849,"date":"2025-08-27T20:46:09","date_gmt":"2025-08-27T17:46:09","guid":{"rendered":"https:\/\/roveyayinevi.com.tr\/index.php\/urun\/zehirli-topraklar-yeryuzu-takimi-2\/"},"modified":"2026-04-16T02:36:39","modified_gmt":"2026-04-15T23:36:39","slug":"zehirli-topraklar-yeryuzu-takimi-2","status":"publish","type":"product","link":"https:\/\/roveyayinevi.com.tr\/index.php\/urun\/zehirli-topraklar-yeryuzu-takimi-2\/","title":{"rendered":"Zehirli Topraklar &#8211; Yery\u00fcz\u00fc Tak\u0131m\u0131 2"},"content":{"rendered":"<p>Tan, Ba\u015fak, R\u00fczg\u00e2r ve Nehir ar\u0131 dostlar\u0131n\u0131n kovanlar\u0131na yapt\u0131klar\u0131 yolculuk sonras\u0131 ya\u015fam kayna\u011f\u0131m\u0131z olan topraklar\u0131n zehirlendi\u011fini \u00f6\u011freniyorlar. Do\u011fay\u0131 korumak i\u00e7in bir araya gelen Yery\u00fcz\u00fc Tak\u0131m\u0131 ve Ya\u015fam\u0131n Koruyucusu Umay bu korkun\u00e7 ger\u00e7e\u011fi d\u00fcnyaya anlatmak i\u00e7in bir belgesel \u00e7ekmeye karar veriyorlar. Ancak kar\u015f\u0131lar\u0131na hi\u00e7 ummad\u0131klar\u0131 bir engel \u00e7\u0131k\u0131yor: Hepbana Hepbana g\u0131da \u015firketinin y\u00f6neticileri Yaprak Sevmez ve K\u0131ra\u00e7 Toprak. \u00c7ok ge\u00e7meden i\u015fin i\u00e7inde, tek iste\u011fi yery\u00fcz\u00fcn\u00fc mahvetmek olan Bay Ba\u015fk\u00f6t\u00fc\u2019n\u00fcn de oldu\u011funu \u00f6\u011frenen Yery\u00fcz\u00fc Tak\u0131m\u0131 temiz g\u0131da ve zehirsiz topraklar i\u00e7in \u00e7etin ve herkesin dikkatini \u00e7eken yarat\u0131c\u0131 bir m\u00fccadeleye giri\u015fiyor.<\/p>\n","protected":false},"excerpt":{"rendered":"<p>Tan, Ba\u015fak, R\u00fczg\u00e2r ve Nehir ar\u0131 dostlar\u0131n\u0131n kovanlar\u0131na yapt\u0131klar\u0131 yolculuk sonras\u0131 ya\u015fam kayna\u011f\u0131m\u0131z olan topraklar\u0131n zehirlendi\u011fini \u00f6\u011freniyorlar. Do\u011fay\u0131 korumak i\u00e7in bir araya gelen Yery\u00fcz\u00fc Tak\u0131m\u0131 ve<span class=\"excerpt-hellip\"> [\u2026]<\/span><\/p>\n","protected":false},"featured_media":0,"template":"","meta":{"_monsterinsights_skip_tracking":false,"_monsterinsights_sitenote_active":false,"_monsterinsights_sitenote_note":"","_monsterinsights_sitenote_category":0},"product_brand":[],"product_cat":[12275,12274],"product_tag":[],"class_list":{"0":"post-728849","1":"product","2":"type-product","3":"status-publish","5":"product_cat-6-12-yas-kitaplari","6":"product_cat-cocuk-ve-genclik-kitaplari","7":"pa_cilt-ciltsiz","8":"pa_tur-kitap","9":"pa_yayinevi-dogan-egmont-yayincilik","10":"pa_yazar-esra-ilter-demirbilek","12":"first","13":"instock","14":"sale","15":"shipping-taxable","16":"purchasable","17":"product-type-simple"},"_links":{"self":[{"href":"https:\/\/roveyayinevi.com.tr\/index.php\/wp-json\/wp\/v2\/product\/728849","targetHints":{"allow":["GET"]}}],"collection":[{"href":"https:\/\/roveyayinevi.com.tr\/index.php\/wp-json\/wp\/v2\/product"}],"about":[{"href":"https:\/\/roveyayinevi.com.tr\/index.php\/wp-json\/wp\/v2\/types\/product"}],"wp:attachment":[{"href":"https:\/\/roveyayinevi.com.tr\/index.php\/wp-json\/wp\/v2\/media?parent=728849"}],"wp:term":[{"taxonomy":"product_brand","embeddable":true,"href":"https:\/\/roveyayinevi.com.tr\/index.php\/wp-json\/wp\/v2\/product_brand?post=728849"},{"taxonomy":"product_cat","embeddable":true,"href":"https:\/\/roveyayinevi.com.tr\/index.php\/wp-json\/wp\/v2\/product_cat?post=728849"},{"taxonomy":"product_tag","embeddable":true,"href":"https:\/\/roveyayinevi.com.tr\/index.php\/wp-json\/wp\/v2\/product_tag?post=728849"}],"curies":[{"name":"wp","href":"https:\/\/api.w.org\/{rel}","templated":true}]}}