{"id":728848,"date":"2025-08-27T20:46:08","date_gmt":"2025-08-27T17:46:08","guid":{"rendered":"https:\/\/roveyayinevi.com.tr\/index.php\/urun\/dunya-sarsilinca\/"},"modified":"2026-04-16T02:36:39","modified_gmt":"2026-04-15T23:36:39","slug":"dunya-sarsilinca","status":"publish","type":"product","link":"https:\/\/roveyayinevi.com.tr\/index.php\/urun\/dunya-sarsilinca\/","title":{"rendered":"D\u00fcnya Sars\u0131l\u0131nca"},"content":{"rendered":"<p>\u0130klim de\u011fi\u015fikli\u011fi \u00e7ok b\u00fcy\u00fck ve \u00fcrk\u00fct\u00fcc\u00fcd\u00fcr; ne d\u00fc\u015f\u00fcnece\u011fimizi, ne yapaca\u011f\u0131m\u0131z\u0131 kolay kolay bilemeyiz. Ama Belit ad\u0131nda k\u00fc\u00e7\u00fck bir k\u0131z\u0131n baz\u0131 fikirleri var. . . <\/p>\n","protected":false},"excerpt":{"rendered":"<p>\u0130klim de\u011fi\u015fikli\u011fi \u00e7ok b\u00fcy\u00fck ve \u00fcrk\u00fct\u00fcc\u00fcd\u00fcr; ne d\u00fc\u015f\u00fcnece\u011fimizi, ne yapaca\u011f\u0131m\u0131z\u0131 kolay kolay bilemeyiz. Ama Belit ad\u0131nda k\u00fc\u00e7\u00fck bir k\u0131z\u0131n baz\u0131 fikirleri var. . .<\/p>\n","protected":false},"featured_media":0,"template":"","meta":{"_monsterinsights_skip_tracking":false,"_monsterinsights_sitenote_active":false,"_monsterinsights_sitenote_note":"","_monsterinsights_sitenote_category":0},"product_brand":[],"product_cat":[12274,12284],"product_tag":[],"class_list":{"0":"post-728848","1":"product","2":"type-product","3":"status-publish","5":"product_cat-cocuk-ve-genclik-kitaplari","6":"product_cat-hikayeler","7":"pa_cilt-ciltsiz","8":"pa_tur-kitap","9":"pa_yayinevi-sia-kitap","10":"pa_yazar-laurie-stein","12":"first","13":"instock","14":"sale","15":"shipping-taxable","16":"purchasable","17":"product-type-simple"},"_links":{"self":[{"href":"https:\/\/roveyayinevi.com.tr\/index.php\/wp-json\/wp\/v2\/product\/728848","targetHints":{"allow":["GET"]}}],"collection":[{"href":"https:\/\/roveyayinevi.com.tr\/index.php\/wp-json\/wp\/v2\/product"}],"about":[{"href":"https:\/\/roveyayinevi.com.tr\/index.php\/wp-json\/wp\/v2\/types\/product"}],"wp:attachment":[{"href":"https:\/\/roveyayinevi.com.tr\/index.php\/wp-json\/wp\/v2\/media?parent=728848"}],"wp:term":[{"taxonomy":"product_brand","embeddable":true,"href":"https:\/\/roveyayinevi.com.tr\/index.php\/wp-json\/wp\/v2\/product_brand?post=728848"},{"taxonomy":"product_cat","embeddable":true,"href":"https:\/\/roveyayinevi.com.tr\/index.php\/wp-json\/wp\/v2\/product_cat?post=728848"},{"taxonomy":"product_tag","embeddable":true,"href":"https:\/\/roveyayinevi.com.tr\/index.php\/wp-json\/wp\/v2\/product_tag?post=728848"}],"curies":[{"name":"wp","href":"https:\/\/api.w.org\/{rel}","templated":true}]}}