{"id":728847,"date":"2025-08-27T20:46:07","date_gmt":"2025-08-27T17:46:07","guid":{"rendered":"https:\/\/roveyayinevi.com.tr\/index.php\/urun\/ne-demis-atalarimiz\/"},"modified":"2026-04-16T02:36:39","modified_gmt":"2026-04-15T23:36:39","slug":"ne-demis-atalarimiz","status":"publish","type":"product","link":"https:\/\/roveyayinevi.com.tr\/index.php\/urun\/ne-demis-atalarimiz\/","title":{"rendered":"Ne Demi\u015f Atalar\u0131m\u0131z"},"content":{"rendered":"<p>Aya\u011f\u0131n\u0131 Yorgan\u0131na G\u00f6re Uzat FatmaTeyze Bug\u00fcnk\u00fc \u0130\u015fini Yar\u0131na B\u0131rakma \u00d6dev Damlaya Damlaya G\u00f6l Olur Kumbara\u00d6fke \u0130le Kalkan Zararla Oturur \u00d6fkeli \u00c7ift\u00e7i E\u011filen Ba\u015f Kesilmez Bakkal\u0131n \u015eakas\u0131 Ka\u00e7an Bal\u0131k B\u00fcy\u00fck Olur G\u00fcvercin Yuvas\u0131G\u00fcn Do\u011fmadan Neler Do\u011far M\u0131st\u0131k\u2019\u0131n Bilyeleri Ne Oldum Dememeli Ne Olaca\u011f\u0131m Demeli Zengin Adam Pilavdan D\u00f6nenin Ka\u015f\u0131\u011f\u0131 K\u0131r\u0131ls\u0131n Bayram Har\u00e7l\u0131\u011f\u0131 Tatl\u0131 Dil Y\u0131lan\u0131 Deli\u011finden \u00c7\u0131kar\u0131r \u015eahinin Kartala \u00d6\u011f\u00fcd\u00fcAc\u0131 Patl\u0131can\u0131 K\u0131ra\u011f\u0131 \u00c7almaz Kar F\u0131rt\u0131nas\u0131R\u00fczg\u00e2r Eken F\u0131rt\u0131na Bi\u00e7er Kral\u0131n \u00d6d\u00fcl\u00fcPer\u015fembenin Geli\u015fi \u00c7ar\u015fambadan Bellidir Papatya \u0130le G\u00fcl Mart Kap\u0131dan Bakt\u0131r\u0131r, Kazma K\u00fcrek Yakt\u0131r\u0131r Oduncu Ailesi Fakirlik Ay\u0131p De\u011fil, Tembellik Ay\u0131p Zengin Tav\u015fan \u0130le Fakir Kaplumba\u011fa Sab\u0131r Ac\u0131d\u0131r, Meyvesi Tatl\u0131d\u0131r Bilgenin S\u0131nav\u0131Derdini S\u00f6ylemeyen Derman Bulamaz Y\u0131ld\u0131z \u0130le Sak\u0131z Yalanc\u0131n\u0131n Evi Yanm\u0131\u015f, Kimse \u0130nanmam\u0131\u015f \u015eener\u2019in Oyunu Yaz\u0131n Ba\u015f\u0131 Pi\u015fenin, K\u0131\u015f\u0131n A\u015f\u0131 Pi\u015fer Tembel Kar\u0131ncaIrmaktan Ge\u00e7erken At De\u011fi\u015ftirilmez \u0130ki Arkada\u015f Her Yi\u011fidin Bir Yo\u011furt Yiyi\u015fi Vard\u0131r Tur\u015fucular Bir Koltu\u011fa \u0130ki Karpuz S\u0131\u011fmaz Hamal Bal\u0131k\u00e7\u0131 Kendi D\u00fc\u015fen A\u011flamaz Farenin Oyunu Misafir K\u0131smeti \u0130le Gelir Sal\u00e7al\u0131 Ekmek\u00dcz\u00fcm \u00dcz\u00fcme Baka Baka Karar\u0131r Horozun Arkada\u015f\u0131 \u0130nek Yuvarlanan Ta\u015f Yosun Tutmaz Karars\u0131z Kedi Yaln\u0131z Ta\u015f, Duvar Olmaz Acemi Ar\u0131S\u00fctten A\u011fz\u0131 Yanan Yo\u011furdu \u00dcfleyerek Yer Kilitli KapZarar\u0131n Neresinden D\u00f6n\u00fclse K\u00e2rd\u0131r Devenin Pi\u015fmanl\u0131\u011f\u0131 Mum Dibine I\u015f\u0131k Vermez Bilgenin Torunlar\u0131 Misafirlik \u00dc\u00e7 G\u00fcnd\u00fcr Ay\u015fe Teyzenin Misafirleri G\u00fcne\u015f Girmeyen Eve Doktor Girer Evden \u00c7\u0131kmayan Adam Ucuz Etin Yahnisi Yavan (Tats\u0131z) Olur Bitmeyen Kazak G\u00fclme Kom\u015funa, Gelir Ba\u015f\u0131na Kaplumba\u011faya G\u00fclen Tav\u015fan Kusursuz Dost Arayan Dostsuz Kal\u0131r Kelo\u011flan\u2019\u0131n Arkada\u015flar\u0131 Kom\u015fu Kom\u015funun K\u00fcl\u00fcne Muhta\u00e7t\u0131r Nasrettin Hoca\u2019n\u0131n Kom\u015fusu Kedi Uzanamad\u0131\u011f\u0131 Ci\u011fere Pis Dermi\u015f Tonton Usta \u0130\u015ften Artmaz, Di\u015ften Artar Paras\u0131n\u0131 Biriktiremeyen \u00c7ocuk Duvar\u0131 Nem, \u0130nsan\u0131 Gam Y\u0131kar Gaml\u0131 Dede \u0130ki Cambaz Bir \u0130pte Oynamaz Karag\u00f6z\u2019\u00fcn Hacivat\u2019a Oyunu<\/p>\n","protected":false},"excerpt":{"rendered":"<p>Aya\u011f\u0131n\u0131 Yorgan\u0131na G\u00f6re Uzat FatmaTeyze Bug\u00fcnk\u00fc \u0130\u015fini Yar\u0131na B\u0131rakma \u00d6dev Damlaya Damlaya G\u00f6l Olur Kumbara\u00d6fke \u0130le Kalkan Zararla Oturur \u00d6fkeli \u00c7ift\u00e7i E\u011filen Ba\u015f Kesilmez Bakkal\u0131n \u015eakas\u0131<span class=\"excerpt-hellip\"> [\u2026]<\/span><\/p>\n","protected":false},"featured_media":0,"template":"","meta":{"_monsterinsights_skip_tracking":false,"_monsterinsights_sitenote_active":false,"_monsterinsights_sitenote_note":"","_monsterinsights_sitenote_category":0},"product_brand":[],"product_cat":[12275,12274],"product_tag":[],"class_list":{"0":"post-728847","1":"product","2":"type-product","3":"status-publish","5":"product_cat-6-12-yas-kitaplari","6":"product_cat-cocuk-ve-genclik-kitaplari","7":"pa_cilt-ciltsiz","8":"pa_tur-kitap","9":"pa_yayinevi-dogan-egmont-yayincilik","10":"pa_yazar-hurihan-yildirim-kurtaran","12":"first","13":"instock","14":"sale","15":"shipping-taxable","16":"purchasable","17":"product-type-simple"},"_links":{"self":[{"href":"https:\/\/roveyayinevi.com.tr\/index.php\/wp-json\/wp\/v2\/product\/728847","targetHints":{"allow":["GET"]}}],"collection":[{"href":"https:\/\/roveyayinevi.com.tr\/index.php\/wp-json\/wp\/v2\/product"}],"about":[{"href":"https:\/\/roveyayinevi.com.tr\/index.php\/wp-json\/wp\/v2\/types\/product"}],"wp:attachment":[{"href":"https:\/\/roveyayinevi.com.tr\/index.php\/wp-json\/wp\/v2\/media?parent=728847"}],"wp:term":[{"taxonomy":"product_brand","embeddable":true,"href":"https:\/\/roveyayinevi.com.tr\/index.php\/wp-json\/wp\/v2\/product_brand?post=728847"},{"taxonomy":"product_cat","embeddable":true,"href":"https:\/\/roveyayinevi.com.tr\/index.php\/wp-json\/wp\/v2\/product_cat?post=728847"},{"taxonomy":"product_tag","embeddable":true,"href":"https:\/\/roveyayinevi.com.tr\/index.php\/wp-json\/wp\/v2\/product_tag?post=728847"}],"curies":[{"name":"wp","href":"https:\/\/api.w.org\/{rel}","templated":true}]}}