{"id":728846,"date":"2025-08-27T20:46:06","date_gmt":"2025-08-27T17:46:06","guid":{"rendered":"https:\/\/roveyayinevi.com.tr\/index.php\/urun\/hayaller-tarlasina-davet\/"},"modified":"2026-04-16T02:36:39","modified_gmt":"2026-04-15T23:36:39","slug":"hayaller-tarlasina-davet","status":"publish","type":"product","link":"https:\/\/roveyayinevi.com.tr\/index.php\/urun\/hayaller-tarlasina-davet\/","title":{"rendered":"Hayaller Tarlas\u0131&#8217;na Davet"},"content":{"rendered":"<p>\u201cY\u0131ld\u0131zlar insanlar\u0131n ge\u00e7mi\u015fi, hat\u0131ralar\u0131, Baz\u0131s\u0131 canlar\u0131n\u0131 ac\u0131t\u0131r, baz\u0131s\u0131 sevindirir onlar\u0131. Bir hat\u0131rayla ya\u015famak zor bazen, E\u011fer o hat\u0131ray\u0131 hep yan\u0131nda istersen.\u201dDefne\u2019nin akl\u0131 annesinin ona anlatt\u0131\u011f\u0131 Hat\u0131ralar A\u011fac\u0131 efsanesinde kalm\u0131\u015ft\u0131. Efsaneye g\u00f6re hat\u0131ralar\u0131m\u0131z y\u0131ld\u0131zlard\u0131 ve g\u00f6kteki t\u00fcm y\u0131ld\u0131zlar par\u0131ldayan iplerle Hayaller Tarlas\u0131\u2019n\u0131n derinliklerinde ya\u015fayan Hat\u0131ralar A\u011fac\u0131\u2019n\u0131n dallar\u0131na ba\u011fl\u0131yd\u0131. Defne\u2019nin bu a\u011faca ula\u015fmak i\u00e7in \u00e7ok \u00f6nemli bir sebebi vard\u0131 ama yola \u00e7\u0131kmadan \u00f6nce tarlan\u0131n \u00f6zel davetine ve bolca cesarete ihtiyac\u0131 olacakt\u0131.Prenses, Ejderha, KaraKanat, Konu\u015fan Saman Beyefendi, Sufle \u015e\u00f6valyesi ve at\u0131 Krem\u015fanti&#8230;Hayaller Tarlas\u0131\u2019nda ya\u015fayanlar hem gizemli hem de e\u011flenceli. Bu yolculu\u011fa \u00e7\u0131kmak istiyorsan sen de Cesaretini topla ve daveti bekle!\u00c7ocuk edebiyat\u0131n\u0131n \u00e7ok sevilen yazar\u0131 G\u00f6ktu\u011f Canbaba \u00f6zg\u00fcn anlat\u0131m\u0131, ak\u0131c\u0131 kurgusu ve renkli karakterleriyle ya\u015fam\u0131n bir par\u00e7as\u0131 olan vedala\u015fmay\u0131, hayallerin g\u00fcc\u00fcn\u00fc ve cesareti konu al\u0131yor. D\u00fc\u015fmeyen temposuyla kalplere dokunan bu \u00f6yk\u00fcy\u00fc \u00e7ok seveceksiniz.<\/p>\n","protected":false},"excerpt":{"rendered":"<p>\u201cY\u0131ld\u0131zlar insanlar\u0131n ge\u00e7mi\u015fi, hat\u0131ralar\u0131, Baz\u0131s\u0131 canlar\u0131n\u0131 ac\u0131t\u0131r, baz\u0131s\u0131 sevindirir onlar\u0131. Bir hat\u0131rayla ya\u015famak zor bazen, E\u011fer o hat\u0131ray\u0131 hep yan\u0131nda istersen.\u201dDefne\u2019nin akl\u0131 annesinin ona anlatt\u0131\u011f\u0131 Hat\u0131ralar<span class=\"excerpt-hellip\"> [\u2026]<\/span><\/p>\n","protected":false},"featured_media":0,"template":"","meta":{"_monsterinsights_skip_tracking":false,"_monsterinsights_sitenote_active":false,"_monsterinsights_sitenote_note":"","_monsterinsights_sitenote_category":0},"product_brand":[],"product_cat":[12275,12274],"product_tag":[],"class_list":{"0":"post-728846","1":"product","2":"type-product","3":"status-publish","5":"product_cat-6-12-yas-kitaplari","6":"product_cat-cocuk-ve-genclik-kitaplari","7":"pa_cilt-ciltsiz","8":"pa_tur-kitap","9":"pa_yayinevi-dogan-egmont-yayincilik","10":"pa_yazar-goktug-canbaba","12":"first","13":"instock","14":"sale","15":"shipping-taxable","16":"purchasable","17":"product-type-simple"},"_links":{"self":[{"href":"https:\/\/roveyayinevi.com.tr\/index.php\/wp-json\/wp\/v2\/product\/728846","targetHints":{"allow":["GET"]}}],"collection":[{"href":"https:\/\/roveyayinevi.com.tr\/index.php\/wp-json\/wp\/v2\/product"}],"about":[{"href":"https:\/\/roveyayinevi.com.tr\/index.php\/wp-json\/wp\/v2\/types\/product"}],"wp:attachment":[{"href":"https:\/\/roveyayinevi.com.tr\/index.php\/wp-json\/wp\/v2\/media?parent=728846"}],"wp:term":[{"taxonomy":"product_brand","embeddable":true,"href":"https:\/\/roveyayinevi.com.tr\/index.php\/wp-json\/wp\/v2\/product_brand?post=728846"},{"taxonomy":"product_cat","embeddable":true,"href":"https:\/\/roveyayinevi.com.tr\/index.php\/wp-json\/wp\/v2\/product_cat?post=728846"},{"taxonomy":"product_tag","embeddable":true,"href":"https:\/\/roveyayinevi.com.tr\/index.php\/wp-json\/wp\/v2\/product_tag?post=728846"}],"curies":[{"name":"wp","href":"https:\/\/api.w.org\/{rel}","templated":true}]}}