{"id":728845,"date":"2025-08-27T20:46:05","date_gmt":"2025-08-27T17:46:05","guid":{"rendered":"https:\/\/roveyayinevi.com.tr\/index.php\/urun\/cokbilmis-sari-zorbaliga-karsi\/"},"modified":"2026-04-16T02:36:39","modified_gmt":"2026-04-15T23:36:39","slug":"cokbilmis-sari-zorbaliga-karsi","status":"publish","type":"product","link":"https:\/\/roveyayinevi.com.tr\/index.php\/urun\/cokbilmis-sari-zorbaliga-karsi\/","title":{"rendered":"\u00c7okbilmi\u015f Sar\u0131 &#8211; Zorbal\u0131\u011fa Kar\u015f\u0131"},"content":{"rendered":"<p>Mahalledeki herkes ona Sar\u0131 derdi. Arkada\u015flar\u0131yla ma\u00e7 yapmaya, bisikletiyle tur atmaya, kitaplara, kedilere, k\u0131z karde\u015fine, maket u\u00e7aklar\u0131na ve arada s\u0131rada mahalleyi denetlemeye bay\u0131l\u0131rd\u0131. Asl\u0131nda \u00e7ok sakin ve uyumluydu. Sadece bazen inat\u00e7\u0131, dedi\u011fim dedik biri olurdu ve tuttu\u011fu ipin ucunu asla b\u0131rakmazd\u0131. Hele haks\u0131zl\u0131klara hi\u00e7 tahamm\u00fcl edemez, zorbal\u0131\u011f\u0131n her t\u00fcr\u00fcne kar\u015f\u0131 harekete ge\u00e7meden duramazd\u0131. Sar\u0131\u2019n\u0131n mahallesinde, okulunda ve apartman\u0131nda ya\u015fanan sorunlarla m\u00fccadelesini keyifle okuyacak, onun kararl\u0131l\u0131\u011f\u0131ndan ilham alacaks\u0131n\u0131z.<\/p>\n","protected":false},"excerpt":{"rendered":"<p>Mahalledeki herkes ona Sar\u0131 derdi. Arkada\u015flar\u0131yla ma\u00e7 yapmaya, bisikletiyle tur atmaya, kitaplara, kedilere, k\u0131z karde\u015fine, maket u\u00e7aklar\u0131na ve arada s\u0131rada mahalleyi denetlemeye bay\u0131l\u0131rd\u0131. Asl\u0131nda \u00e7ok sakin<span class=\"excerpt-hellip\"> [\u2026]<\/span><\/p>\n","protected":false},"featured_media":0,"template":"","meta":{"_monsterinsights_skip_tracking":false,"_monsterinsights_sitenote_active":false,"_monsterinsights_sitenote_note":"","_monsterinsights_sitenote_category":0},"product_brand":[],"product_cat":[12275,12274],"product_tag":[],"class_list":{"0":"post-728845","1":"product","2":"type-product","3":"status-publish","5":"product_cat-6-12-yas-kitaplari","6":"product_cat-cocuk-ve-genclik-kitaplari","7":"pa_cilt-ciltsiz","8":"pa_tur-kitap","9":"pa_yayinevi-dogan-egmont-yayincilik","10":"pa_yazar-tunc-balaban","12":"first","13":"instock","14":"sale","15":"shipping-taxable","16":"purchasable","17":"product-type-simple"},"_links":{"self":[{"href":"https:\/\/roveyayinevi.com.tr\/index.php\/wp-json\/wp\/v2\/product\/728845","targetHints":{"allow":["GET"]}}],"collection":[{"href":"https:\/\/roveyayinevi.com.tr\/index.php\/wp-json\/wp\/v2\/product"}],"about":[{"href":"https:\/\/roveyayinevi.com.tr\/index.php\/wp-json\/wp\/v2\/types\/product"}],"wp:attachment":[{"href":"https:\/\/roveyayinevi.com.tr\/index.php\/wp-json\/wp\/v2\/media?parent=728845"}],"wp:term":[{"taxonomy":"product_brand","embeddable":true,"href":"https:\/\/roveyayinevi.com.tr\/index.php\/wp-json\/wp\/v2\/product_brand?post=728845"},{"taxonomy":"product_cat","embeddable":true,"href":"https:\/\/roveyayinevi.com.tr\/index.php\/wp-json\/wp\/v2\/product_cat?post=728845"},{"taxonomy":"product_tag","embeddable":true,"href":"https:\/\/roveyayinevi.com.tr\/index.php\/wp-json\/wp\/v2\/product_tag?post=728845"}],"curies":[{"name":"wp","href":"https:\/\/api.w.org\/{rel}","templated":true}]}}