{"id":728843,"date":"2025-08-27T20:46:03","date_gmt":"2025-08-27T17:46:03","guid":{"rendered":"https:\/\/roveyayinevi.com.tr\/index.php\/urun\/cilgin-deneyler-kulubu-1-isinlama-kazasi\/"},"modified":"2026-04-16T02:36:39","modified_gmt":"2026-04-15T23:36:39","slug":"cilgin-deneyler-kulubu-1-isinlama-kazasi","status":"publish","type":"product","link":"https:\/\/roveyayinevi.com.tr\/index.php\/urun\/cilgin-deneyler-kulubu-1-isinlama-kazasi\/","title":{"rendered":"\u00c7\u0131lg\u0131n Deneyler Kul\u00fcb\u00fc 1 &#8211; I\u015f\u0131nlama Kazas\u0131"},"content":{"rendered":"<p>Hi\u00e7 d\u00fcnya i\u00e7in g\u00fczel bir \u015feyler yapay\u0131m diye d\u00fc\u015f\u00fcnd\u00fcn m\u00fc? \u0130\u015fte bizim Alp, Berk ve Mete d\u00fc\u015f\u00fcnd\u00fc.Ama iyilik yapay\u0131m derken ortal\u0131\u011f\u0131 birbirine katt\u0131lar! \u0130\u00e7inde \u00e7ok ilgin\u00e7 bilimsel projelerin yer ald\u0131\u011f\u0131 gizli bir defter ele ge\u00e7irdiler ve tabii ba\u015flar\u0131na acayip dertler a\u00e7t\u0131lar! I\u015f\u0131nlanmalar, ortadan kaybolmalar! Aman aman! Neyse ki k\u0131vrak zek\u00e2l\u0131 arkada\u015flar\u0131 Ece yard\u0131m etti de \u00c7\u0131lg\u0131n Deneyler Kul\u00fcb\u00fc her \u015feyi eski h\u00e2line \u00e7evirmenin bir yolunu buldu.<\/p>\n","protected":false},"excerpt":{"rendered":"<p>Hi\u00e7 d\u00fcnya i\u00e7in g\u00fczel bir \u015feyler yapay\u0131m diye d\u00fc\u015f\u00fcnd\u00fcn m\u00fc? \u0130\u015fte bizim Alp, Berk ve Mete d\u00fc\u015f\u00fcnd\u00fc.Ama iyilik yapay\u0131m derken ortal\u0131\u011f\u0131 birbirine katt\u0131lar! \u0130\u00e7inde \u00e7ok ilgin\u00e7<span class=\"excerpt-hellip\"> [\u2026]<\/span><\/p>\n","protected":false},"featured_media":0,"template":"","meta":{"_monsterinsights_skip_tracking":false,"_monsterinsights_sitenote_active":false,"_monsterinsights_sitenote_note":"","_monsterinsights_sitenote_category":0},"product_brand":[],"product_cat":[12275,12274],"product_tag":[],"class_list":{"0":"post-728843","1":"product","2":"type-product","3":"status-publish","5":"product_cat-6-12-yas-kitaplari","6":"product_cat-cocuk-ve-genclik-kitaplari","7":"pa_cilt-ciltsiz","8":"pa_tur-kitap","9":"pa_yayinevi-dogan-egmont-yayincilik","10":"pa_yazar-esra-ilter-demirbilek","12":"first","13":"instock","14":"sale","15":"shipping-taxable","16":"purchasable","17":"product-type-simple"},"_links":{"self":[{"href":"https:\/\/roveyayinevi.com.tr\/index.php\/wp-json\/wp\/v2\/product\/728843","targetHints":{"allow":["GET"]}}],"collection":[{"href":"https:\/\/roveyayinevi.com.tr\/index.php\/wp-json\/wp\/v2\/product"}],"about":[{"href":"https:\/\/roveyayinevi.com.tr\/index.php\/wp-json\/wp\/v2\/types\/product"}],"wp:attachment":[{"href":"https:\/\/roveyayinevi.com.tr\/index.php\/wp-json\/wp\/v2\/media?parent=728843"}],"wp:term":[{"taxonomy":"product_brand","embeddable":true,"href":"https:\/\/roveyayinevi.com.tr\/index.php\/wp-json\/wp\/v2\/product_brand?post=728843"},{"taxonomy":"product_cat","embeddable":true,"href":"https:\/\/roveyayinevi.com.tr\/index.php\/wp-json\/wp\/v2\/product_cat?post=728843"},{"taxonomy":"product_tag","embeddable":true,"href":"https:\/\/roveyayinevi.com.tr\/index.php\/wp-json\/wp\/v2\/product_tag?post=728843"}],"curies":[{"name":"wp","href":"https:\/\/api.w.org\/{rel}","templated":true}]}}