{"id":728842,"date":"2025-08-27T20:46:02","date_gmt":"2025-08-27T17:46:02","guid":{"rendered":"https:\/\/roveyayinevi.com.tr\/index.php\/urun\/isimsizin-cocuklari\/"},"modified":"2026-04-16T02:36:39","modified_gmt":"2026-04-15T23:36:39","slug":"isimsizin-cocuklari","status":"publish","type":"product","link":"https:\/\/roveyayinevi.com.tr\/index.php\/urun\/isimsizin-cocuklari\/","title":{"rendered":"\u0130simsiz&#8217;in \u00c7ocuklar\u0131"},"content":{"rendered":"<p>Do\u011fdu\u011fu g\u00fcnden itibaren hem kutsanm\u0131\u015f hem de lanetlenmi\u015fti Tacenda.Kutsanm\u0131\u015ft\u0131, \u00e7\u00fcnk\u00fc kayna\u011f\u0131 belli olmayan bir b\u00fcy\u00fc sayesinde 15 y\u0131ld\u0131r ailesini ve sevdiklerini t\u00fcrl\u00fctehlikelerden korumay\u0131 ba\u015farm\u0131\u015ft\u0131.Lanetlenmi\u015fti, \u00e7\u00fcnk\u00fc ya\u015fad\u0131\u011f\u0131 k\u00fc\u00e7\u00fck k\u00f6y\u00fc ziyaret eden iblislerin say\u0131s\u0131 her ge\u00e7en g\u00fcnle birlikte artmayadevam ediyor ve Tacenda geceleri g\u00f6remiyordu.Sonra bir gece, herhangi bir neden olmaks\u0131z\u0131n, Tacenda\u2019n\u0131n kutsal koruma b\u00fcy\u00fcs\u00fc i\u015fe yaramaz oluverdi vesevdi\u011fi herkesi bir anda yitirdi k\u00fc\u00e7\u00fck k\u0131z.\u0130\u00e7inde yanan intikam ate\u015fiyle yola d\u00fc\u015ferken, bu yolun kendisini nereye g\u00f6t\u00fcrece\u011fi konusunda en ufak birfikri yoktu\u2026<\/p>\n","protected":false},"excerpt":{"rendered":"<p>Do\u011fdu\u011fu g\u00fcnden itibaren hem kutsanm\u0131\u015f hem de lanetlenmi\u015fti Tacenda.Kutsanm\u0131\u015ft\u0131, \u00e7\u00fcnk\u00fc kayna\u011f\u0131 belli olmayan bir b\u00fcy\u00fc sayesinde 15 y\u0131ld\u0131r ailesini ve sevdiklerini t\u00fcrl\u00fctehlikelerden korumay\u0131 ba\u015farm\u0131\u015ft\u0131.Lanetlenmi\u015fti, \u00e7\u00fcnk\u00fc ya\u015fad\u0131\u011f\u0131<span class=\"excerpt-hellip\"> [\u2026]<\/span><\/p>\n","protected":false},"featured_media":0,"template":"","meta":{"_monsterinsights_skip_tracking":false,"_monsterinsights_sitenote_active":false,"_monsterinsights_sitenote_note":"","_monsterinsights_sitenote_category":0},"product_brand":[],"product_cat":[12291,14777],"product_tag":[],"class_list":{"0":"post-728842","1":"product","2":"type-product","3":"status-publish","5":"product_cat-edebiyat","6":"product_cat-fantastik","7":"pa_cilt-ciltsiz","8":"pa_tur-kitap","9":"pa_yayinevi-akil-celen-kitaplar","10":"pa_yazar-brandon-sanderson","12":"first","13":"instock","14":"sale","15":"shipping-taxable","16":"purchasable","17":"product-type-simple"},"_links":{"self":[{"href":"https:\/\/roveyayinevi.com.tr\/index.php\/wp-json\/wp\/v2\/product\/728842","targetHints":{"allow":["GET"]}}],"collection":[{"href":"https:\/\/roveyayinevi.com.tr\/index.php\/wp-json\/wp\/v2\/product"}],"about":[{"href":"https:\/\/roveyayinevi.com.tr\/index.php\/wp-json\/wp\/v2\/types\/product"}],"wp:attachment":[{"href":"https:\/\/roveyayinevi.com.tr\/index.php\/wp-json\/wp\/v2\/media?parent=728842"}],"wp:term":[{"taxonomy":"product_brand","embeddable":true,"href":"https:\/\/roveyayinevi.com.tr\/index.php\/wp-json\/wp\/v2\/product_brand?post=728842"},{"taxonomy":"product_cat","embeddable":true,"href":"https:\/\/roveyayinevi.com.tr\/index.php\/wp-json\/wp\/v2\/product_cat?post=728842"},{"taxonomy":"product_tag","embeddable":true,"href":"https:\/\/roveyayinevi.com.tr\/index.php\/wp-json\/wp\/v2\/product_tag?post=728842"}],"curies":[{"name":"wp","href":"https:\/\/api.w.org\/{rel}","templated":true}]}}