{"id":728841,"date":"2025-08-27T20:46:01","date_gmt":"2025-08-27T17:46:01","guid":{"rendered":"https:\/\/roveyayinevi.com.tr\/index.php\/urun\/adanmak-ciltli\/"},"modified":"2026-04-16T02:36:39","modified_gmt":"2026-04-15T23:36:39","slug":"adanmak-ciltli","status":"publish","type":"product","link":"https:\/\/roveyayinevi.com.tr\/index.php\/urun\/adanmak-ciltli\/","title":{"rendered":"Adanmak (Ciltli)"},"content":{"rendered":"<p>Adanmak, T\u00fcrkiye\u2019de benzeri gittik\u00e7e azalan kitaplardan biri; bir ba\u015far\u0131 \u00f6yk\u00fcs\u00fcn\u00fcn kahraman\u0131n\u0131n ya\u015fam\u0131na e\u011filen, unutulmas\u0131n\u0131n \u00f6n\u00fcne ge\u00e7meyi ama\u00e7layan bir \u00e7al\u0131\u015fma. Yal\u00e7\u0131n Granit, T\u00fcrk basketbolunun kurulu\u015f y\u0131llar\u0131ndan ba\u015flayarak bug\u00fcne kadar etkin rol oynam\u0131\u015f; \u00f6nce sahada, sonra kul\u00fcbede, ard\u0131ndan da yaz\u0131lar\u0131yla bas\u0131nda milli basketbolumuz i\u00e7in emek vermi\u015f bir isim. Elinizdeki kitap, yaln\u0131zca onun basketbol maceras\u0131n\u0131 kayda ge\u00e7irmeyi ama\u00e7lam\u0131yor. Adanmak, hem spor tarihimiz i\u00e7in bir belge hem de yeni ku\u015faklar i\u00e7in bir \u015feye adanabilmenin ve ba\u015far\u0131l\u0131 olman\u0131n imk\u00e2ns\u0131z olmad\u0131\u011f\u0131n\u0131 g\u00f6steren \u00f6rnek bir ya\u015fam\u00f6yk\u00fcs\u00fc. Onun \u00e7arp\u0131c\u0131 \u201ckendini yoktan var etme\u201d ser\u00fcveninin izini s\u00fcrerken de fonda bir y\u00fczy\u0131ldan di\u011ferine g\u00fc\u00e7lenerek yol alan T\u00fcrk basketbolunu, ge\u00e7irdi\u011fi evreleri a\u015famalar\u0131yla g\u00f6zler \u00f6n\u00fcne seriyor. <\/p>\n","protected":false},"excerpt":{"rendered":"<p>Adanmak, T\u00fcrkiye\u2019de benzeri gittik\u00e7e azalan kitaplardan biri; bir ba\u015far\u0131 \u00f6yk\u00fcs\u00fcn\u00fcn kahraman\u0131n\u0131n ya\u015fam\u0131na e\u011filen, unutulmas\u0131n\u0131n \u00f6n\u00fcne ge\u00e7meyi ama\u00e7layan bir \u00e7al\u0131\u015fma. Yal\u00e7\u0131n Granit, T\u00fcrk basketbolunun kurulu\u015f y\u0131llar\u0131ndan ba\u015flayarak<span class=\"excerpt-hellip\"> [\u2026]<\/span><\/p>\n","protected":false},"featured_media":0,"template":"","meta":{"_monsterinsights_skip_tracking":false,"_monsterinsights_sitenote_active":false,"_monsterinsights_sitenote_note":"","_monsterinsights_sitenote_category":0},"product_brand":[],"product_cat":[18545,12291],"product_tag":[],"class_list":{"0":"post-728841","1":"product","2":"type-product","3":"status-publish","5":"product_cat-anlati","6":"product_cat-edebiyat","7":"pa_cilt-ciltli","8":"pa_tur-kitap","9":"pa_yayinevi-can-yayinlari","10":"pa_yazar-ali-granit","12":"first","13":"instock","14":"sale","15":"shipping-taxable","16":"purchasable","17":"product-type-simple"},"_links":{"self":[{"href":"https:\/\/roveyayinevi.com.tr\/index.php\/wp-json\/wp\/v2\/product\/728841","targetHints":{"allow":["GET"]}}],"collection":[{"href":"https:\/\/roveyayinevi.com.tr\/index.php\/wp-json\/wp\/v2\/product"}],"about":[{"href":"https:\/\/roveyayinevi.com.tr\/index.php\/wp-json\/wp\/v2\/types\/product"}],"wp:attachment":[{"href":"https:\/\/roveyayinevi.com.tr\/index.php\/wp-json\/wp\/v2\/media?parent=728841"}],"wp:term":[{"taxonomy":"product_brand","embeddable":true,"href":"https:\/\/roveyayinevi.com.tr\/index.php\/wp-json\/wp\/v2\/product_brand?post=728841"},{"taxonomy":"product_cat","embeddable":true,"href":"https:\/\/roveyayinevi.com.tr\/index.php\/wp-json\/wp\/v2\/product_cat?post=728841"},{"taxonomy":"product_tag","embeddable":true,"href":"https:\/\/roveyayinevi.com.tr\/index.php\/wp-json\/wp\/v2\/product_tag?post=728841"}],"curies":[{"name":"wp","href":"https:\/\/api.w.org\/{rel}","templated":true}]}}