{"id":728839,"date":"2025-08-27T20:45:59","date_gmt":"2025-08-27T17:45:59","guid":{"rendered":"https:\/\/roveyayinevi.com.tr\/index.php\/urun\/muhendislik-etigi\/"},"modified":"2026-04-16T02:36:39","modified_gmt":"2026-04-15T23:36:39","slug":"muhendislik-etigi","status":"publish","type":"product","link":"https:\/\/roveyayinevi.com.tr\/index.php\/urun\/muhendislik-etigi\/","title":{"rendered":"M\u00fchendislik Eti\u011fi"},"content":{"rendered":"<p>\u0130\u00e7indekiler1. B\u00f6l\u00fcm \u2013 Etik Kavram\u0131 Ve Eti\u011fin Tarihsel Geli\u015fimi2. B\u00f6l\u00fcm \u2013 Etik Teorileri3. B\u00f6l\u00fcm \u2013 Eti\u011fin Di\u011fer Bilimlerle \u0130li\u015fkisi4. B\u00f6l\u00fcm &#8211; Eti\u011fin Temel Sorunlar\u01315. B\u00f6l\u00fcm \u2013 Eti\u011fin Uygulama Alanlar\u01316. B\u00f6l\u00fcm \u2013 \u0130\u015f Hayat\u0131nda Etik7. B\u00f6l\u00fcm \u2013 Etik E\u011fitimi8. B\u00f6l\u00fcm \u2013 M\u00fchendislik Eti\u011fi<\/p>\n","protected":false},"excerpt":{"rendered":"<p>\u0130\u00e7indekiler1. B\u00f6l\u00fcm \u2013 Etik Kavram\u0131 Ve Eti\u011fin Tarihsel Geli\u015fimi2. B\u00f6l\u00fcm \u2013 Etik Teorileri3. B\u00f6l\u00fcm \u2013 Eti\u011fin Di\u011fer Bilimlerle \u0130li\u015fkisi4. B\u00f6l\u00fcm &#8211; Eti\u011fin Temel Sorunlar\u01315. B\u00f6l\u00fcm \u2013<span class=\"excerpt-hellip\"> [\u2026]<\/span><\/p>\n","protected":false},"featured_media":0,"template":"","meta":{"_monsterinsights_skip_tracking":false,"_monsterinsights_sitenote_active":false,"_monsterinsights_sitenote_note":"","_monsterinsights_sitenote_category":0},"product_brand":[],"product_cat":[13005,18664],"product_tag":[],"class_list":{"0":"post-728839","1":"product","2":"type-product","3":"status-publish","5":"product_cat-bilim-muhendislik","6":"product_cat-muhendislik","7":"pa_cilt-ciltsiz","8":"pa_tur-kitap","9":"pa_yayinevi-gazi-kitabevi","10":"pa_yazar-r-tugrul-ogulata","12":"first","13":"instock","14":"sale","15":"shipping-taxable","16":"purchasable","17":"product-type-simple"},"_links":{"self":[{"href":"https:\/\/roveyayinevi.com.tr\/index.php\/wp-json\/wp\/v2\/product\/728839","targetHints":{"allow":["GET"]}}],"collection":[{"href":"https:\/\/roveyayinevi.com.tr\/index.php\/wp-json\/wp\/v2\/product"}],"about":[{"href":"https:\/\/roveyayinevi.com.tr\/index.php\/wp-json\/wp\/v2\/types\/product"}],"wp:attachment":[{"href":"https:\/\/roveyayinevi.com.tr\/index.php\/wp-json\/wp\/v2\/media?parent=728839"}],"wp:term":[{"taxonomy":"product_brand","embeddable":true,"href":"https:\/\/roveyayinevi.com.tr\/index.php\/wp-json\/wp\/v2\/product_brand?post=728839"},{"taxonomy":"product_cat","embeddable":true,"href":"https:\/\/roveyayinevi.com.tr\/index.php\/wp-json\/wp\/v2\/product_cat?post=728839"},{"taxonomy":"product_tag","embeddable":true,"href":"https:\/\/roveyayinevi.com.tr\/index.php\/wp-json\/wp\/v2\/product_tag?post=728839"}],"curies":[{"name":"wp","href":"https:\/\/api.w.org\/{rel}","templated":true}]}}