{"id":728838,"date":"2025-08-27T20:45:58","date_gmt":"2025-08-27T17:45:58","guid":{"rendered":"https:\/\/roveyayinevi.com.tr\/index.php\/urun\/isletmelerde-yetenek-yonetimi-calisan-yaraticiligi-yenilikci-davranis-turizm-sektorunde-bir-arastirma\/"},"modified":"2026-04-16T02:36:39","modified_gmt":"2026-04-15T23:36:39","slug":"isletmelerde-yetenek-yonetimi-calisan-yaraticiligi-yenilikci-davranis-turizm-sektorunde-bir-arastirma","status":"publish","type":"product","link":"https:\/\/roveyayinevi.com.tr\/index.php\/urun\/isletmelerde-yetenek-yonetimi-calisan-yaraticiligi-yenilikci-davranis-turizm-sektorunde-bir-arastirma\/","title":{"rendered":"\u0130\u015fletmelerde Yetenek Y\u00f6netimi \u00c7al\u0131\u015fan Yarat\u0131c\u0131l\u0131\u011f\u0131 Yenilik\u00e7i Davran\u0131\u015f Turizm Sekt\u00f6r\u00fcnde Bir Ara\u015ft\u0131rma"},"content":{"rendered":"<p>\u0130\u00e7indekilerI. B\u00f6l\u00fcm \u2013 Yetenek Y\u00f6netimi 1. Yetenek Kavram\u0131na Giri\u015f 2. Tarihsel S\u00fcre\u00e7te Yetenek3. Yetenek \u0130le Kar\u0131\u015ft\u0131r\u0131labilen Benzer Kavramlar 4. \u0130\u015f Hayat\u0131nda Yetenek 5. Yetenek Y\u00f6netimi II. B\u00f6l\u00fcm \u2013 i\u015fletmelerde \u00e7al\u0131\u015fan yarat\u0131c\u0131l\u0131\u011f\u0131 1. Yarat\u0131c\u0131l\u0131k Kavram\u0131na Giri\u015f 2. Yarat\u0131c\u0131l\u0131k Olgusunu A\u00e7\u0131klamaya Y\u00f6nelik Yakla\u015f\u0131mlar 3. Yarat\u0131c\u0131l\u0131\u011f\u0131n Geli\u015fim Evreleri 4. Yarat\u0131c\u0131l\u0131\u011f\u0131 Olu\u015fturan Temel Bile\u015fenler 5. \u0130\u015fletmelerde Yarat\u0131c\u0131l\u0131k6. \u00c7al\u0131\u015fanlar\u0131n Yarat\u0131c\u0131l\u0131\u011f\u0131na Etki Eden Fakt\u00f6rler 7. \u00c7al\u0131\u015fan Yarat\u0131c\u0131l\u0131\u011f\u0131 \u00dczerine Bir Literat\u00fcr Ara\u015ft\u0131rmas\u0131 III. B\u00f6l\u00fcm \u2013 \u0130\u015fletmelerde Yenilik\u00e7ilik 1. Yenilik Kavram\u0131na Giri\u015f 2. Yenilik ve \u0130li\u015fkili Kavramlar 3. Yenilik Konusuna Y\u00f6nelik Yakla\u015f\u0131mlar4. \u0130\u015fletmelerde Yenilik T\u00fcrleri 5. Yenilik\u00e7ili\u011fin Kaynaklar\u0131 6. Bireysel ve \u00d6rg\u00fctsel Yenilik\u00e7ilik 7. Yenilik\u00e7i Stratejiler 8. Yenilik\u00e7ili\u011fin \u0130\u015fletmeler \u0130\u00e7in \u00d6nemi 9. \u0130\u015fletmelerde Yenilik\u00e7ili\u011fi Etkileyen Fakt\u00f6rler 10. \u0130\u015fletmelerde Yenilik S\u00fcrecinin A\u015famalar\u0131 11. \u0130\u015fletmelerde Yenilik\u00e7ilik Alan\u0131nda Yap\u0131lan \u00c7al\u0131\u015fmalar IV. B\u00f6l\u00fcm \u2013 turizm sekt\u00f6r\u00fcnde bir ara\u015ft\u0131rma turizm i\u015fletmelerinde \u00e7al\u0131\u015fanlar\u0131n yetenek y\u00f6netimi alg\u0131lar\u0131n\u0131n yarat\u0131c\u0131 ve yenilik\u00e7i performanslar\u0131na etkileri 1. De\u011fi\u015fkenler Aras\u0131 \u0130li\u015fkiler ve Ara\u015ft\u0131rman\u0131n Hipotezleri 2. Ara\u015ft\u0131rman\u0131n Amac\u0131 ve \u00d6nemi 3. Veri Toplama Ara\u00e7lar\u0131 ve Analiz Y\u00f6ntemleri 4. Ana K\u00fctle ve \u00d6rneklem 5. Bulgular ve Yorumlar<\/p>\n","protected":false},"excerpt":{"rendered":"<p>\u0130\u00e7indekilerI. B\u00f6l\u00fcm \u2013 Yetenek Y\u00f6netimi 1. Yetenek Kavram\u0131na Giri\u015f 2. Tarihsel S\u00fcre\u00e7te Yetenek3. Yetenek \u0130le Kar\u0131\u015ft\u0131r\u0131labilen Benzer Kavramlar 4. \u0130\u015f Hayat\u0131nda Yetenek 5. Yetenek Y\u00f6netimi II.<span class=\"excerpt-hellip\"> [\u2026]<\/span><\/p>\n","protected":false},"featured_media":0,"template":"","meta":{"_monsterinsights_skip_tracking":false,"_monsterinsights_sitenote_active":false,"_monsterinsights_sitenote_note":"","_monsterinsights_sitenote_category":0},"product_brand":[],"product_cat":[13043,14381],"product_tag":[],"class_list":{"0":"post-728838","1":"product","2":"type-product","3":"status-publish","5":"product_cat-ekonomi","6":"product_cat-isletme-muhasebe-maliye","7":"pa_cilt-ciltsiz","8":"pa_tur-kitap","9":"pa_yayinevi-gazi-kitabevi","10":"pa_yazar-bayram-kirmizigul","12":"first","13":"instock","14":"sale","15":"shipping-taxable","16":"purchasable","17":"product-type-simple"},"_links":{"self":[{"href":"https:\/\/roveyayinevi.com.tr\/index.php\/wp-json\/wp\/v2\/product\/728838","targetHints":{"allow":["GET"]}}],"collection":[{"href":"https:\/\/roveyayinevi.com.tr\/index.php\/wp-json\/wp\/v2\/product"}],"about":[{"href":"https:\/\/roveyayinevi.com.tr\/index.php\/wp-json\/wp\/v2\/types\/product"}],"wp:attachment":[{"href":"https:\/\/roveyayinevi.com.tr\/index.php\/wp-json\/wp\/v2\/media?parent=728838"}],"wp:term":[{"taxonomy":"product_brand","embeddable":true,"href":"https:\/\/roveyayinevi.com.tr\/index.php\/wp-json\/wp\/v2\/product_brand?post=728838"},{"taxonomy":"product_cat","embeddable":true,"href":"https:\/\/roveyayinevi.com.tr\/index.php\/wp-json\/wp\/v2\/product_cat?post=728838"},{"taxonomy":"product_tag","embeddable":true,"href":"https:\/\/roveyayinevi.com.tr\/index.php\/wp-json\/wp\/v2\/product_tag?post=728838"}],"curies":[{"name":"wp","href":"https:\/\/api.w.org\/{rel}","templated":true}]}}