{"id":728837,"date":"2025-08-27T20:45:57","date_gmt":"2025-08-27T17:45:57","guid":{"rendered":"https:\/\/roveyayinevi.com.tr\/index.php\/urun\/kartaca\/"},"modified":"2026-04-16T02:36:39","modified_gmt":"2026-04-15T23:36:39","slug":"kartaca","status":"publish","type":"product","link":"https:\/\/roveyayinevi.com.tr\/index.php\/urun\/kartaca\/","title":{"rendered":"Kartaca"},"content":{"rendered":"<p>Gu\u0308nu\u0308mu\u0308zde Afrika\u2019n\u0131n kuzeyinde bir harabe olan Kartaca eskiden du\u0308nyan\u0131n en gu\u0308\u00e7lu\u0308 imparatorluklar\u0131ndan birinin ba\u015fkentiydi. \u201cKartaca\u2019n\u0131n \u00f6yku\u0308su\u0308nu\u0308 anlatmak bir hayli zor zira bunu duyguda\u015fl\u0131\u011fa kap\u0131lmadan ve du\u0308\u015fmanlar\u0131n\u0131n bak\u0131\u015f a\u00e7\u0131s\u0131ndan ele almak gerekiyor. \u00d6te yandan, yararlan\u0131lacak bol miktarda malzemenin bulunmas\u0131 da bu\u0308yu\u0308k bir avantaj; bu sayede belli oranda olduk\u00e7a ger\u00e7ek\u00e7i bir \u00f6yku\u0308 anlat\u0131labilir.\u201d Alfred J. Church son derece canl\u0131 bir anlat\u0131mla bizi kentin kurulu\u015f efsanelerinden Kartaca\u2019n\u0131n Akdeniz\u2019deki h\u00e2kimiyetine, Hannibal\u2019in \u0130talya seferinden Kartaca\u2019n\u0131n Roma taraf\u0131ndan yok edilmesine dek uzun bir yolculu\u011fa \u00e7\u0131kar\u0131yor<\/p>\n","protected":false},"excerpt":{"rendered":"<p>Gu\u0308nu\u0308mu\u0308zde Afrika\u2019n\u0131n kuzeyinde bir harabe olan Kartaca eskiden du\u0308nyan\u0131n en gu\u0308\u00e7lu\u0308 imparatorluklar\u0131ndan birinin ba\u015fkentiydi. \u201cKartaca\u2019n\u0131n \u00f6yku\u0308su\u0308nu\u0308 anlatmak bir hayli zor zira bunu duyguda\u015fl\u0131\u011fa kap\u0131lmadan ve du\u0308\u015fmanlar\u0131n\u0131n<span class=\"excerpt-hellip\"> [\u2026]<\/span><\/p>\n","protected":false},"featured_media":0,"template":"","meta":{"_monsterinsights_skip_tracking":false,"_monsterinsights_sitenote_active":false,"_monsterinsights_sitenote_note":"","_monsterinsights_sitenote_category":0},"product_brand":[],"product_cat":[12291,12745],"product_tag":[],"class_list":{"0":"post-728837","1":"product","2":"type-product","3":"status-publish","5":"product_cat-edebiyat","6":"product_cat-tarihi-roman","7":"pa_cilt-ciltsiz","8":"pa_tur-kitap","9":"pa_yayinevi-say-yayinlari","10":"pa_yazar-alfred-j-church-arthur-gilman","12":"first","13":"instock","14":"sale","15":"shipping-taxable","16":"purchasable","17":"product-type-simple"},"_links":{"self":[{"href":"https:\/\/roveyayinevi.com.tr\/index.php\/wp-json\/wp\/v2\/product\/728837","targetHints":{"allow":["GET"]}}],"collection":[{"href":"https:\/\/roveyayinevi.com.tr\/index.php\/wp-json\/wp\/v2\/product"}],"about":[{"href":"https:\/\/roveyayinevi.com.tr\/index.php\/wp-json\/wp\/v2\/types\/product"}],"wp:attachment":[{"href":"https:\/\/roveyayinevi.com.tr\/index.php\/wp-json\/wp\/v2\/media?parent=728837"}],"wp:term":[{"taxonomy":"product_brand","embeddable":true,"href":"https:\/\/roveyayinevi.com.tr\/index.php\/wp-json\/wp\/v2\/product_brand?post=728837"},{"taxonomy":"product_cat","embeddable":true,"href":"https:\/\/roveyayinevi.com.tr\/index.php\/wp-json\/wp\/v2\/product_cat?post=728837"},{"taxonomy":"product_tag","embeddable":true,"href":"https:\/\/roveyayinevi.com.tr\/index.php\/wp-json\/wp\/v2\/product_tag?post=728837"}],"curies":[{"name":"wp","href":"https:\/\/api.w.org\/{rel}","templated":true}]}}