{"id":728834,"date":"2025-08-27T20:45:54","date_gmt":"2025-08-27T17:45:54","guid":{"rendered":"https:\/\/roveyayinevi.com.tr\/index.php\/urun\/dokunulmazlar\/"},"modified":"2026-04-11T13:55:48","modified_gmt":"2026-04-11T10:55:48","slug":"dokunulmazlar","status":"publish","type":"product","link":"https:\/\/roveyayinevi.com.tr\/index.php\/urun\/dokunulmazlar\/","title":{"rendered":"Dokunulmazlar"},"content":{"rendered":"<p>Melody ve Liam, arkalar\u0131nda b\u0131rakt\u0131klar\u0131 kan g\u00f6l\u00fcnden Chicago\u2019nun en g\u00fc\u00e7l\u00fc ailesi olarak \u00e7\u0131karlar ve \u015fimdiki hedefleri Amerika\u2019y\u0131 ele ge\u00e7irmektir. Ancak Melody\u2019nin hayat\u0131n\u0131 alt \u00fcst edecek bir s\u0131r, sakland\u0131\u011f\u0131 yerden a\u00e7\u0131\u011fa \u00e7\u0131kmak \u00fczeredir. Liam, bu s\u0131rr\u0131 kar\u0131s\u0131ndan gizleyerek \u00e7\u00f6zmeye \u00e7al\u0131\u015facak ancak k\u0131sa s\u00fcrede, \u00e2\u015f\u0131k oldu\u011fu kad\u0131n\u0131n ayn\u0131 zamanda en yak\u0131n su\u00e7 orta\u011f\u0131 oldu\u011funu hat\u0131rlayacakt\u0131r. Melody ve Liam, g\u00fc\u00e7l\u00fc arzular\u0131yla yaratt\u0131klar\u0131, d\u00fcnyan\u0131n her k\u00f6\u015fesine yay\u0131lm\u0131\u015f bir imparatorlu\u011fu ve ailelerini, onlar\u0131 ay\u0131rmaya gelen d\u00fc\u015fmanlar\u0131ndan korumay\u0131 ba\u015farabilecekler mi?   \u201cAc\u0131mas\u0131zlar, g\u00f6rd\u00fc\u011f\u00fcm herkese tavsiye etti\u011fim bir seri!\u201d -Giselle, HopelessBookLover \u201cDaha \u00e7ok tehlike, daha \u00e7ok \u015fa\u015f\u0131rtmaca ve daha \u00e7ok cinayet! Ba\u015fka iste\u011finiz?\u201d -Angela, Angela ReadsBooks \u201cM\u00fcthi\u015f heyecanl\u0131 bir hik\u00e2ye. D\u00e2hice geli\u015ftirilmi\u015f karakterler. K\u0131\u015fk\u0131rt\u0131c\u0131 ve dokunulmaz bir ikili.\u201d -Astrid, BooksandNooks <\/p>\n","protected":false},"excerpt":{"rendered":"<p>Melody ve Liam, arkalar\u0131nda b\u0131rakt\u0131klar\u0131 kan g\u00f6l\u00fcnden Chicago\u2019nun en g\u00fc\u00e7l\u00fc ailesi olarak \u00e7\u0131karlar ve \u015fimdiki hedefleri Amerika\u2019y\u0131 ele ge\u00e7irmektir. Ancak Melody\u2019nin hayat\u0131n\u0131 alt \u00fcst edecek bir<span class=\"excerpt-hellip\"> [\u2026]<\/span><\/p>\n","protected":false},"featured_media":0,"template":"","meta":{"_monsterinsights_skip_tracking":false,"_monsterinsights_sitenote_active":false,"_monsterinsights_sitenote_note":"","_monsterinsights_sitenote_category":0},"product_brand":[],"product_cat":[12291,12711],"product_tag":[],"class_list":{"0":"post-728834","1":"product","2":"type-product","3":"status-publish","5":"product_cat-edebiyat","6":"product_cat-roman-oyku","7":"pa_cilt-ciltsiz","8":"pa_tur-kitap","9":"pa_yayinevi-ephesus-yayinlari","10":"pa_yazar-j-j-mcavoy","12":"first","13":"instock","14":"sale","15":"shipping-taxable","16":"purchasable","17":"product-type-simple"},"_links":{"self":[{"href":"https:\/\/roveyayinevi.com.tr\/index.php\/wp-json\/wp\/v2\/product\/728834","targetHints":{"allow":["GET"]}}],"collection":[{"href":"https:\/\/roveyayinevi.com.tr\/index.php\/wp-json\/wp\/v2\/product"}],"about":[{"href":"https:\/\/roveyayinevi.com.tr\/index.php\/wp-json\/wp\/v2\/types\/product"}],"wp:attachment":[{"href":"https:\/\/roveyayinevi.com.tr\/index.php\/wp-json\/wp\/v2\/media?parent=728834"}],"wp:term":[{"taxonomy":"product_brand","embeddable":true,"href":"https:\/\/roveyayinevi.com.tr\/index.php\/wp-json\/wp\/v2\/product_brand?post=728834"},{"taxonomy":"product_cat","embeddable":true,"href":"https:\/\/roveyayinevi.com.tr\/index.php\/wp-json\/wp\/v2\/product_cat?post=728834"},{"taxonomy":"product_tag","embeddable":true,"href":"https:\/\/roveyayinevi.com.tr\/index.php\/wp-json\/wp\/v2\/product_tag?post=728834"}],"curies":[{"name":"wp","href":"https:\/\/api.w.org\/{rel}","templated":true}]}}