{"id":728833,"date":"2025-08-27T20:45:53","date_gmt":"2025-08-27T17:45:53","guid":{"rendered":"https:\/\/roveyayinevi.com.tr\/index.php\/urun\/sultanla-son-dans\/"},"modified":"2026-04-16T02:36:39","modified_gmt":"2026-04-15T23:36:39","slug":"sultanla-son-dans","status":"publish","type":"product","link":"https:\/\/roveyayinevi.com.tr\/index.php\/urun\/sultanla-son-dans\/","title":{"rendered":"Sultanla Son Dans"},"content":{"rendered":"<p>VATANSIZ OLMAK \u0130NSANI YARALAR! HER ZAMAN B\u0130R YER\u0130N EKS\u0130K KALIR, KEND\u0130N\u0130 H\u0130\u00c7B\u0130R YERE A\u0130T H\u0130SSEDEMEZS\u0130N.   \u0130kinci D\u00fcnya Sava\u015f\u0131 t\u00fcm \u015fiddetiyle devam ederken, New York\u2019taki karde\u015finin yan\u0131na giden \u00fcniversite \u00f6\u011frencisi Sofia Moretti, orada ilk g\u00f6r\u00fc\u015fte a\u015fk\u0131n\u0131n tutsa\u011f\u0131 haline gelece\u011fi bir delikanl\u0131yla tan\u0131\u015f\u0131r. Hayat\u0131ndan bir daha \u00e7\u0131karamayaca\u011f\u0131 bu delikanl\u0131 s\u00fcrg\u00fcne yollanm\u0131\u015f Osmanl\u0131 \u015fehzadesi Cem\u2019den ba\u015fkas\u0131 de\u011fildir. Sava\u015f\u00e7\u0131 ruhlu ve yak\u0131\u015f\u0131kl\u0131 Osmanl\u0131 \u015fehzadesi Cem ile \u0130talyan mafya liderinin d\u00fcnyalar g\u00fczeli k\u0131z\u0131 Sofia imk\u00e2ns\u0131z bir a\u015fk\u0131n i\u00e7inde bulurlar kendilerini. New York\u2019tan Kuzey Afrika\u2019ya, Paris\u2019ten \u0130stanbul\u2019a uzanan bu a\u015fk hik\u00e2yesinde \u00e7\u00f6zmeleri gereken iki b\u00fcy\u00fck sorunlar\u0131 vard\u0131r: Mafyan\u0131n ac\u0131mas\u0131z kurallar\u0131 ve Cem\u2019in kay\u0131p bir \u015fehzade olarak verdi\u011fi kimlik sava\u015f\u0131&#8230; <\/p>\n","protected":false},"excerpt":{"rendered":"<p>VATANSIZ OLMAK \u0130NSANI YARALAR! HER ZAMAN B\u0130R YER\u0130N EKS\u0130K KALIR, KEND\u0130N\u0130 H\u0130\u00c7B\u0130R YERE A\u0130T H\u0130SSEDEMEZS\u0130N. \u0130kinci D\u00fcnya Sava\u015f\u0131 t\u00fcm \u015fiddetiyle devam ederken, New York\u2019taki karde\u015finin yan\u0131na<span class=\"excerpt-hellip\"> [\u2026]<\/span><\/p>\n","protected":false},"featured_media":0,"template":"","meta":{"_monsterinsights_skip_tracking":false,"_monsterinsights_sitenote_active":false,"_monsterinsights_sitenote_note":"","_monsterinsights_sitenote_category":0},"product_brand":[],"product_cat":[12291,12745],"product_tag":[],"class_list":{"0":"post-728833","1":"product","2":"type-product","3":"status-publish","5":"product_cat-edebiyat","6":"product_cat-tarihi-roman","7":"pa_cilt-ciltsiz","8":"pa_tur-kitap","9":"pa_yayinevi-destek-yayinlari","10":"pa_yazar-cagla-ural","12":"first","13":"instock","14":"sale","15":"shipping-taxable","16":"purchasable","17":"product-type-simple"},"_links":{"self":[{"href":"https:\/\/roveyayinevi.com.tr\/index.php\/wp-json\/wp\/v2\/product\/728833","targetHints":{"allow":["GET"]}}],"collection":[{"href":"https:\/\/roveyayinevi.com.tr\/index.php\/wp-json\/wp\/v2\/product"}],"about":[{"href":"https:\/\/roveyayinevi.com.tr\/index.php\/wp-json\/wp\/v2\/types\/product"}],"wp:attachment":[{"href":"https:\/\/roveyayinevi.com.tr\/index.php\/wp-json\/wp\/v2\/media?parent=728833"}],"wp:term":[{"taxonomy":"product_brand","embeddable":true,"href":"https:\/\/roveyayinevi.com.tr\/index.php\/wp-json\/wp\/v2\/product_brand?post=728833"},{"taxonomy":"product_cat","embeddable":true,"href":"https:\/\/roveyayinevi.com.tr\/index.php\/wp-json\/wp\/v2\/product_cat?post=728833"},{"taxonomy":"product_tag","embeddable":true,"href":"https:\/\/roveyayinevi.com.tr\/index.php\/wp-json\/wp\/v2\/product_tag?post=728833"}],"curies":[{"name":"wp","href":"https:\/\/api.w.org\/{rel}","templated":true}]}}