{"id":728832,"date":"2025-08-27T20:45:51","date_gmt":"2025-08-27T17:45:51","guid":{"rendered":"https:\/\/roveyayinevi.com.tr\/index.php\/urun\/nefs\/"},"modified":"2025-11-19T18:36:16","modified_gmt":"2025-11-19T15:36:16","slug":"nefs","status":"publish","type":"product","link":"https:\/\/roveyayinevi.com.tr\/index.php\/urun\/nefs\/","title":{"rendered":"Nefs"},"content":{"rendered":"<p>\u0130nsan \u00f6lmek i\u00e7in de\u011fil, tanr\u0131salla\u015fmak i\u00e7in tek\u00e2m\u00fcl eder. Tanr\u0131salla\u015fmak, tek\u00e2m\u00fcl\u00fcn amac\u0131d\u0131r.   Unutulmayana ve unutan\u0131n zihnindeki ka\u00e7\u0131\u015fa Ge\u00e7meyene ve ge\u00e7en her \u015feyin ard\u0131nda b\u0131rakt\u0131\u011f\u0131 kas\u0131tl\u0131 izlere Sonsuza ve sonsuzun i\u00e7indeki hakikate Gidene, geri d\u00f6nmeyene ve d\u00f6nenlerin kalbindeki pi\u015fmanl\u0131\u011fa Olmakla olmamak aras\u0131ndaki dengeye Yoklu\u011fun varl\u0131\u011f\u0131 ink\u00e2r edemeyi\u015fine Yar\u0131n\u0131n yazg\u0131s\u0131n\u0131 in\u015fa eden \u015fimdiye Sana, bana, bize ve her \u015feye Akl\u0131n i\u00e7inde, T\u0130N\u2019in gizeminde ve T\u00d6Z\u2019\u00fcn \u00fczerindeki iradeye Nefse, nefese ve sese dair&#8230; Bitimsiz bir nefs s\u0131nav\u0131 i\u00e7inde deneyimlenen bir nefeslik ya\u015fam\u0131n amac\u0131 \u00f6l\u00fcme varmak olabilir mi hi\u00e7? Sence bu kutsal yolculuk, sadece son nefesi vermeye haz\u0131rlanmak i\u00e7in mi ger\u00e7ekle\u015ftiriliyor? Hay\u0131r! \u00c7\u00fcnk\u00fc insan \u00f6lmek i\u00e7in de\u011fil, tanr\u0131salla\u015fmak i\u00e7in tek\u00e2m\u00fcl eder. Tanr\u0131salla\u015fmak, tek\u00e2m\u00fcl\u00fcn amac\u0131d\u0131r. Ya\u015fam yolculu\u011fu huzurlu bir \u00f6l\u00fcme varmaktan \u00f6te, yarat\u0131m\u0131n sonsuzlu\u011funu ger\u00e7ekle\u015ftirmek \u00fczere tasarlanm\u0131\u015f bir s\u00fcre\u00e7tir. \u00d6l\u00fcml\u00fc insano\u011flu, \u00f6l\u00fcms\u00fczl\u00fc\u011f\u00fcne uyanacakt\u0131r bir g\u00fcn. <\/p>\n","protected":false},"excerpt":{"rendered":"<p>\u0130nsan \u00f6lmek i\u00e7in de\u011fil, tanr\u0131salla\u015fmak i\u00e7in tek\u00e2m\u00fcl eder. Tanr\u0131salla\u015fmak, tek\u00e2m\u00fcl\u00fcn amac\u0131d\u0131r. Unutulmayana ve unutan\u0131n zihnindeki ka\u00e7\u0131\u015fa Ge\u00e7meyene ve ge\u00e7en her \u015feyin ard\u0131nda b\u0131rakt\u0131\u011f\u0131 kas\u0131tl\u0131 izlere Sonsuza<span class=\"excerpt-hellip\"> [\u2026]<\/span><\/p>\n","protected":false},"featured_media":0,"template":"","meta":{"_monsterinsights_skip_tracking":false,"_monsterinsights_sitenote_active":false,"_monsterinsights_sitenote_note":"","_monsterinsights_sitenote_category":0},"product_brand":[],"product_cat":[13072,12291],"product_tag":[],"class_list":{"0":"post-728832","1":"product","2":"type-product","3":"status-publish","5":"product_cat-arastirma-inceleme-referans","6":"product_cat-edebiyat","7":"pa_cilt-ciltsiz","8":"pa_tur-kitap","9":"pa_yayinevi-destek-yayinlari","10":"pa_yazar-nevsah-fidan-karamehmet","12":"first","13":"instock","14":"sale","15":"shipping-taxable","16":"purchasable","17":"product-type-simple"},"_links":{"self":[{"href":"https:\/\/roveyayinevi.com.tr\/index.php\/wp-json\/wp\/v2\/product\/728832","targetHints":{"allow":["GET"]}}],"collection":[{"href":"https:\/\/roveyayinevi.com.tr\/index.php\/wp-json\/wp\/v2\/product"}],"about":[{"href":"https:\/\/roveyayinevi.com.tr\/index.php\/wp-json\/wp\/v2\/types\/product"}],"wp:attachment":[{"href":"https:\/\/roveyayinevi.com.tr\/index.php\/wp-json\/wp\/v2\/media?parent=728832"}],"wp:term":[{"taxonomy":"product_brand","embeddable":true,"href":"https:\/\/roveyayinevi.com.tr\/index.php\/wp-json\/wp\/v2\/product_brand?post=728832"},{"taxonomy":"product_cat","embeddable":true,"href":"https:\/\/roveyayinevi.com.tr\/index.php\/wp-json\/wp\/v2\/product_cat?post=728832"},{"taxonomy":"product_tag","embeddable":true,"href":"https:\/\/roveyayinevi.com.tr\/index.php\/wp-json\/wp\/v2\/product_tag?post=728832"}],"curies":[{"name":"wp","href":"https:\/\/api.w.org\/{rel}","templated":true}]}}