{"id":728831,"date":"2025-08-27T20:45:50","date_gmt":"2025-08-27T17:45:50","guid":{"rendered":"https:\/\/roveyayinevi.com.tr\/index.php\/urun\/insan-nedir-2\/"},"modified":"2026-04-16T02:36:39","modified_gmt":"2026-04-15T23:36:39","slug":"insan-nedir-2","status":"publish","type":"product","link":"https:\/\/roveyayinevi.com.tr\/index.php\/urun\/insan-nedir-2\/","title":{"rendered":"\u0130nsan Nedir"},"content":{"rendered":"<p>\u201cTom Sawyer\u2019\u0131n Maceralar\u0131\u201d ve \u201cHuckleberry Finn\u2019in Maceralar\u0131\u201d adl\u0131 d\u00fcnyaca \u00fcnl\u00fc romanlar\u0131n yazar\u0131 Amerikal\u0131 mizah\u00e7\u0131 ve hiciv ustas\u0131 Mark Twain, bu kez al\u0131\u015f\u0131lm\u0131\u015f\u0131n \u00e7ok d\u0131\u015f\u0131nda, sorular\u0131 bol, sorgulamas\u0131 \u00e7etin, anlat\u0131m\u0131 farkl\u0131 bir eserle okurunun kar\u015f\u0131s\u0131nda: \u0130nsan Nedir?\u0130ki adam aras\u0131ndaki diyaloglar \u00fczerine kurulu bu k\u00fc\u00e7\u00fck ama derinlikli kitab\u0131 okurken, \u00e7o\u011fu zaman Sokrates ve Platon\u2019un tart\u0131\u015fmalar\u0131 canlanacak g\u00f6z\u00fcn\u00fczde.Mizah anlay\u0131\u015f\u0131 g\u00fc\u00e7l\u00fc ya\u015fl\u0131 bir adamla, tez canl\u0131 ve heyecan\u0131 y\u00fcksek gen\u00e7 bir adam aras\u0131nda ge\u00e7en sohbette \u201cinsan\u0131n ne oldu\u011fu, ne olmad\u0131\u011f\u0131 ya da ne zannedildi\u011fi\u201d konusu enine boyuna tart\u0131\u015f\u0131l\u0131rken kantar\u0131n topunun ka\u00e7t\u0131\u011f\u0131 anlar da yok de\u011fil&#8230;\u0130nsan asl\u0131nda bir makine midir, zevk pe\u015finde ko\u015fmak ve ac\u0131dan ka\u00e7mak d\u0131\u015f\u0131nda herhangi bir d\u00fcrt\u00fcs\u00fc yok mudur, \u201cki\u015fisel de\u011ferler\u201d uydurma m\u0131d\u0131r, i\u015flevi belli makineler gibi insan\u0131n yarat\u0131c\u0131l\u0131\u011f\u0131 da \u00e7ekti\u011fi verilerin bir sonucu mudur?Daha ne sorular, ne tart\u0131\u015fmalar bekliyor sizi&#8230;Sonuca de\u011fil, s\u00fcrece hayran b\u0131rakan bir eserle kar\u015f\u0131 kar\u015f\u0131yas\u0131n\u0131z&#8230; Manay\u0131 kaybeden 21. y\u00fczy\u0131l\u0131n gen\u00e7 insan\u0131n\u0131 anlamak a\u00e7\u0131s\u0131ndan, do\u011fru bir ba\u015flang\u0131\u00e7 say\u0131lacakt\u0131r bu kitap&#8230;\u201cHer t\u00fcrden vicdan vard\u0131r, \u00e7\u00fcnk\u00fc her t\u00fcrden insan vard\u0131r&#8230;\u201d<\/p>\n","protected":false},"excerpt":{"rendered":"<p>\u201cTom Sawyer\u2019\u0131n Maceralar\u0131\u201d ve \u201cHuckleberry Finn\u2019in Maceralar\u0131\u201d adl\u0131 d\u00fcnyaca \u00fcnl\u00fc romanlar\u0131n yazar\u0131 Amerikal\u0131 mizah\u00e7\u0131 ve hiciv ustas\u0131 Mark Twain, bu kez al\u0131\u015f\u0131lm\u0131\u015f\u0131n \u00e7ok d\u0131\u015f\u0131nda, sorular\u0131 bol,<span class=\"excerpt-hellip\"> [\u2026]<\/span><\/p>\n","protected":false},"featured_media":0,"template":"","meta":{"_monsterinsights_skip_tracking":false,"_monsterinsights_sitenote_active":false,"_monsterinsights_sitenote_note":"","_monsterinsights_sitenote_category":0},"product_brand":[],"product_cat":[12291,12711],"product_tag":[],"class_list":{"0":"post-728831","1":"product","2":"type-product","3":"status-publish","5":"product_cat-edebiyat","6":"product_cat-roman-oyku","7":"pa_cilt-ciltsiz","8":"pa_tur-kitap","9":"pa_yayinevi-destek-yayinlari","10":"pa_yazar-mark-twain","12":"first","13":"instock","14":"sale","15":"shipping-taxable","16":"purchasable","17":"product-type-simple"},"_links":{"self":[{"href":"https:\/\/roveyayinevi.com.tr\/index.php\/wp-json\/wp\/v2\/product\/728831","targetHints":{"allow":["GET"]}}],"collection":[{"href":"https:\/\/roveyayinevi.com.tr\/index.php\/wp-json\/wp\/v2\/product"}],"about":[{"href":"https:\/\/roveyayinevi.com.tr\/index.php\/wp-json\/wp\/v2\/types\/product"}],"wp:attachment":[{"href":"https:\/\/roveyayinevi.com.tr\/index.php\/wp-json\/wp\/v2\/media?parent=728831"}],"wp:term":[{"taxonomy":"product_brand","embeddable":true,"href":"https:\/\/roveyayinevi.com.tr\/index.php\/wp-json\/wp\/v2\/product_brand?post=728831"},{"taxonomy":"product_cat","embeddable":true,"href":"https:\/\/roveyayinevi.com.tr\/index.php\/wp-json\/wp\/v2\/product_cat?post=728831"},{"taxonomy":"product_tag","embeddable":true,"href":"https:\/\/roveyayinevi.com.tr\/index.php\/wp-json\/wp\/v2\/product_tag?post=728831"}],"curies":[{"name":"wp","href":"https:\/\/api.w.org\/{rel}","templated":true}]}}