{"id":728829,"date":"2025-08-27T20:45:41","date_gmt":"2025-08-27T17:45:41","guid":{"rendered":"https:\/\/roveyayinevi.com.tr\/index.php\/urun\/ilginc-bir-sey-yapmaliyiz\/"},"modified":"2026-04-16T02:36:39","modified_gmt":"2026-04-15T23:36:39","slug":"ilginc-bir-sey-yapmaliyiz","status":"publish","type":"product","link":"https:\/\/roveyayinevi.com.tr\/index.php\/urun\/ilginc-bir-sey-yapmaliyiz\/","title":{"rendered":"\u0130lgin\u00e7 Bir \u015eey Yapmal\u0131y\u0131z"},"content":{"rendered":"<p>Konu\u015fmadan, s\u0131k\u0131larak izledikleri ar\u0131 ne yapaca\u011f\u0131n\u0131 biliyordu oysa. D\u00f6nu\u0308p durmu\u015f ve sonunda muslu\u011fun u\u0308stu\u0308ne konmay\u0131 ba\u015farm\u0131\u015ft\u0131 i\u015fte. Minicik g\u00f6vdesi inip inip kalk\u0131yordu. Susuzlu\u011funu, belki de can s\u0131k\u0131nt\u0131s\u0131n\u0131 gideriyordu. Yorulmu\u015f olmal\u0131yd\u0131. Bu muslu\u011fu bulana kadar kim bilir nerelerde dolanm\u0131\u015ft\u0131? Oysa Hakan\u2019la Tun\u00e7\u2019un ar\u0131 gibi arad\u0131klar\u0131, pe\u015finden gidecekleri bir ama\u00e7lar\u0131 yoktu. Sorun buradayd\u0131 i\u015fte. Bir \u015fey yapmak istiyorlard\u0131 ama ne yapacaklar\u0131n\u0131 bilmiyorlard\u0131&#8230;   Tun\u00e7 ve Hakan, s\u0131k\u0131c\u0131 ge\u00e7en yaz tatilinde ihtiya\u00e7 duyduklar\u0131 \u015feyin bir macera oldu\u011funa karar verirler. B\u00f6ylece tekdu\u0308ze gu\u0308nlerine heyecan katacak, okul ba\u015flad\u0131\u011f\u0131nda arkada\u015flar\u0131n\u0131n ilgi oda\u011f\u0131 olacaklard\u0131r. \u0130ki kafadar, mahalledeki terk edilmi\u015f eve girme plan\u0131 yaparlar. Ancak evin \u0131ss\u0131z odalar\u0131nda onlar\u0131 bekleyen ba\u015fka misafirler oldu\u011fundan henu\u0308z habersizlerdir&#8230; \u00c7a\u011fda\u015f edebiyat\u0131m\u0131z\u0131n en \u00f6nemli \u00f6yku\u0308cu\u0308lerinden Cemil Kavuk\u00e7u, \u00e7ocukluk y\u0131llar\u0131n\u0131 geride b\u0131rakman\u0131n e\u015fi\u011findeki iki arkada\u015f\u0131n yaz tatilini anlat\u0131rken okurlar\u0131na, bu\u0308yu\u0308meyle hissedilen de\u011fi\u015fimin, eski oyunlardan kopup yeni aray\u0131\u015flara y\u00f6nelmenin, tan\u0131nmaya ve \u201cilgin\u00e7\u201d olmaya duyulan iste\u011fin, ilkgen\u00e7li\u011fe at\u0131lan ad\u0131mlar\u0131n deneyimini hat\u0131rlat\u0131yor. <\/p>\n","protected":false},"excerpt":{"rendered":"<p>Konu\u015fmadan, s\u0131k\u0131larak izledikleri ar\u0131 ne yapaca\u011f\u0131n\u0131 biliyordu oysa. D\u00f6nu\u0308p durmu\u015f ve sonunda muslu\u011fun u\u0308stu\u0308ne konmay\u0131 ba\u015farm\u0131\u015ft\u0131 i\u015fte. Minicik g\u00f6vdesi inip inip kalk\u0131yordu. Susuzlu\u011funu, belki de can<span class=\"excerpt-hellip\"> [\u2026]<\/span><\/p>\n","protected":false},"featured_media":0,"template":"","meta":{"_monsterinsights_skip_tracking":false,"_monsterinsights_sitenote_active":false,"_monsterinsights_sitenote_note":"","_monsterinsights_sitenote_category":0},"product_brand":[],"product_cat":[12275,12274],"product_tag":[],"class_list":{"0":"post-728829","1":"product","2":"type-product","3":"status-publish","5":"product_cat-6-12-yas-kitaplari","6":"product_cat-cocuk-ve-genclik-kitaplari","7":"pa_cilt-ciltsiz","8":"pa_tur-kitap","9":"pa_yayinevi-can-cocuk-yayinlari","10":"pa_yazar-cemil-kavukcu","12":"first","13":"instock","14":"sale","15":"shipping-taxable","16":"purchasable","17":"product-type-simple"},"_links":{"self":[{"href":"https:\/\/roveyayinevi.com.tr\/index.php\/wp-json\/wp\/v2\/product\/728829","targetHints":{"allow":["GET"]}}],"collection":[{"href":"https:\/\/roveyayinevi.com.tr\/index.php\/wp-json\/wp\/v2\/product"}],"about":[{"href":"https:\/\/roveyayinevi.com.tr\/index.php\/wp-json\/wp\/v2\/types\/product"}],"wp:attachment":[{"href":"https:\/\/roveyayinevi.com.tr\/index.php\/wp-json\/wp\/v2\/media?parent=728829"}],"wp:term":[{"taxonomy":"product_brand","embeddable":true,"href":"https:\/\/roveyayinevi.com.tr\/index.php\/wp-json\/wp\/v2\/product_brand?post=728829"},{"taxonomy":"product_cat","embeddable":true,"href":"https:\/\/roveyayinevi.com.tr\/index.php\/wp-json\/wp\/v2\/product_cat?post=728829"},{"taxonomy":"product_tag","embeddable":true,"href":"https:\/\/roveyayinevi.com.tr\/index.php\/wp-json\/wp\/v2\/product_tag?post=728829"}],"curies":[{"name":"wp","href":"https:\/\/api.w.org\/{rel}","templated":true}]}}