{"id":728828,"date":"2025-08-27T20:45:40","date_gmt":"2025-08-27T17:45:40","guid":{"rendered":"https:\/\/roveyayinevi.com.tr\/index.php\/urun\/gokte-bir-tekne-ciltli\/"},"modified":"2026-04-16T02:36:38","modified_gmt":"2026-04-15T23:36:38","slug":"gokte-bir-tekne-ciltli","status":"publish","type":"product","link":"https:\/\/roveyayinevi.com.tr\/index.php\/urun\/gokte-bir-tekne-ciltli\/","title":{"rendered":"G\u00f6kte Bir Tekne (Ciltli)"},"content":{"rendered":"<p>Isabelle ve Nicolas, kumsalda y\u00fcr\u00fcy\u00fc\u015f yaparken tuhaf bir enkaza rastlar. Par\u00e7alar\u0131 bir araya getirdiklerinde bunun bir tekne oldu\u011funu anlarlar. Tekneye binerler ve b\u00fcy\u00fck maceralar\u0131 b\u00f6ylece ba\u015flar: Yaral\u0131 bir leyle\u011fin yard\u0131m\u0131yla g\u00f6ky\u00fcz\u00fcnde yelken a\u00e7ar, yard\u0131m etmek i\u00e7in durduklar\u0131 yerlerde bazen zorbal\u0131\u011fa u\u011fram\u0131\u015f bir k\u0131z\u0131, bazen bir \u00e7ocuk i\u015f\u00e7iyi, bazense sava\u015ftan ka\u00e7an bir anneyle bebe\u011fini kurtar\u0131rlar. Ancak tekne art\u0131k t\u0131ka basa dolmu\u015ftur ve karaya \u00e7\u0131kmak i\u00e7in g\u00fcvenli bir yer bulmalar\u0131 gerekmektedir. Quentin Blake\u2019in d\u00fcnyan\u0131n d\u00f6rt bir yan\u0131ndan 1800 \u00e7ocukla fikir al\u0131\u015fveri\u015fi yaparak kaleme ald\u0131\u011f\u0131 \u201cG\u00f6kte Bir Tekne\u201d m\u00fcthi\u015f bir dayan\u0131\u015fma ve ho\u015fg\u00f6r\u00fc hik\u00e2yesi!<\/p>\n","protected":false},"excerpt":{"rendered":"<p>Isabelle ve Nicolas, kumsalda y\u00fcr\u00fcy\u00fc\u015f yaparken tuhaf bir enkaza rastlar. Par\u00e7alar\u0131 bir araya getirdiklerinde bunun bir tekne oldu\u011funu anlarlar. Tekneye binerler ve b\u00fcy\u00fck maceralar\u0131 b\u00f6ylece ba\u015flar:<span class=\"excerpt-hellip\"> [\u2026]<\/span><\/p>\n","protected":false},"featured_media":0,"template":"","meta":{"_monsterinsights_skip_tracking":false,"_monsterinsights_sitenote_active":false,"_monsterinsights_sitenote_note":"","_monsterinsights_sitenote_category":0},"product_brand":[],"product_cat":[12274,12284],"product_tag":[],"class_list":{"0":"post-728828","1":"product","2":"type-product","3":"status-publish","5":"product_cat-cocuk-ve-genclik-kitaplari","6":"product_cat-hikayeler","7":"pa_cilt-ciltli","8":"pa_tur-kitap","9":"pa_yayinevi-can-cocuk-yayinlari","10":"pa_yazar-quentin-blake","12":"first","13":"instock","14":"sale","15":"shipping-taxable","16":"purchasable","17":"product-type-simple"},"_links":{"self":[{"href":"https:\/\/roveyayinevi.com.tr\/index.php\/wp-json\/wp\/v2\/product\/728828","targetHints":{"allow":["GET"]}}],"collection":[{"href":"https:\/\/roveyayinevi.com.tr\/index.php\/wp-json\/wp\/v2\/product"}],"about":[{"href":"https:\/\/roveyayinevi.com.tr\/index.php\/wp-json\/wp\/v2\/types\/product"}],"wp:attachment":[{"href":"https:\/\/roveyayinevi.com.tr\/index.php\/wp-json\/wp\/v2\/media?parent=728828"}],"wp:term":[{"taxonomy":"product_brand","embeddable":true,"href":"https:\/\/roveyayinevi.com.tr\/index.php\/wp-json\/wp\/v2\/product_brand?post=728828"},{"taxonomy":"product_cat","embeddable":true,"href":"https:\/\/roveyayinevi.com.tr\/index.php\/wp-json\/wp\/v2\/product_cat?post=728828"},{"taxonomy":"product_tag","embeddable":true,"href":"https:\/\/roveyayinevi.com.tr\/index.php\/wp-json\/wp\/v2\/product_tag?post=728828"}],"curies":[{"name":"wp","href":"https:\/\/api.w.org\/{rel}","templated":true}]}}