{"id":728826,"date":"2025-08-27T20:45:38","date_gmt":"2025-08-27T17:45:38","guid":{"rendered":"https:\/\/roveyayinevi.com.tr\/index.php\/urun\/insanin-isyani\/"},"modified":"2026-03-13T02:36:49","modified_gmt":"2026-03-12T23:36:49","slug":"insanin-isyani","status":"publish","type":"product","link":"https:\/\/roveyayinevi.com.tr\/index.php\/urun\/insanin-isyani\/","title":{"rendered":"\u0130nsan\u0131n \u0130syan\u0131"},"content":{"rendered":"<p>D\u00fcnya bir a\u00e7\u0131k hava tiyatrosu olmal\u0131 .Sanki insanlar bu tiyatroda birbirine roller y\u00fckl\u00fcyor gibiler.T\u00fcm bu \u00e7eli\u015fkilere ra\u011fmen  ya\u015fanan bunca ac\u0131lara ra\u011fmen halen d\u00fcnyan\u0131n bilimle ve teknolojiyle daha iyiye gitti\u011fini ,sava\u015flar\u0131n 20.y\u00fczy\u0131la k\u0131yasland\u0131\u011f\u0131nda daha azald\u0131\u011f\u0131n\u0131 s\u00f6yleyenler bu a\u00e7\u0131k hava tiyatrosunda hangi rol\u00fc oynamaktad\u0131rlar ?T\u00fcm bunlar yetmiyormu\u015f gibi insanlara zarar veren t\u00fcm d\u00fc\u015f\u00fcnce ekolleri ,bilimi kutsayarak insan\u0131 maddeye hapseden ideoloji  ve  teoriler ,ayd\u0131nlanman\u0131n bir umut ,yaralar\u0131 kapatan bir merhem olma yoluyla ortaya \u00e7\u0131k\u0131p tarihin en b\u00fcy\u00fck facialar\u0131na d\u00f6n\u00fc\u015fmesini nas\u0131l a\u00e7\u0131klayabilirler?Bilimin Kapitalistlerin elinde vah\u015fi bir canavara d\u00f6n\u00fc\u015ft\u00fcr\u00fclmesi nas\u0131l g\u00f6rm\u00fcyor \/ g\u00f6remiyorlar ?Modern insanlar olarak geldi\u011fimiz  d\u00fcnyada halen \u00fcst\u00fcnl\u00fck alg\u0131lay\u0131\u015f\u0131m\u0131z\u0131 ve t\u00fcm bunlar\u0131n insanlara verdi\u011fi zarar\u0131 g\u00f6rmemek herhalde Platon &#8216;un ma\u011fara alegorisindeki gibi ger\u00e7eklik alg\u0131m\u0131z\u0131n yitirilmesiyle m\u00fcmk\u00fcn olabilir.<\/p>\n","protected":false},"excerpt":{"rendered":"<p>D\u00fcnya bir a\u00e7\u0131k hava tiyatrosu olmal\u0131 .Sanki insanlar bu tiyatroda birbirine roller y\u00fckl\u00fcyor gibiler.T\u00fcm bu \u00e7eli\u015fkilere ra\u011fmen ya\u015fanan bunca ac\u0131lara ra\u011fmen halen d\u00fcnyan\u0131n bilimle ve teknolojiyle<span class=\"excerpt-hellip\"> [\u2026]<\/span><\/p>\n","protected":false},"featured_media":0,"template":"","meta":{"_monsterinsights_skip_tracking":false,"_monsterinsights_sitenote_active":false,"_monsterinsights_sitenote_note":"","_monsterinsights_sitenote_category":0},"product_brand":[],"product_cat":[20351,12388],"product_tag":[],"class_list":{"0":"post-728826","1":"product","2":"type-product","3":"status-publish","5":"product_cat-dusunce","6":"product_cat-felsefe","7":"pa_cilt-ciltsiz","8":"pa_tur-kitap","9":"pa_yayinevi-kirmizi-cati-yayinlari","10":"pa_yazar-ahmet-ozkaya","12":"first","13":"instock","14":"sale","15":"shipping-taxable","16":"purchasable","17":"product-type-simple"},"_links":{"self":[{"href":"https:\/\/roveyayinevi.com.tr\/index.php\/wp-json\/wp\/v2\/product\/728826","targetHints":{"allow":["GET"]}}],"collection":[{"href":"https:\/\/roveyayinevi.com.tr\/index.php\/wp-json\/wp\/v2\/product"}],"about":[{"href":"https:\/\/roveyayinevi.com.tr\/index.php\/wp-json\/wp\/v2\/types\/product"}],"wp:attachment":[{"href":"https:\/\/roveyayinevi.com.tr\/index.php\/wp-json\/wp\/v2\/media?parent=728826"}],"wp:term":[{"taxonomy":"product_brand","embeddable":true,"href":"https:\/\/roveyayinevi.com.tr\/index.php\/wp-json\/wp\/v2\/product_brand?post=728826"},{"taxonomy":"product_cat","embeddable":true,"href":"https:\/\/roveyayinevi.com.tr\/index.php\/wp-json\/wp\/v2\/product_cat?post=728826"},{"taxonomy":"product_tag","embeddable":true,"href":"https:\/\/roveyayinevi.com.tr\/index.php\/wp-json\/wp\/v2\/product_tag?post=728826"}],"curies":[{"name":"wp","href":"https:\/\/api.w.org\/{rel}","templated":true}]}}