{"id":728824,"date":"2025-08-27T20:45:37","date_gmt":"2025-08-27T17:45:37","guid":{"rendered":"https:\/\/roveyayinevi.com.tr\/index.php\/urun\/tkt-takiye-kumpas-tasfiye\/"},"modified":"2026-04-12T02:43:51","modified_gmt":"2026-04-11T23:43:51","slug":"tkt-takiye-kumpas-tasfiye","status":"publish","type":"product","link":"https:\/\/roveyayinevi.com.tr\/index.php\/urun\/tkt-takiye-kumpas-tasfiye\/","title":{"rendered":"TKT Takiye-Kumpas-Tasfiye"},"content":{"rendered":"<p>Fe tullah\u00e7\u0131 Te r\u00f6r \u00d6rg\u00fct\u00fc (FE T\u00d6); \u2019gizlilik\u2019, \u2018takiye\u2019 ve \u2018kat\u0131 hiyerar\u015fik disiplin\u2019 uygulayarak in\u015fa edilen ve i\u00e7inde bar\u0131nd\u0131\u011f\u0131 toplumun din\u00ee, mill\u00ee ve k\u00fclt\u00fcrel kodlar\u0131n\u0131 maske olarak kullanan, t\u00fcm de\u011fer yarg\u0131lar\u0131n\u0131 manip\u00fcle eden illegal bir yap\u0131lanmad\u0131r.Bilgi\/belge s\u0131zd\u0131rmak veya de\u015fifre olmamak amac\u0131yla, farkl\u0131 takiyecilik tarzlar\u0131 geli\u015ftiren \u00f6rg\u00fct,\u2019renklendirme\u2019 ad\u0131n\u0131 verdi\u011fi, y\u00f6ntem ile muhalif topluluklar\u0131n i\u00e7ine s\u0131zd\u0131\u011f\u0131 gibi, h\u00fck\u00fcmet yanl\u0131s\u0131 gruplar\u0131n i\u00e7inde de yer alm\u0131\u015ft\u0131r. Ba\u015fka bir takiye y\u00f6ntemi olan \u2018renksizlik\u2019 i\u00e7in ise \u00f6rg\u00fctle ba\u011flant\u0131s\u0131 bilinen hi\u00e7bir kuruma ve olu\u015fuma d\u00e2hil edilmemi\u015f, hi\u00e7bir yap\u0131ya s\u0131zmam\u0131\u015f, ba\u011flant\u0131s\u0131z gibi g\u00f6r\u00fcnen \u00f6rg\u00fct mensuplar\u0131n\u0131 kullanm\u0131\u015ft\u0131r.Ara\u015ft\u0131rmac\u0131 gazeteci Kemal G\u00fcm\u00fc\u015f bu kitapta, FE T\u00d6 militanlar\u0131n\u0131n takiye ile nerelere ula\u015ft\u0131klar\u0131n\u0131, sosyal hayat ve b\u00fcrokraside ger\u00e7ekle\u015ftirdi\u011fi kumpaslar ile tasfiyeleri somut \u00f6rnekleri ve belgeleriyle ele al\u0131yor<\/p>\n","protected":false},"excerpt":{"rendered":"<p>Fe tullah\u00e7\u0131 Te r\u00f6r \u00d6rg\u00fct\u00fc (FE T\u00d6); \u2019gizlilik\u2019, \u2018takiye\u2019 ve \u2018kat\u0131 hiyerar\u015fik disiplin\u2019 uygulayarak in\u015fa edilen ve i\u00e7inde bar\u0131nd\u0131\u011f\u0131 toplumun din\u00ee, mill\u00ee ve k\u00fclt\u00fcrel kodlar\u0131n\u0131 maske<span class=\"excerpt-hellip\"> [\u2026]<\/span><\/p>\n","protected":false},"featured_media":0,"template":"","meta":{"_monsterinsights_skip_tracking":false,"_monsterinsights_sitenote_active":false,"_monsterinsights_sitenote_note":"","_monsterinsights_sitenote_category":0},"product_brand":[],"product_cat":[16058,12337],"product_tag":[],"class_list":{"0":"post-728824","1":"product","2":"type-product","3":"status-publish","5":"product_cat-kurumlar-orgutler","6":"product_cat-politika-siyaset","7":"pa_cilt-ciltsiz","8":"pa_tur-kitap","9":"pa_yayinevi-kopernik-kitap","10":"pa_yazar-kemal-gumus","12":"first","13":"instock","14":"sale","15":"shipping-taxable","16":"purchasable","17":"product-type-simple"},"_links":{"self":[{"href":"https:\/\/roveyayinevi.com.tr\/index.php\/wp-json\/wp\/v2\/product\/728824","targetHints":{"allow":["GET"]}}],"collection":[{"href":"https:\/\/roveyayinevi.com.tr\/index.php\/wp-json\/wp\/v2\/product"}],"about":[{"href":"https:\/\/roveyayinevi.com.tr\/index.php\/wp-json\/wp\/v2\/types\/product"}],"wp:attachment":[{"href":"https:\/\/roveyayinevi.com.tr\/index.php\/wp-json\/wp\/v2\/media?parent=728824"}],"wp:term":[{"taxonomy":"product_brand","embeddable":true,"href":"https:\/\/roveyayinevi.com.tr\/index.php\/wp-json\/wp\/v2\/product_brand?post=728824"},{"taxonomy":"product_cat","embeddable":true,"href":"https:\/\/roveyayinevi.com.tr\/index.php\/wp-json\/wp\/v2\/product_cat?post=728824"},{"taxonomy":"product_tag","embeddable":true,"href":"https:\/\/roveyayinevi.com.tr\/index.php\/wp-json\/wp\/v2\/product_tag?post=728824"}],"curies":[{"name":"wp","href":"https:\/\/api.w.org\/{rel}","templated":true}]}}