{"id":728821,"date":"2025-08-27T20:45:34","date_gmt":"2025-08-27T17:45:34","guid":{"rendered":"https:\/\/roveyayinevi.com.tr\/index.php\/urun\/miyav-miyav-modaevi-eglence-parki\/"},"modified":"2026-04-16T02:36:38","modified_gmt":"2026-04-15T23:36:38","slug":"miyav-miyav-modaevi-eglence-parki","status":"publish","type":"product","link":"https:\/\/roveyayinevi.com.tr\/index.php\/urun\/miyav-miyav-modaevi-eglence-parki\/","title":{"rendered":"Miyav Miyav Modaevi &#8211; E\u011flence Park\u0131"},"content":{"rendered":"<p>Leia, Emma ve Anna her \u015feyi birlikte yapan \u00fc\u00e7 en yak\u0131n arkada\u015f. Bu kez birlikte e\u011flence park\u0131na gidiyorlar. D\u00fcnyan\u0131n en M\u0130YAV ve en renkli foto\u011fraf \u00e7ekimlerini yapmak i\u00e7in e\u015fsiz bir yer. K\u0131zlar\u0131n foto\u011fraf \u00e7ekimi i\u00e7in haz\u0131rlanmalar\u0131na yard\u0131m et: k\u0131yafetleri en g\u00fczel \u015fekilde kombinle ve onlar\u0131 uygun aksesuarlarla tamamla. E\u011fer ihtiyac\u0131n olan ba\u015fka \u015feyler olursa, serinin M\u0130YAVtastik maceralarla dolu di\u011fer kitaplar\u0131ndaki giysiler de k\u0131zlar\u0131n \u00fczerine \u00e7ok yak\u0131\u015facakt\u0131r. M\u0130YAV Modaevi&#8217;nde s\u0131k\u0131lmaya yer yok! <\/p>\n","protected":false},"excerpt":{"rendered":"<p>Leia, Emma ve Anna her \u015feyi birlikte yapan \u00fc\u00e7 en yak\u0131n arkada\u015f. Bu kez birlikte e\u011flence park\u0131na gidiyorlar. D\u00fcnyan\u0131n en M\u0130YAV ve en renkli foto\u011fraf \u00e7ekimlerini<span class=\"excerpt-hellip\"> [\u2026]<\/span><\/p>\n","protected":false},"featured_media":0,"template":"","meta":{"_monsterinsights_skip_tracking":false,"_monsterinsights_sitenote_active":false,"_monsterinsights_sitenote_note":"","_monsterinsights_sitenote_category":0},"product_brand":[],"product_cat":[12913,12274],"product_tag":[],"class_list":{"0":"post-728821","1":"product","2":"type-product","3":"status-publish","5":"product_cat-3-6-yas-kitaplari","6":"product_cat-cocuk-ve-genclik-kitaplari","7":"pa_cilt-ciltsiz","8":"pa_tur-kitap","9":"pa_yayinevi-eksik-parca-yayinlari","10":"pa_yazar-zivile-agurkyte","12":"first","13":"instock","14":"sale","15":"shipping-taxable","16":"purchasable","17":"product-type-simple"},"_links":{"self":[{"href":"https:\/\/roveyayinevi.com.tr\/index.php\/wp-json\/wp\/v2\/product\/728821","targetHints":{"allow":["GET"]}}],"collection":[{"href":"https:\/\/roveyayinevi.com.tr\/index.php\/wp-json\/wp\/v2\/product"}],"about":[{"href":"https:\/\/roveyayinevi.com.tr\/index.php\/wp-json\/wp\/v2\/types\/product"}],"wp:attachment":[{"href":"https:\/\/roveyayinevi.com.tr\/index.php\/wp-json\/wp\/v2\/media?parent=728821"}],"wp:term":[{"taxonomy":"product_brand","embeddable":true,"href":"https:\/\/roveyayinevi.com.tr\/index.php\/wp-json\/wp\/v2\/product_brand?post=728821"},{"taxonomy":"product_cat","embeddable":true,"href":"https:\/\/roveyayinevi.com.tr\/index.php\/wp-json\/wp\/v2\/product_cat?post=728821"},{"taxonomy":"product_tag","embeddable":true,"href":"https:\/\/roveyayinevi.com.tr\/index.php\/wp-json\/wp\/v2\/product_tag?post=728821"}],"curies":[{"name":"wp","href":"https:\/\/api.w.org\/{rel}","templated":true}]}}