{"id":728820,"date":"2025-08-27T20:45:33","date_gmt":"2025-08-27T17:45:33","guid":{"rendered":"https:\/\/roveyayinevi.com.tr\/index.php\/urun\/miyav-miyav-modaevi-arkadaslarla-bir-gun\/"},"modified":"2026-04-16T02:36:38","modified_gmt":"2026-04-15T23:36:38","slug":"miyav-miyav-modaevi-arkadaslarla-bir-gun","status":"publish","type":"product","link":"https:\/\/roveyayinevi.com.tr\/index.php\/urun\/miyav-miyav-modaevi-arkadaslarla-bir-gun\/","title":{"rendered":"Miyav Miyav Modaevi &#8211; Arkada\u015flarla Bir G\u00fcn"},"content":{"rendered":"<p>Leia, Emma ve Anna her \u015feyi birlikte yapan \u00fc\u00e7 en yak\u0131n arkada\u015f. Birlikte s\u00fcsleniyor, al\u0131\u015fveri\u015fe \u00e7\u0131k\u0131yor ve k\u00fc\u00e7\u00fck yavru k\u00f6peklerini gezintiye \u00e7\u0131kart\u0131yorlar. Sen de onlara kat\u0131l ve M\u0130YAV Modaevi&#8217;nde tasar\u0131mc\u0131 ol! Bu \u00fc\u00e7 arkada\u015fa giyinmeleri konusunda yard\u0131mc\u0131 ol: k\u0131yafetlerini ve onlara uygun aksesuarlar\u0131 se\u00e7. M\u0130YAV Modaevi sayesinde bir daha hi\u00e7 s\u0131k\u0131lmayacaks\u0131n!<\/p>\n","protected":false},"excerpt":{"rendered":"<p>Leia, Emma ve Anna her \u015feyi birlikte yapan \u00fc\u00e7 en yak\u0131n arkada\u015f. Birlikte s\u00fcsleniyor, al\u0131\u015fveri\u015fe \u00e7\u0131k\u0131yor ve k\u00fc\u00e7\u00fck yavru k\u00f6peklerini gezintiye \u00e7\u0131kart\u0131yorlar. Sen de onlara kat\u0131l<span class=\"excerpt-hellip\"> [\u2026]<\/span><\/p>\n","protected":false},"featured_media":0,"template":"","meta":{"_monsterinsights_skip_tracking":false,"_monsterinsights_sitenote_active":false,"_monsterinsights_sitenote_note":"","_monsterinsights_sitenote_category":0},"product_brand":[],"product_cat":[12913,12274],"product_tag":[],"class_list":{"0":"post-728820","1":"product","2":"type-product","3":"status-publish","5":"product_cat-3-6-yas-kitaplari","6":"product_cat-cocuk-ve-genclik-kitaplari","7":"pa_cilt-ciltsiz","8":"pa_tur-kitap","9":"pa_yayinevi-eksik-parca-yayinlari","10":"pa_yazar-zivile-agurkyte","12":"first","13":"instock","14":"sale","15":"shipping-taxable","16":"purchasable","17":"product-type-simple"},"_links":{"self":[{"href":"https:\/\/roveyayinevi.com.tr\/index.php\/wp-json\/wp\/v2\/product\/728820","targetHints":{"allow":["GET"]}}],"collection":[{"href":"https:\/\/roveyayinevi.com.tr\/index.php\/wp-json\/wp\/v2\/product"}],"about":[{"href":"https:\/\/roveyayinevi.com.tr\/index.php\/wp-json\/wp\/v2\/types\/product"}],"wp:attachment":[{"href":"https:\/\/roveyayinevi.com.tr\/index.php\/wp-json\/wp\/v2\/media?parent=728820"}],"wp:term":[{"taxonomy":"product_brand","embeddable":true,"href":"https:\/\/roveyayinevi.com.tr\/index.php\/wp-json\/wp\/v2\/product_brand?post=728820"},{"taxonomy":"product_cat","embeddable":true,"href":"https:\/\/roveyayinevi.com.tr\/index.php\/wp-json\/wp\/v2\/product_cat?post=728820"},{"taxonomy":"product_tag","embeddable":true,"href":"https:\/\/roveyayinevi.com.tr\/index.php\/wp-json\/wp\/v2\/product_tag?post=728820"}],"curies":[{"name":"wp","href":"https:\/\/api.w.org\/{rel}","templated":true}]}}