{"id":728819,"date":"2025-08-27T20:45:32","date_gmt":"2025-08-27T17:45:32","guid":{"rendered":"https:\/\/roveyayinevi.com.tr\/index.php\/urun\/yazinsal-nesneler\/"},"modified":"2026-04-16T02:36:38","modified_gmt":"2026-04-15T23:36:38","slug":"yazinsal-nesneler","status":"publish","type":"product","link":"https:\/\/roveyayinevi.com.tr\/index.php\/urun\/yazinsal-nesneler\/","title":{"rendered":"Yaz\u0131nsal Nesneler"},"content":{"rendered":"<p>Edebiyat yazma \u00fczerine d\u00fc\u015f\u00fcnmeye, edebiyat fikrini  yeniden ele almaya niyetlenmi\u015f, \u015fiir kitab\u0131 oylumuna s\u0131k\u0131 s\u0131k\u0131ya konu\u015flanarak bir yaz\u0131nsal yan\u0131lsama alan\u0131 a\u00e7an  Yaz\u0131nsal Nesneler edebiyat yazma\u2019ya vurgu yaparken yazma u\u011fra\u015f\u0131 \u00fczerine d\u00fc\u015f\u00fcnmede edeb\u00ee t\u00fcrlerin ebed\u00ee olmad\u0131\u011f\u0131n\u0131 da an\u0131\u015ft\u0131rarak ayak diriyor. Hik\u00e2ye anlatmaks\u0131z\u0131n, edebiyat\u0131n bir t\u00fcr\u00fcne, \u015fiir, \u00f6yk\u00fc, roman\u0131n verimlerine, olanaklar\u0131na tenezz\u00fcl ve elbette k\u0131s\u0131tlamalar\u0131na, s\u0131n\u0131rlamalar\u0131na tahamm\u00fcl etmeksizin de edebiyat yaz\u0131labilece\u011fini g\u00f6steren bir yaz\u0131nsal zihin hareketi Yaz\u0131nsal Nesneler.   \u201cRomans\u0131 olan\u0131 seviyorum, ama roman\u0131n \u00f6ld\u00fc\u011f\u00fcn\u00fc biliyorum.\u201d &#8211; Roland Barthes \u201cBelki roman\u0131n kendisi de \u00f6yk\u00fcleme (anlatma) olarak \u00f6lmek \u00fczeredir art\u0131k. En az\u0131ndan Bat\u0131\u2019n\u0131n k\u00fclt\u00fcr alan\u0131nda, belirlenebilir bir tarihsel \u00fcslup sunmu\u015f birikimsel deneyimin g\u00fcn\u00fcm\u00fczde \u00f6lmekte oldu\u011fu g\u00f6r\u00fc\u015f\u00fcn\u00fc ger\u00e7ekten hi\u00e7bir \u015fey d\u0131\u015flayamaz.\u201d &#8211; Paul Ricoeur <\/p>\n","protected":false},"excerpt":{"rendered":"<p>Edebiyat yazma \u00fczerine d\u00fc\u015f\u00fcnmeye, edebiyat fikrini yeniden ele almaya niyetlenmi\u015f, \u015fiir kitab\u0131 oylumuna s\u0131k\u0131 s\u0131k\u0131ya konu\u015flanarak bir yaz\u0131nsal yan\u0131lsama alan\u0131 a\u00e7an Yaz\u0131nsal Nesneler edebiyat yazma\u2019ya vurgu<span class=\"excerpt-hellip\"> [\u2026]<\/span><\/p>\n","protected":false},"featured_media":0,"template":"","meta":{"_monsterinsights_skip_tracking":false,"_monsterinsights_sitenote_active":false,"_monsterinsights_sitenote_note":"","_monsterinsights_sitenote_category":0},"product_brand":[],"product_cat":[18545,12291],"product_tag":[],"class_list":{"0":"post-728819","1":"product","2":"type-product","3":"status-publish","5":"product_cat-anlati","6":"product_cat-edebiyat","7":"pa_cilt-ciltsiz","8":"pa_tur-kitap","9":"pa_yayinevi-luna-yayinlari","10":"pa_yazar-ilyaz-bingul","12":"first","13":"instock","14":"sale","15":"shipping-taxable","16":"purchasable","17":"product-type-simple"},"_links":{"self":[{"href":"https:\/\/roveyayinevi.com.tr\/index.php\/wp-json\/wp\/v2\/product\/728819","targetHints":{"allow":["GET"]}}],"collection":[{"href":"https:\/\/roveyayinevi.com.tr\/index.php\/wp-json\/wp\/v2\/product"}],"about":[{"href":"https:\/\/roveyayinevi.com.tr\/index.php\/wp-json\/wp\/v2\/types\/product"}],"wp:attachment":[{"href":"https:\/\/roveyayinevi.com.tr\/index.php\/wp-json\/wp\/v2\/media?parent=728819"}],"wp:term":[{"taxonomy":"product_brand","embeddable":true,"href":"https:\/\/roveyayinevi.com.tr\/index.php\/wp-json\/wp\/v2\/product_brand?post=728819"},{"taxonomy":"product_cat","embeddable":true,"href":"https:\/\/roveyayinevi.com.tr\/index.php\/wp-json\/wp\/v2\/product_cat?post=728819"},{"taxonomy":"product_tag","embeddable":true,"href":"https:\/\/roveyayinevi.com.tr\/index.php\/wp-json\/wp\/v2\/product_tag?post=728819"}],"curies":[{"name":"wp","href":"https:\/\/api.w.org\/{rel}","templated":true}]}}