{"id":728818,"date":"2025-08-27T20:45:31","date_gmt":"2025-08-27T17:45:31","guid":{"rendered":"https:\/\/roveyayinevi.com.tr\/index.php\/urun\/belirme-yordamlari\/"},"modified":"2026-04-16T02:36:38","modified_gmt":"2026-04-15T23:36:38","slug":"belirme-yordamlari","status":"publish","type":"product","link":"https:\/\/roveyayinevi.com.tr\/index.php\/urun\/belirme-yordamlari\/","title":{"rendered":"Belirme Yordamlar\u0131"},"content":{"rendered":"<p>Dil-\u00f6ncesi g\u00f6r\u00fcnt\u00fclerle, izlerle, i\u015faretler, resimler, alanlar, \u00e7er\u00e7evelerle, sesler ve kokularla d\u00fc\u015f\u00fcn\u00fcp eyleyi\u015ften, bu\u2019lar yordam\u0131yla edeb\u00ee-olan\u2019\u0131 yeni yeni deneyimleyi\u015fe, bilin\u00e7 spektrumunun otistik evresinden edeb\u00ee-olan evresine uzanan bir \u201cyol hik\u00e2yesi\u201d. G\u00f6r\u00fcnt\u00fclerin g\u00f6r\u00fclt\u00fclerle harmanland\u0131\u011f\u0131, belirme yordamlar\u0131ndan sadece biri, edeb\u00ee-olan\u2019\u0131n beliri\u015fi.   \u201c (&#8230;) derken kendini ko\u015far bir d\u00fcnyan\u0131n i\u00e7inde buldu \u2013\u00e7evreni de onunla birlikte ko\u015fuyordu, ko\u015ftuk\u00e7a \u00e7evreni de\u011fi\u015fiyor, \u00e7evreni de\u011fi\u015ftik\u00e7e kendisi de de\u011fi\u015fiyordu: ad\u0131na ula\u015fmak isteyen bir hayvana.\u201d <\/p>\n","protected":false},"excerpt":{"rendered":"<p>Dil-\u00f6ncesi g\u00f6r\u00fcnt\u00fclerle, izlerle, i\u015faretler, resimler, alanlar, \u00e7er\u00e7evelerle, sesler ve kokularla d\u00fc\u015f\u00fcn\u00fcp eyleyi\u015ften, bu\u2019lar yordam\u0131yla edeb\u00ee-olan\u2019\u0131 yeni yeni deneyimleyi\u015fe, bilin\u00e7 spektrumunun otistik evresinden edeb\u00ee-olan evresine uzanan bir<span class=\"excerpt-hellip\"> [\u2026]<\/span><\/p>\n","protected":false},"featured_media":0,"template":"","meta":{"_monsterinsights_skip_tracking":false,"_monsterinsights_sitenote_active":false,"_monsterinsights_sitenote_note":"","_monsterinsights_sitenote_category":0},"product_brand":[],"product_cat":[18545,12291],"product_tag":[],"class_list":{"0":"post-728818","1":"product","2":"type-product","3":"status-publish","5":"product_cat-anlati","6":"product_cat-edebiyat","7":"pa_cilt-ciltsiz","8":"pa_tur-kitap","9":"pa_yayinevi-luna-yayinlari","10":"pa_yazar-ilyaz-bingul","12":"first","13":"instock","14":"sale","15":"shipping-taxable","16":"purchasable","17":"product-type-simple"},"_links":{"self":[{"href":"https:\/\/roveyayinevi.com.tr\/index.php\/wp-json\/wp\/v2\/product\/728818","targetHints":{"allow":["GET"]}}],"collection":[{"href":"https:\/\/roveyayinevi.com.tr\/index.php\/wp-json\/wp\/v2\/product"}],"about":[{"href":"https:\/\/roveyayinevi.com.tr\/index.php\/wp-json\/wp\/v2\/types\/product"}],"wp:attachment":[{"href":"https:\/\/roveyayinevi.com.tr\/index.php\/wp-json\/wp\/v2\/media?parent=728818"}],"wp:term":[{"taxonomy":"product_brand","embeddable":true,"href":"https:\/\/roveyayinevi.com.tr\/index.php\/wp-json\/wp\/v2\/product_brand?post=728818"},{"taxonomy":"product_cat","embeddable":true,"href":"https:\/\/roveyayinevi.com.tr\/index.php\/wp-json\/wp\/v2\/product_cat?post=728818"},{"taxonomy":"product_tag","embeddable":true,"href":"https:\/\/roveyayinevi.com.tr\/index.php\/wp-json\/wp\/v2\/product_tag?post=728818"}],"curies":[{"name":"wp","href":"https:\/\/api.w.org\/{rel}","templated":true}]}}