{"id":728816,"date":"2025-08-27T20:45:29","date_gmt":"2025-08-27T17:45:29","guid":{"rendered":"https:\/\/roveyayinevi.com.tr\/index.php\/urun\/siyasi-ve-kulturel-islam-tarihi-ciltli\/"},"modified":"2026-04-16T02:36:38","modified_gmt":"2026-04-15T23:36:38","slug":"siyasi-ve-kulturel-islam-tarihi-ciltli","status":"publish","type":"product","link":"https:\/\/roveyayinevi.com.tr\/index.php\/urun\/siyasi-ve-kulturel-islam-tarihi-ciltli\/","title":{"rendered":"Siyasi ve K\u00fclt\u00fcrel &#8211; \u0130slam Tarihi (Ciltli)"},"content":{"rendered":"<p>Arap co\u011frafyas\u0131 ve onun jeolojik bir par\u00e7as\u0131 olan Mezopotamya&#8217;y\u0131; bedevilerden \u015feyhlere, hurmadan deveye, buhurdan alt\u0131na kadar t\u00fcm unsurlar\u0131yla ele alan Hitti, \u0130slam&#8217;\u0131n Arap yar\u0131madas\u0131, Afrika, Asya ve Avrupa&#8217;daki izlerini s\u00fcr\u00fcyor ve vahyin bi\u00e7imlendirdi\u011fi topraklardaki \u0130slam&#8217;\u0131n k\u00fclt\u00fcrel, felsefi ve siyasi birikimine de\u011finiyor. Bir arkeolog titizli\u011finde \u0130slam Tarihi&#8217;nin alt\u0131nda yatan t\u00fcm unsurlar\u0131 ortaya \u00e7\u0131karma gayretiyle mekan \u00fczerinden din, dil, edebiyat-\u015fiir, musiki, \u015fehir, antik kent mimarileri, eski inan\u00e7 yap\u0131lar\u0131 ile \u00fclkelerini ele al\u0131yor. Polemiklerden sak\u0131narak mahir bir kuyumcu titizli\u011finde tarih anlat\u0131m\u0131nda bulunan Hitti, \u0130slam Medeniyetini tarihi co\u011frafi, siyasi, k\u00fclt\u00fcrel ve felsefi ba\u011flamda ele alarak sadece bir tarih yaz\u0131m\u0131 ger\u00e7ekle\u015ftirmemi\u015f, ayn\u0131 zamanda t\u00fcm sosyal bilimleri mezceden esasl\u0131 bir k\u00fclt\u00fcr tarihi eseri yazm\u0131\u015ft\u0131r.Do\u00e7. Dr. Ahmet Da\u011f (Uluda\u011f \u00dcniversitesi)Philip Khuri Hitti&#8217;nin eserini kaleme al\u0131\u015f\u0131n\u0131n \u00fczerinden y\u00fcz y\u0131la yak\u0131n bir zaman ge\u00e7mesine ve konu \u00fczerine daha bir\u00e7ok eser yaz\u0131lmas\u0131na ra\u011fmen, o hala de\u011ferinden bir \u015fey kaybetmemi\u015ftir. Hitti&#8217;nin k\u00f6keninin Arap olu\u015fu, o co\u011frafyaya aidiyeti ve Arap k\u00fclt\u00fcr\u00fcne vak\u0131f olmas\u0131 meseleye vuk-c\u0131fiyetini kolayla\u015ft\u0131rm\u0131\u015f, ancak H\u0131ristiyanl\u0131\u011f\u0131 ve ya\u015fad\u0131\u011f\u0131 zaman\u0131n ruhuyla m\u00fctenasip bir \u015fekilde \u0130slam tarihine Arap milliyet\u00e7ili\u011fi nokta-i nazar\u0131ndan yakla\u015fmas\u0131 bir handikap olu\u015fturmu\u015ftur. Eserin ak\u0131c\u0131 \u00fcslubu ve anlat\u0131m\u0131ndaki kolayl\u0131k, \u0130slam tarihi dersini okuyan \u00f6\u011frenciler kadar, entelekt\u00fcel birikimini art\u0131rmak isteyenleri de cezbeder. Eser, &#8220;Araplar\u0131n Tarihi&#8221; olarak adland\u0131r\u0131lm\u0131\u015f olsa da d\u00fcnya tarihinin \u00f6nemli bir kesitini kapsayan &#8220;\u0130slam Tarihi&#8221;ni anlat\u0131r. Prof. Dr. Salih Tu\u011f taraf\u0131ndan T\u00fcrk\u00e7eye, \u00e7evrilen Hitti&#8217;nin eserinin g\u00fcn\u00fcm_\u00fcz okuruyla yeniden bulu\u015fturulmas\u0131 her t\u00fcrl\u00fc takdirin \u00fczerindedirDo\u00e7. Dr. \u015eefaattin Deniz (Kocaeli \u00dcniversitesi)<\/p>\n","protected":false},"excerpt":{"rendered":"<p>Arap co\u011frafyas\u0131 ve onun jeolojik bir par\u00e7as\u0131 olan Mezopotamya&#8217;y\u0131; bedevilerden \u015feyhlere, hurmadan deveye, buhurdan alt\u0131na kadar t\u00fcm unsurlar\u0131yla ele alan Hitti, \u0130slam&#8217;\u0131n Arap yar\u0131madas\u0131, Afrika, Asya<span class=\"excerpt-hellip\"> [\u2026]<\/span><\/p>\n","protected":false},"featured_media":0,"template":"","meta":{"_monsterinsights_skip_tracking":false,"_monsterinsights_sitenote_active":false,"_monsterinsights_sitenote_note":"","_monsterinsights_sitenote_category":0},"product_brand":[],"product_cat":[12718,12719,18109],"product_tag":[],"class_list":{"0":"post-728816","1":"product","2":"type-product","3":"status-publish","5":"product_cat-din","6":"product_cat-islam","7":"product_cat-islam-tarihi","8":"pa_cilt-ciltli","9":"pa_tur-kitap","10":"pa_yayinevi-bilge-kultur-sanat","11":"pa_yazar-philip-k-hitti","13":"first","14":"instock","15":"sale","16":"shipping-taxable","17":"purchasable","18":"product-type-simple"},"_links":{"self":[{"href":"https:\/\/roveyayinevi.com.tr\/index.php\/wp-json\/wp\/v2\/product\/728816","targetHints":{"allow":["GET"]}}],"collection":[{"href":"https:\/\/roveyayinevi.com.tr\/index.php\/wp-json\/wp\/v2\/product"}],"about":[{"href":"https:\/\/roveyayinevi.com.tr\/index.php\/wp-json\/wp\/v2\/types\/product"}],"wp:attachment":[{"href":"https:\/\/roveyayinevi.com.tr\/index.php\/wp-json\/wp\/v2\/media?parent=728816"}],"wp:term":[{"taxonomy":"product_brand","embeddable":true,"href":"https:\/\/roveyayinevi.com.tr\/index.php\/wp-json\/wp\/v2\/product_brand?post=728816"},{"taxonomy":"product_cat","embeddable":true,"href":"https:\/\/roveyayinevi.com.tr\/index.php\/wp-json\/wp\/v2\/product_cat?post=728816"},{"taxonomy":"product_tag","embeddable":true,"href":"https:\/\/roveyayinevi.com.tr\/index.php\/wp-json\/wp\/v2\/product_tag?post=728816"}],"curies":[{"name":"wp","href":"https:\/\/api.w.org\/{rel}","templated":true}]}}